{"id":19953,"date":"2026-03-17T17:38:21","date_gmt":"2026-03-17T17:38:21","guid":{"rendered":"https:\/\/para-mirava.ma\/?product=svr-ampoule-refresh-concentre-yeux-day-15ml-2"},"modified":"2026-03-17T19:00:02","modified_gmt":"2026-03-17T19:00:02","slug":"svr-ampoule-refresh-concentre-yeux-day-15ml-2","status":"publish","type":"product","link":"https:\/\/para-mirava.ma\/?product=svr-ampoule-refresh-concentre-yeux-day-15ml-2","title":{"rendered":"SVR AMPOULE REFRESH CONCENTRE YEUX DAY 15ML"},"content":{"rendered":"<p>Ce s\u00e9rum matinal ultra-frais va r\u00e9veiller, tonifier et lisser le contour des yeux. Sa formule, enrichie en caf\u00e9ine, stimule le regard, favorise la micro-circulation et d\u00e9congestionne pour agir sur les cernes et les poches. Enrichie en peptides et acide hyaluronique, le contour des yeux est liss\u00e9, raffermi et hydrat\u00e9, pr\u00eat pour affronter la journ\u00e9e. Son vrai plus, son packaging innovant ! Sa pipette massante m\u00e9tallique permet de d\u00e9livrer le produit sur la zone souhait\u00e9e et de masser avec un effet frais imm\u00e9diat pour maximiser l&#8217;efficacit\u00e9 anti-poches, anti-cernes.<\/p>\n","protected":false},"excerpt":{"rendered":"<p>Ce s\u00e9rum matinal ultra-frais va r\u00e9veiller, tonifier et lisser le contour des yeux. Sa formule, enrichie en caf\u00e9ine, stimule le regard, favorise la micro-circulation et d\u00e9congestionne pour agir sur les cernes et les poches. Enrichie en peptides et acide hyaluronique, le contour des yeux est liss\u00e9, raffermi et hydrat\u00e9, pr\u00eat pour affronter la journ\u00e9e. Son [&hellip;]<\/p>\n","protected":false},"featured_media":19952,"template":"","meta":[],"product_brand":[175],"product_cat":[15,138],"product_tag":[],"class_list":{"0":"post-19953","1":"product","2":"type-product","3":"status-publish","4":"has-post-thumbnail","6":"product_brand-svr","7":"product_cat-tout","8":"product_cat-svr","9":"ts_product_brand-svr","11":"first","12":"instock","13":"sale","14":"shipping-taxable","15":"purchasable","16":"product-type-simple"},"_links":{"self":[{"href":"https:\/\/para-mirava.ma\/index.php?rest_route=\/wp\/v2\/product\/19953","targetHints":{"allow":["GET"]}}],"collection":[{"href":"https:\/\/para-mirava.ma\/index.php?rest_route=\/wp\/v2\/product"}],"about":[{"href":"https:\/\/para-mirava.ma\/index.php?rest_route=\/wp\/v2\/types\/product"}],"wp:featuredmedia":[{"embeddable":true,"href":"https:\/\/para-mirava.ma\/index.php?rest_route=\/wp\/v2\/media\/19952"}],"wp:attachment":[{"href":"https:\/\/para-mirava.ma\/index.php?rest_route=%2Fwp%2Fv2%2Fmedia&parent=19953"}],"wp:term":[{"taxonomy":"product_brand","embeddable":true,"href":"https:\/\/para-mirava.ma\/index.php?rest_route=%2Fwp%2Fv2%2Fproduct_brand&post=19953"},{"taxonomy":"product_cat","embeddable":true,"href":"https:\/\/para-mirava.ma\/index.php?rest_route=%2Fwp%2Fv2%2Fproduct_cat&post=19953"},{"taxonomy":"product_tag","embeddable":true,"href":"https:\/\/para-mirava.ma\/index.php?rest_route=%2Fwp%2Fv2%2Fproduct_tag&post=19953"}],"curies":[{"name":"wp","href":"https:\/\/api.w.org\/{rel}","templated":true}]}}