{"id":19955,"date":"2026-03-17T17:38:22","date_gmt":"2026-03-17T17:38:22","guid":{"rendered":"https:\/\/para-mirava.ma\/?product=svr-ampoule-relax-concentre-yeuy-nuit-15ml"},"modified":"2026-03-17T19:00:02","modified_gmt":"2026-03-17T19:00:02","slug":"svr-ampoule-relax-concentre-yeuy-nuit-15ml","status":"publish","type":"product","link":"https:\/\/para-mirava.ma\/?product=svr-ampoule-relax-concentre-yeuy-nuit-15ml","title":{"rendered":"SVR AMPOULE RELAX CONCENTRE YEUY NUIT 15ML"},"content":{"rendered":"<p>Sa formule exclusive, enrichie en Gaba, agit comme un relaxant cutan\u00e9 pour d\u00e9froisser et tonifier la peau, le regard est d\u00e9tendu et les rides et ridules visiblement liss\u00e9es. Compl\u00e9t\u00e9e par un post-biotique, cette formule associ\u00e9e au massage va favoriser la microcirculation pour corriger significativement cernes et poches. Son vrai plus, son packaging innovant ! Sa pipette massante permet de d\u00e9livrer le produit sur la zone souhait\u00e9e et de masser avec un effet r\u00e9confortant imm\u00e9diat pour maximiser l&#8217;efficacit\u00e9 relaxante.<\/p>\n","protected":false},"excerpt":{"rendered":"<p>Sa formule exclusive, enrichie en Gaba, agit comme un relaxant cutan\u00e9 pour d\u00e9froisser et tonifier la peau, le regard est d\u00e9tendu et les rides et ridules visiblement liss\u00e9es. Compl\u00e9t\u00e9e par un post-biotique, cette formule associ\u00e9e au massage va favoriser la microcirculation pour corriger significativement cernes et poches. Son vrai plus, son packaging innovant ! Sa [&hellip;]<\/p>\n","protected":false},"featured_media":19954,"template":"","meta":[],"product_brand":[175],"product_cat":[15,138],"product_tag":[],"class_list":{"0":"post-19955","1":"product","2":"type-product","3":"status-publish","4":"has-post-thumbnail","6":"product_brand-svr","7":"product_cat-tout","8":"product_cat-svr","9":"ts_product_brand-svr","11":"first","12":"instock","13":"sale","14":"shipping-taxable","15":"purchasable","16":"product-type-simple"},"_links":{"self":[{"href":"https:\/\/para-mirava.ma\/index.php?rest_route=\/wp\/v2\/product\/19955","targetHints":{"allow":["GET"]}}],"collection":[{"href":"https:\/\/para-mirava.ma\/index.php?rest_route=\/wp\/v2\/product"}],"about":[{"href":"https:\/\/para-mirava.ma\/index.php?rest_route=\/wp\/v2\/types\/product"}],"wp:featuredmedia":[{"embeddable":true,"href":"https:\/\/para-mirava.ma\/index.php?rest_route=\/wp\/v2\/media\/19954"}],"wp:attachment":[{"href":"https:\/\/para-mirava.ma\/index.php?rest_route=%2Fwp%2Fv2%2Fmedia&parent=19955"}],"wp:term":[{"taxonomy":"product_brand","embeddable":true,"href":"https:\/\/para-mirava.ma\/index.php?rest_route=%2Fwp%2Fv2%2Fproduct_brand&post=19955"},{"taxonomy":"product_cat","embeddable":true,"href":"https:\/\/para-mirava.ma\/index.php?rest_route=%2Fwp%2Fv2%2Fproduct_cat&post=19955"},{"taxonomy":"product_tag","embeddable":true,"href":"https:\/\/para-mirava.ma\/index.php?rest_route=%2Fwp%2Fv2%2Fproduct_tag&post=19955"}],"curies":[{"name":"wp","href":"https:\/\/api.w.org\/{rel}","templated":true}]}}