{"id":19957,"date":"2026-03-17T17:38:23","date_gmt":"2026-03-17T17:38:23","guid":{"rendered":"https:\/\/para-mirava.ma\/?product=svr-clairial-ampoule-concentre-anti-taches-30ml-2"},"modified":"2026-03-17T19:00:02","modified_gmt":"2026-03-17T19:00:02","slug":"svr-clairial-ampoule-concentre-anti-taches-30ml-2","status":"publish","type":"product","link":"https:\/\/para-mirava.ma\/?product=svr-clairial-ampoule-concentre-anti-taches-30ml-2","title":{"rendered":"SVR CLAIRIAL AMPOULE CONCENTRE ANTI TACHES 30ML"},"content":{"rendered":"<p>Pour toutes les peaux sensibles. Pour tous les types de taches brunes li\u00e9es au soleil, au vieillissement cutan\u00e9, \u00e0 la grossesse, aux marques d&#8217;imperfections, au teint irr\u00e9gulier. Visage, d\u00e9collet\u00e9, mains. Adultes.<\/p>\n<p>Disponible dans votre parapharmacie en ligne www.cotepara.ma<\/p>\n<p>Clairial Ampoule corrige et r\u00e9duit visiblement les taches brunes existantes d\u00e8s 2 semaines tout en pr\u00e9venant et limitant leur r\u00e9apparition gr\u00e2ce \u00e0 sa triple action : anti-taches, anti-pollution et anti-r\u00e9cidive. Elle unifie et illumine le teint de toutes les peaux claires \u00e0 fonc\u00e9es.<\/p>\n","protected":false},"excerpt":{"rendered":"<p>Pour toutes les peaux sensibles. Pour tous les types de taches brunes li\u00e9es au soleil, au vieillissement cutan\u00e9, \u00e0 la grossesse, aux marques d&#8217;imperfections, au teint irr\u00e9gulier. Visage, d\u00e9collet\u00e9, mains. Adultes. Disponible dans votre parapharmacie en ligne www.cotepara.ma Clairial Ampoule corrige et r\u00e9duit visiblement les taches brunes existantes d\u00e8s 2 semaines tout en pr\u00e9venant et [&hellip;]<\/p>\n","protected":false},"featured_media":19956,"template":"","meta":[],"product_brand":[175],"product_cat":[15,138],"product_tag":[],"class_list":{"0":"post-19957","1":"product","2":"type-product","3":"status-publish","4":"has-post-thumbnail","6":"product_brand-svr","7":"product_cat-tout","8":"product_cat-svr","9":"ts_product_brand-svr","11":"first","12":"instock","13":"sale","14":"shipping-taxable","15":"purchasable","16":"product-type-simple"},"_links":{"self":[{"href":"https:\/\/para-mirava.ma\/index.php?rest_route=\/wp\/v2\/product\/19957","targetHints":{"allow":["GET"]}}],"collection":[{"href":"https:\/\/para-mirava.ma\/index.php?rest_route=\/wp\/v2\/product"}],"about":[{"href":"https:\/\/para-mirava.ma\/index.php?rest_route=\/wp\/v2\/types\/product"}],"wp:featuredmedia":[{"embeddable":true,"href":"https:\/\/para-mirava.ma\/index.php?rest_route=\/wp\/v2\/media\/19956"}],"wp:attachment":[{"href":"https:\/\/para-mirava.ma\/index.php?rest_route=%2Fwp%2Fv2%2Fmedia&parent=19957"}],"wp:term":[{"taxonomy":"product_brand","embeddable":true,"href":"https:\/\/para-mirava.ma\/index.php?rest_route=%2Fwp%2Fv2%2Fproduct_brand&post=19957"},{"taxonomy":"product_cat","embeddable":true,"href":"https:\/\/para-mirava.ma\/index.php?rest_route=%2Fwp%2Fv2%2Fproduct_cat&post=19957"},{"taxonomy":"product_tag","embeddable":true,"href":"https:\/\/para-mirava.ma\/index.php?rest_route=%2Fwp%2Fv2%2Fproduct_tag&post=19957"}],"curies":[{"name":"wp","href":"https:\/\/api.w.org\/{rel}","templated":true}]}}