{"id":19962,"date":"2026-03-17T17:38:27","date_gmt":"2026-03-17T17:38:27","guid":{"rendered":"https:\/\/para-mirava.ma\/?product=svr-sun-secure-fluide-photo-age-spf50-40ml-2"},"modified":"2026-03-17T19:00:02","modified_gmt":"2026-03-17T19:00:02","slug":"svr-sun-secure-fluide-photo-age-spf50-40ml-2","status":"publish","type":"product","link":"https:\/\/para-mirava.ma\/?product=svr-sun-secure-fluide-photo-age-spf50-40ml-2","title":{"rendered":"SVR SUN SECURE FLUIDE PHOTO AGE SPF50+ 40ML"},"content":{"rendered":"<p>SVR SUN SECURE FLUIDE PHOTO AGE SPF50+ 40ML disponible dans est votre Parapharmacie en ligne C\u00f4t\u00e9 para \u00e0 Prix discount , livraison gratuite partout au Maroc<\/p>\n<p>Pourquoi Choisir C\u00f4t\u00e9 para ?<\/p>\n<p>Tout d&#8217;abord, C\u00f4t\u00e9 Para est pr\u00e9sente sur le March\u00e9 de la cosm\u00e9tique depuis 2009<\/p>\n<p>Ensuite Elle Pr\u00e9sente plus de 18000 R\u00e9f\u00e9rence de produits cosm\u00e9tiques Para Maroc<\/p>\n<p>Troisi\u00e8mement C\u00f4t\u00e9 Para propose le meilleur Prix du March\u00e9 ( Rapport Qualit\u00e9 \/ Prix )<\/p>\n<p>Quatri\u00e8mement Elle met \u00e0 votre disposition des produits 100% Authentique<\/p>\n<p>Cinqui\u00e8mement Elle offre avec chaque commande des gratuit\u00e9s , cadeaux , trousses , \u00e9chantillons selon les disponibilit\u00e9s en Stock<\/p>\n<p>Sans oublier le service Rapide de la livraison , toute fois C\u00f4t\u00e9 Para a 4 points de vente :<\/p>\n<p>Premier Magasin : Parapharmacie Casablanca , Bourgogne \u00e0 C\u00f4t\u00e9 de la clinique Badr .<\/p>\n<p>Deuxi\u00e8me Magasin : Parapharmacie Casablanca, Bd El Qods en face de la patisserie 4 cerises<\/p>\n<p>Troisi\u00e8me Magasin : Parapharmacie Casablanca, Sidi Maarouf \u00e0 Ovillage, Av. Abou Bakr el Kadiri<\/p>\n<p>Quatri\u00e8me Magasin : Parapharmacie Maroc, Bouskoura au Centre Commercial Triangle Vert, Bouskoura Ville verte<\/p>\n","protected":false},"excerpt":{"rendered":"<p>SVR SUN SECURE FLUIDE PHOTO AGE SPF50+ 40ML disponible dans est votre Parapharmacie en ligne C\u00f4t\u00e9 para \u00e0 Prix discount , livraison gratuite partout au Maroc Pourquoi Choisir C\u00f4t\u00e9 para ? Tout d&#8217;abord, C\u00f4t\u00e9 Para est pr\u00e9sente sur le March\u00e9 de la cosm\u00e9tique depuis 2009 Ensuite Elle Pr\u00e9sente plus de 18000 R\u00e9f\u00e9rence de produits cosm\u00e9tiques [&hellip;]<\/p>\n","protected":false},"featured_media":19961,"template":"","meta":[],"product_brand":[175],"product_cat":[15,138],"product_tag":[],"class_list":{"0":"post-19962","1":"product","2":"type-product","3":"status-publish","4":"has-post-thumbnail","6":"product_brand-svr","7":"product_cat-tout","8":"product_cat-svr","9":"ts_product_brand-svr","11":"first","12":"instock","13":"sale","14":"shipping-taxable","15":"purchasable","16":"product-type-simple"},"_links":{"self":[{"href":"https:\/\/para-mirava.ma\/index.php?rest_route=\/wp\/v2\/product\/19962","targetHints":{"allow":["GET"]}}],"collection":[{"href":"https:\/\/para-mirava.ma\/index.php?rest_route=\/wp\/v2\/product"}],"about":[{"href":"https:\/\/para-mirava.ma\/index.php?rest_route=\/wp\/v2\/types\/product"}],"wp:featuredmedia":[{"embeddable":true,"href":"https:\/\/para-mirava.ma\/index.php?rest_route=\/wp\/v2\/media\/19961"}],"wp:attachment":[{"href":"https:\/\/para-mirava.ma\/index.php?rest_route=%2Fwp%2Fv2%2Fmedia&parent=19962"}],"wp:term":[{"taxonomy":"product_brand","embeddable":true,"href":"https:\/\/para-mirava.ma\/index.php?rest_route=%2Fwp%2Fv2%2Fproduct_brand&post=19962"},{"taxonomy":"product_cat","embeddable":true,"href":"https:\/\/para-mirava.ma\/index.php?rest_route=%2Fwp%2Fv2%2Fproduct_cat&post=19962"},{"taxonomy":"product_tag","embeddable":true,"href":"https:\/\/para-mirava.ma\/index.php?rest_route=%2Fwp%2Fv2%2Fproduct_tag&post=19962"}],"curies":[{"name":"wp","href":"https:\/\/api.w.org\/{rel}","templated":true}]}}