{"id":19965,"date":"2026-03-17T17:38:28","date_gmt":"2026-03-17T17:38:28","guid":{"rendered":"https:\/\/para-mirava.ma\/?product=svr-ampoule-a-lift-concentre-lissant-30-ml-2"},"modified":"2026-03-17T19:00:01","modified_gmt":"2026-03-17T19:00:01","slug":"svr-ampoule-a-lift-concentre-lissant-30-ml-2","status":"publish","type":"product","link":"https:\/\/para-mirava.ma\/?product=svr-ampoule-a-lift-concentre-lissant-30-ml-2","title":{"rendered":"SVR AMPOULE A LIFT CONCENTRE LISSANT 30 ML"},"content":{"rendered":"<p>Ce s\u00e9rum ultra-concentr\u00e9 en vitamine A retexturise le tissu cutan\u00e9 pour lisser la peau. Jour apr\u00e8s jour, le grain de peau s&#8217;affine, la qualit\u00e9 de peau s&#8217;am\u00e9liore, elle para\u00eet plus jeune. Disponible dans votre parapharmacie en ligne www.cotepara.ma<\/p>\n","protected":false},"excerpt":{"rendered":"<p>Ce s\u00e9rum ultra-concentr\u00e9 en vitamine A retexturise le tissu cutan\u00e9 pour lisser la peau. Jour apr\u00e8s jour, le grain de peau s&#8217;affine, la qualit\u00e9 de peau s&#8217;am\u00e9liore, elle para\u00eet plus jeune. Disponible dans votre parapharmacie en ligne www.cotepara.ma<\/p>\n","protected":false},"featured_media":19964,"template":"","meta":[],"product_brand":[175],"product_cat":[15,138],"product_tag":[],"class_list":{"0":"post-19965","1":"product","2":"type-product","3":"status-publish","4":"has-post-thumbnail","6":"product_brand-svr","7":"product_cat-tout","8":"product_cat-svr","9":"ts_product_brand-svr","11":"first","12":"instock","13":"sale","14":"shipping-taxable","15":"purchasable","16":"product-type-simple"},"_links":{"self":[{"href":"https:\/\/para-mirava.ma\/index.php?rest_route=\/wp\/v2\/product\/19965","targetHints":{"allow":["GET"]}}],"collection":[{"href":"https:\/\/para-mirava.ma\/index.php?rest_route=\/wp\/v2\/product"}],"about":[{"href":"https:\/\/para-mirava.ma\/index.php?rest_route=\/wp\/v2\/types\/product"}],"wp:featuredmedia":[{"embeddable":true,"href":"https:\/\/para-mirava.ma\/index.php?rest_route=\/wp\/v2\/media\/19964"}],"wp:attachment":[{"href":"https:\/\/para-mirava.ma\/index.php?rest_route=%2Fwp%2Fv2%2Fmedia&parent=19965"}],"wp:term":[{"taxonomy":"product_brand","embeddable":true,"href":"https:\/\/para-mirava.ma\/index.php?rest_route=%2Fwp%2Fv2%2Fproduct_brand&post=19965"},{"taxonomy":"product_cat","embeddable":true,"href":"https:\/\/para-mirava.ma\/index.php?rest_route=%2Fwp%2Fv2%2Fproduct_cat&post=19965"},{"taxonomy":"product_tag","embeddable":true,"href":"https:\/\/para-mirava.ma\/index.php?rest_route=%2Fwp%2Fv2%2Fproduct_tag&post=19965"}],"curies":[{"name":"wp","href":"https:\/\/api.w.org\/{rel}","templated":true}]}}