{"id":19973,"date":"2026-03-17T17:38:31","date_gmt":"2026-03-17T17:38:31","guid":{"rendered":"https:\/\/para-mirava.ma\/?product=svr-ecran-sun-secure-mineral-teinte-peau-sechespf50-60g"},"modified":"2026-03-17T19:00:01","modified_gmt":"2026-03-17T19:00:01","slug":"svr-ecran-sun-secure-mineral-teinte-peau-sechespf50-60g","status":"publish","type":"product","link":"https:\/\/para-mirava.ma\/?product=svr-ecran-sun-secure-mineral-teinte-peau-sechespf50-60g","title":{"rendered":"SVR ECRAN SUN SECURE MINERAL TEINTE PEAU SECHESPF50+ 60G"},"content":{"rendered":"<p>SUN SECURE \u00c9cran Min\u00e9ral Teint\u00e9 SPF50+ est un soin qui allie tr\u00e8s haute protection SPF50+ 100% min\u00e9rale et maquillage. Il convient aux peaux intol\u00e9rantes mais aussi \u00e0 tous ceux qui souhaitent se maquiller au soleil toute l&#8217;ann\u00e9e. Gr\u00e2ce \u00e0 sa bonne couvrance, les imperfections sont camoufl\u00e9es, le teint unifi\u00e9 toute la journ\u00e9e. Il existe en deux versions : cr\u00e8me toucher sec peaux normales \u00e0 mixtes et cr\u00e8me confort peaux s\u00e8ches \u00e0 tr\u00e8s s\u00e8ches. Disponible dans votre parapharmacie en ligne www.cotepara.ma<\/p>\n","protected":false},"excerpt":{"rendered":"<p>SUN SECURE \u00c9cran Min\u00e9ral Teint\u00e9 SPF50+ est un soin qui allie tr\u00e8s haute protection SPF50+ 100% min\u00e9rale et maquillage. Il convient aux peaux intol\u00e9rantes mais aussi \u00e0 tous ceux qui souhaitent se maquiller au soleil toute l&#8217;ann\u00e9e. Gr\u00e2ce \u00e0 sa bonne couvrance, les imperfections sont camoufl\u00e9es, le teint unifi\u00e9 toute la journ\u00e9e. Il existe en [&hellip;]<\/p>\n","protected":false},"featured_media":19972,"template":"","meta":[],"product_brand":[175],"product_cat":[15,138],"product_tag":[],"class_list":{"0":"post-19973","1":"product","2":"type-product","3":"status-publish","4":"has-post-thumbnail","6":"product_brand-svr","7":"product_cat-tout","8":"product_cat-svr","9":"ts_product_brand-svr","11":"first","12":"instock","13":"sale","14":"shipping-taxable","15":"purchasable","16":"product-type-simple"},"_links":{"self":[{"href":"https:\/\/para-mirava.ma\/index.php?rest_route=\/wp\/v2\/product\/19973","targetHints":{"allow":["GET"]}}],"collection":[{"href":"https:\/\/para-mirava.ma\/index.php?rest_route=\/wp\/v2\/product"}],"about":[{"href":"https:\/\/para-mirava.ma\/index.php?rest_route=\/wp\/v2\/types\/product"}],"wp:featuredmedia":[{"embeddable":true,"href":"https:\/\/para-mirava.ma\/index.php?rest_route=\/wp\/v2\/media\/19972"}],"wp:attachment":[{"href":"https:\/\/para-mirava.ma\/index.php?rest_route=%2Fwp%2Fv2%2Fmedia&parent=19973"}],"wp:term":[{"taxonomy":"product_brand","embeddable":true,"href":"https:\/\/para-mirava.ma\/index.php?rest_route=%2Fwp%2Fv2%2Fproduct_brand&post=19973"},{"taxonomy":"product_cat","embeddable":true,"href":"https:\/\/para-mirava.ma\/index.php?rest_route=%2Fwp%2Fv2%2Fproduct_cat&post=19973"},{"taxonomy":"product_tag","embeddable":true,"href":"https:\/\/para-mirava.ma\/index.php?rest_route=%2Fwp%2Fv2%2Fproduct_tag&post=19973"}],"curies":[{"name":"wp","href":"https:\/\/api.w.org\/{rel}","templated":true}]}}