{"id":19975,"date":"2026-03-17T17:38:32","date_gmt":"2026-03-17T17:38:32","guid":{"rendered":"https:\/\/para-mirava.ma\/?product=svr-sebiaclear-ampoule-flash-az-30ml"},"modified":"2026-03-17T19:00:01","modified_gmt":"2026-03-17T19:00:01","slug":"svr-sebiaclear-ampoule-flash-az-30ml","status":"publish","type":"product","link":"https:\/\/para-mirava.ma\/?product=svr-sebiaclear-ampoule-flash-az-30ml","title":{"rendered":"SVR SEBIACLEAR AMPOULE FLASH AZ 30ML"},"content":{"rendered":"<p>Pour toutes les peaux \u00e0 tendance acn\u00e9ique sensibilis\u00e9es. Imperfections, rougeurs, marques. D\u00e8s 10 ans.<\/p>\n<p>Parce qu&#8217;on n&#8217;est pas toujours en paix avec nos imperfections, on a tendance \u00e0 penser que tous les moyens sont bons et pourtant non ! Tritur\u00e9e, agress\u00e9e, la peau \u00e0 tendance acn\u00e9ique est encore plus sensibilis\u00e9e et entre dans le cercle vicieux de l&#8217;acn\u00e9.<\/p>\n<p>Il faut apaiser et r\u00e9\u00e9quilibrer ces peaux fragilis\u00e9es.<\/p>\n<p>Disponible dans votre parapharmacie en ligne www.cotepara.ma<\/p>\n<p>Pour obtenir le meilleur \u00e9quilibre efficacit\u00e9 \/ tol\u00e9rance, le Laboratoire SVR a formul\u00e9 ce soin avec 15% d&#8217;acide az\u00e9la\u00efque, actif dermatologique anti-inflammatoire et k\u00e9ratolytique reconnu. Associ\u00e9 \u00e0 l&#8217;acide salicylique, au zinc et \u00e0 la niacinamide, SEBIACLEAR Ampoule flash d\u00e9sincruste en profondeur, r\u00e9duit visiblement les imperfections et les rougeurs en un temps record. Sa texture lact\u00e9e et l\u00e9g\u00e8re fusionne avec la peau pour un fini imperceptible. La peau est d\u00e9sincrust\u00e9e, purifi\u00e9e, apais\u00e9e et confortable.<\/p>\n","protected":false},"excerpt":{"rendered":"<p>Pour toutes les peaux \u00e0 tendance acn\u00e9ique sensibilis\u00e9es. Imperfections, rougeurs, marques. D\u00e8s 10 ans. Parce qu&#8217;on n&#8217;est pas toujours en paix avec nos imperfections, on a tendance \u00e0 penser que tous les moyens sont bons et pourtant non ! Tritur\u00e9e, agress\u00e9e, la peau \u00e0 tendance acn\u00e9ique est encore plus sensibilis\u00e9e et entre dans le cercle [&hellip;]<\/p>\n","protected":false},"featured_media":19974,"template":"","meta":[],"product_brand":[175],"product_cat":[15,138],"product_tag":[],"class_list":{"0":"post-19975","1":"product","2":"type-product","3":"status-publish","4":"has-post-thumbnail","6":"product_brand-svr","7":"product_cat-tout","8":"product_cat-svr","9":"ts_product_brand-svr","11":"first","12":"instock","13":"sale","14":"shipping-taxable","15":"purchasable","16":"product-type-simple"},"_links":{"self":[{"href":"https:\/\/para-mirava.ma\/index.php?rest_route=\/wp\/v2\/product\/19975","targetHints":{"allow":["GET"]}}],"collection":[{"href":"https:\/\/para-mirava.ma\/index.php?rest_route=\/wp\/v2\/product"}],"about":[{"href":"https:\/\/para-mirava.ma\/index.php?rest_route=\/wp\/v2\/types\/product"}],"wp:featuredmedia":[{"embeddable":true,"href":"https:\/\/para-mirava.ma\/index.php?rest_route=\/wp\/v2\/media\/19974"}],"wp:attachment":[{"href":"https:\/\/para-mirava.ma\/index.php?rest_route=%2Fwp%2Fv2%2Fmedia&parent=19975"}],"wp:term":[{"taxonomy":"product_brand","embeddable":true,"href":"https:\/\/para-mirava.ma\/index.php?rest_route=%2Fwp%2Fv2%2Fproduct_brand&post=19975"},{"taxonomy":"product_cat","embeddable":true,"href":"https:\/\/para-mirava.ma\/index.php?rest_route=%2Fwp%2Fv2%2Fproduct_cat&post=19975"},{"taxonomy":"product_tag","embeddable":true,"href":"https:\/\/para-mirava.ma\/index.php?rest_route=%2Fwp%2Fv2%2Fproduct_tag&post=19975"}],"curies":[{"name":"wp","href":"https:\/\/api.w.org\/{rel}","templated":true}]}}