{"id":19987,"date":"2026-03-17T17:38:40","date_gmt":"2026-03-17T17:38:40","guid":{"rendered":"https:\/\/para-mirava.ma\/?product=svr-collagen-biotic-creme-rebondissante-raffermissante-50ml"},"modified":"2026-03-17T19:00:00","modified_gmt":"2026-03-17T19:00:00","slug":"svr-collagen-biotic-creme-rebondissante-raffermissante-50ml","status":"publish","type":"product","link":"https:\/\/para-mirava.ma\/?product=svr-collagen-biotic-creme-rebondissante-raffermissante-50ml","title":{"rendered":"SVR COLLAGEN BIOTIC CREME REBONDISSANTE RAFFERMISSANTE 50ML"},"content":{"rendered":"<p>D\u00e9couvrez notre produit COLLAGEN Biotic, votre alli\u00e9 pour une peau rebondie et repulp\u00e9e en seulement 28 jours.<\/p>\n<p>Avec une formule riche en 4 actifs essentiels, cette cr\u00e8me r\u00e9g\u00e9n\u00e9rante offre une v\u00e9ritable cure de jouvence \u00e0 votre peau.<\/p>\n<p>Les probiotiques pasteuris\u00e9s, la vitamine C stabilis\u00e9e, l&#8217;acide hyaluronique et le collag\u00e8ne d&#8217;origine v\u00e9g\u00e9tale se combinent pour revitaliser votre peau en profondeur. Con\u00e7u pour lutter contre la perte d&#8217;\u00e9lasticit\u00e9, l&#8217;affinement de la peau et les rides, ce produit offre une solution compl\u00e8te pour un teint \u00e9clatant et une apparence rajeunie.<\/p>\n<p>Gr\u00e2ce \u00e0 sa texture innovante \u00e0 m\u00e9moire de forme, cette cr\u00e8me s&#8217;adapte parfaitement \u00e0 votre peau, laissant une sensation de confort et de fermet\u00e9 d\u00e8s la premi\u00e8re application. Jour apr\u00e8s jour, votre peau retrouve sa souplesse, sa fermet\u00e9 et sa jeunesse naturelle.<\/p>\n<p>Les r\u00e9sultats sont visibles d\u00e8s 28 jours d&#8217;utilisation :<\/p>\n<p>Une peau repulp\u00e9e de 31%<\/p>\n<p>Une peau plus ferme de 20%<\/p>\n<p>Une peau plus lisse de 28,9%<\/p>\n","protected":false},"excerpt":{"rendered":"<p>D\u00e9couvrez notre produit COLLAGEN Biotic, votre alli\u00e9 pour une peau rebondie et repulp\u00e9e en seulement 28 jours. Avec une formule riche en 4 actifs essentiels, cette cr\u00e8me r\u00e9g\u00e9n\u00e9rante offre une v\u00e9ritable cure de jouvence \u00e0 votre peau. Les probiotiques pasteuris\u00e9s, la vitamine C stabilis\u00e9e, l&#8217;acide hyaluronique et le collag\u00e8ne d&#8217;origine v\u00e9g\u00e9tale se combinent pour revitaliser [&hellip;]<\/p>\n","protected":false},"featured_media":19986,"template":"","meta":[],"product_brand":[175],"product_cat":[15,138],"product_tag":[],"class_list":{"0":"post-19987","1":"product","2":"type-product","3":"status-publish","4":"has-post-thumbnail","6":"product_brand-svr","7":"product_cat-tout","8":"product_cat-svr","9":"ts_product_brand-svr","11":"first","12":"instock","13":"sale","14":"shipping-taxable","15":"purchasable","16":"product-type-simple"},"_links":{"self":[{"href":"https:\/\/para-mirava.ma\/index.php?rest_route=\/wp\/v2\/product\/19987","targetHints":{"allow":["GET"]}}],"collection":[{"href":"https:\/\/para-mirava.ma\/index.php?rest_route=\/wp\/v2\/product"}],"about":[{"href":"https:\/\/para-mirava.ma\/index.php?rest_route=\/wp\/v2\/types\/product"}],"wp:featuredmedia":[{"embeddable":true,"href":"https:\/\/para-mirava.ma\/index.php?rest_route=\/wp\/v2\/media\/19986"}],"wp:attachment":[{"href":"https:\/\/para-mirava.ma\/index.php?rest_route=%2Fwp%2Fv2%2Fmedia&parent=19987"}],"wp:term":[{"taxonomy":"product_brand","embeddable":true,"href":"https:\/\/para-mirava.ma\/index.php?rest_route=%2Fwp%2Fv2%2Fproduct_brand&post=19987"},{"taxonomy":"product_cat","embeddable":true,"href":"https:\/\/para-mirava.ma\/index.php?rest_route=%2Fwp%2Fv2%2Fproduct_cat&post=19987"},{"taxonomy":"product_tag","embeddable":true,"href":"https:\/\/para-mirava.ma\/index.php?rest_route=%2Fwp%2Fv2%2Fproduct_tag&post=19987"}],"curies":[{"name":"wp","href":"https:\/\/api.w.org\/{rel}","templated":true}]}}