{"id":19989,"date":"2026-03-17T17:38:41","date_gmt":"2026-03-17T17:38:41","guid":{"rendered":"https:\/\/para-mirava.ma\/?product=svr-collagen-biotic-creme-rebondissante-recharge-50ml"},"modified":"2026-03-17T19:00:00","modified_gmt":"2026-03-17T19:00:00","slug":"svr-collagen-biotic-creme-rebondissante-recharge-50ml","status":"publish","type":"product","link":"https:\/\/para-mirava.ma\/?product=svr-collagen-biotic-creme-rebondissante-recharge-50ml","title":{"rendered":"SVR COLLAGEN BIOTIC CREME REBONDISSANTE RECHARGE 50ML"},"content":{"rendered":"<p>SVR Collagen Biotic &#8211; Recharge 50ml est une cr\u00e8me r\u00e9g\u00e9n\u00e9rante pro-collag\u00e8ne formul\u00e9e pour raffermir, redensifier et lisser la peau. Gr\u00e2ce \u00e0 une synergie d&#8217;actifs puissants &#8211; collag\u00e8ne, probiotiques pasteuris\u00e9s, acide hyaluronique et vitamine C &#8211; cette cr\u00e8me stimule la production naturelle de collag\u00e8ne, am\u00e9liore l&#8217;\u00e9lasticit\u00e9 cutan\u00e9e et att\u00e9nue les signes visibles de l&#8217;\u00e2ge.<\/p>\n<p>Con\u00e7ue pour les peaux fatigu\u00e9es, rel\u00e2ch\u00e9es ou en perte de tonicit\u00e9, sa texture velout\u00e9e hydrate intens\u00e9ment sans alourdir. Le format recharge r\u00e9duit les d\u00e9chets et s&#8217;inscrit dans une d\u00e9marche \u00e9cologique.<\/p>\n","protected":false},"excerpt":{"rendered":"<p>SVR Collagen Biotic &#8211; Recharge 50ml est une cr\u00e8me r\u00e9g\u00e9n\u00e9rante pro-collag\u00e8ne formul\u00e9e pour raffermir, redensifier et lisser la peau. Gr\u00e2ce \u00e0 une synergie d&#8217;actifs puissants &#8211; collag\u00e8ne, probiotiques pasteuris\u00e9s, acide hyaluronique et vitamine C &#8211; cette cr\u00e8me stimule la production naturelle de collag\u00e8ne, am\u00e9liore l&#8217;\u00e9lasticit\u00e9 cutan\u00e9e et att\u00e9nue les signes visibles de l&#8217;\u00e2ge. Con\u00e7ue pour [&hellip;]<\/p>\n","protected":false},"featured_media":19988,"template":"","meta":[],"product_brand":[175],"product_cat":[15,138],"product_tag":[],"class_list":{"0":"post-19989","1":"product","2":"type-product","3":"status-publish","4":"has-post-thumbnail","6":"product_brand-svr","7":"product_cat-tout","8":"product_cat-svr","9":"ts_product_brand-svr","11":"first","12":"instock","13":"sale","14":"shipping-taxable","15":"purchasable","16":"product-type-simple"},"_links":{"self":[{"href":"https:\/\/para-mirava.ma\/index.php?rest_route=\/wp\/v2\/product\/19989","targetHints":{"allow":["GET"]}}],"collection":[{"href":"https:\/\/para-mirava.ma\/index.php?rest_route=\/wp\/v2\/product"}],"about":[{"href":"https:\/\/para-mirava.ma\/index.php?rest_route=\/wp\/v2\/types\/product"}],"wp:featuredmedia":[{"embeddable":true,"href":"https:\/\/para-mirava.ma\/index.php?rest_route=\/wp\/v2\/media\/19988"}],"wp:attachment":[{"href":"https:\/\/para-mirava.ma\/index.php?rest_route=%2Fwp%2Fv2%2Fmedia&parent=19989"}],"wp:term":[{"taxonomy":"product_brand","embeddable":true,"href":"https:\/\/para-mirava.ma\/index.php?rest_route=%2Fwp%2Fv2%2Fproduct_brand&post=19989"},{"taxonomy":"product_cat","embeddable":true,"href":"https:\/\/para-mirava.ma\/index.php?rest_route=%2Fwp%2Fv2%2Fproduct_cat&post=19989"},{"taxonomy":"product_tag","embeddable":true,"href":"https:\/\/para-mirava.ma\/index.php?rest_route=%2Fwp%2Fv2%2Fproduct_tag&post=19989"}],"curies":[{"name":"wp","href":"https:\/\/api.w.org\/{rel}","templated":true}]}}