{"id":19995,"date":"2026-03-17T17:38:43","date_gmt":"2026-03-17T17:38:43","guid":{"rendered":"https:\/\/para-mirava.ma\/?product=svr-topialyse-creme-mains-nutri-reparatrice-50ml"},"modified":"2026-03-17T18:59:59","modified_gmt":"2026-03-17T18:59:59","slug":"svr-topialyse-creme-mains-nutri-reparatrice-50ml","status":"publish","type":"product","link":"https:\/\/para-mirava.ma\/?product=svr-topialyse-creme-mains-nutri-reparatrice-50ml","title":{"rendered":"SVR TOPIALYSE CREME MAINS NUTRI REPARATRICE 50ML"},"content":{"rendered":"<p>SVR Topialyse Cr\u00e8me Mains est une cr\u00e8me nourrissante, protectrice et apaisante, sp\u00e9cialement formul\u00e9e pour les mains s\u00e8ches \u00e0 tr\u00e8s s\u00e8ches, sujettes aux tiraillements, rougeurs ou ger\u00e7ures. Enrichie en om\u00e9gas 3, 6, 9, en beurre de karit\u00e9 et en sucres hydratants, elle r\u00e9pare intens\u00e9ment la barri\u00e8re cutan\u00e9e d\u00e8s la premi\u00e8re application.<\/p>\n<p>Sa texture non grasse et non collante p\u00e9n\u00e8tre rapidement, laissant un film protecteur invisible pour des mains douces, souples et durablement confortables. Convient \u00e0 un usage quotidien et \u00e0 toute la famille.<\/p>\n","protected":false},"excerpt":{"rendered":"<p>SVR Topialyse Cr\u00e8me Mains est une cr\u00e8me nourrissante, protectrice et apaisante, sp\u00e9cialement formul\u00e9e pour les mains s\u00e8ches \u00e0 tr\u00e8s s\u00e8ches, sujettes aux tiraillements, rougeurs ou ger\u00e7ures. Enrichie en om\u00e9gas 3, 6, 9, en beurre de karit\u00e9 et en sucres hydratants, elle r\u00e9pare intens\u00e9ment la barri\u00e8re cutan\u00e9e d\u00e8s la premi\u00e8re application. Sa texture non grasse et [&hellip;]<\/p>\n","protected":false},"featured_media":19994,"template":"","meta":[],"product_brand":[175],"product_cat":[15,138],"product_tag":[],"class_list":{"0":"post-19995","1":"product","2":"type-product","3":"status-publish","4":"has-post-thumbnail","6":"product_brand-svr","7":"product_cat-tout","8":"product_cat-svr","9":"ts_product_brand-svr","11":"first","12":"instock","13":"sale","14":"shipping-taxable","15":"purchasable","16":"product-type-simple"},"_links":{"self":[{"href":"https:\/\/para-mirava.ma\/index.php?rest_route=\/wp\/v2\/product\/19995","targetHints":{"allow":["GET"]}}],"collection":[{"href":"https:\/\/para-mirava.ma\/index.php?rest_route=\/wp\/v2\/product"}],"about":[{"href":"https:\/\/para-mirava.ma\/index.php?rest_route=\/wp\/v2\/types\/product"}],"wp:featuredmedia":[{"embeddable":true,"href":"https:\/\/para-mirava.ma\/index.php?rest_route=\/wp\/v2\/media\/19994"}],"wp:attachment":[{"href":"https:\/\/para-mirava.ma\/index.php?rest_route=%2Fwp%2Fv2%2Fmedia&parent=19995"}],"wp:term":[{"taxonomy":"product_brand","embeddable":true,"href":"https:\/\/para-mirava.ma\/index.php?rest_route=%2Fwp%2Fv2%2Fproduct_brand&post=19995"},{"taxonomy":"product_cat","embeddable":true,"href":"https:\/\/para-mirava.ma\/index.php?rest_route=%2Fwp%2Fv2%2Fproduct_cat&post=19995"},{"taxonomy":"product_tag","embeddable":true,"href":"https:\/\/para-mirava.ma\/index.php?rest_route=%2Fwp%2Fv2%2Fproduct_tag&post=19995"}],"curies":[{"name":"wp","href":"https:\/\/api.w.org\/{rel}","templated":true}]}}