{"id":19999,"date":"2026-03-17T17:38:46","date_gmt":"2026-03-17T17:38:46","guid":{"rendered":"https:\/\/para-mirava.ma\/?product=svr-cicavit-creme-apaisante-reparatrice-100ml"},"modified":"2026-03-17T18:59:59","modified_gmt":"2026-03-17T18:59:59","slug":"svr-cicavit-creme-apaisante-reparatrice-100ml","status":"publish","type":"product","link":"https:\/\/para-mirava.ma\/?product=svr-cicavit-creme-apaisante-reparatrice-100ml","title":{"rendered":"SVR CICAVIT+ CREME APAISANTE REPARATRICE 100ML"},"content":{"rendered":"<p>S\u00e9cheresses, rougeurs, ger\u00e7ures, \u00e9corchures, rougeurs du si\u00e8ge, marques de varicelle, tatouages, post-actes dermatologiques (peeling, laser), \u00e9chauffements, coups de soleil, \u00e9pilation, rasage.<\/p>\n<p>Disponible dans votre parapharmacie en ligne www.cotepara.ma<\/p>\n<p>D\u00e8s la naissance, enfant, adulte. Visage, corps, plis et muqueuses externes.<\/p>\n","protected":false},"excerpt":{"rendered":"<p>S\u00e9cheresses, rougeurs, ger\u00e7ures, \u00e9corchures, rougeurs du si\u00e8ge, marques de varicelle, tatouages, post-actes dermatologiques (peeling, laser), \u00e9chauffements, coups de soleil, \u00e9pilation, rasage. Disponible dans votre parapharmacie en ligne www.cotepara.ma D\u00e8s la naissance, enfant, adulte. Visage, corps, plis et muqueuses externes.<\/p>\n","protected":false},"featured_media":19998,"template":"","meta":[],"product_brand":[175],"product_cat":[15,138],"product_tag":[],"class_list":{"0":"post-19999","1":"product","2":"type-product","3":"status-publish","4":"has-post-thumbnail","6":"product_brand-svr","7":"product_cat-tout","8":"product_cat-svr","9":"ts_product_brand-svr","11":"first","12":"instock","13":"sale","14":"shipping-taxable","15":"purchasable","16":"product-type-simple"},"_links":{"self":[{"href":"https:\/\/para-mirava.ma\/index.php?rest_route=\/wp\/v2\/product\/19999","targetHints":{"allow":["GET"]}}],"collection":[{"href":"https:\/\/para-mirava.ma\/index.php?rest_route=\/wp\/v2\/product"}],"about":[{"href":"https:\/\/para-mirava.ma\/index.php?rest_route=\/wp\/v2\/types\/product"}],"wp:featuredmedia":[{"embeddable":true,"href":"https:\/\/para-mirava.ma\/index.php?rest_route=\/wp\/v2\/media\/19998"}],"wp:attachment":[{"href":"https:\/\/para-mirava.ma\/index.php?rest_route=%2Fwp%2Fv2%2Fmedia&parent=19999"}],"wp:term":[{"taxonomy":"product_brand","embeddable":true,"href":"https:\/\/para-mirava.ma\/index.php?rest_route=%2Fwp%2Fv2%2Fproduct_brand&post=19999"},{"taxonomy":"product_cat","embeddable":true,"href":"https:\/\/para-mirava.ma\/index.php?rest_route=%2Fwp%2Fv2%2Fproduct_cat&post=19999"},{"taxonomy":"product_tag","embeddable":true,"href":"https:\/\/para-mirava.ma\/index.php?rest_route=%2Fwp%2Fv2%2Fproduct_tag&post=19999"}],"curies":[{"name":"wp","href":"https:\/\/api.w.org\/{rel}","templated":true}]}}