{"id":20001,"date":"2026-03-17T17:38:47","date_gmt":"2026-03-17T17:38:47","guid":{"rendered":"https:\/\/para-mirava.ma\/?product=svr-topialyse-creme-barriere-50ml"},"modified":"2026-03-17T18:59:59","modified_gmt":"2026-03-17T18:59:59","slug":"svr-topialyse-creme-barriere-50ml","status":"publish","type":"product","link":"https:\/\/para-mirava.ma\/?product=svr-topialyse-creme-barriere-50ml","title":{"rendered":"SVR TOPIALYSE CREME BARRI\u00c8RE 50ML"},"content":{"rendered":"<p>Pour les peaux s\u00e8ches \u00e0 tendance atopique. Zones r\u00e9actives, irrit\u00e9es et localis\u00e9es: mains, visage, corps. Enfants et adultes. Disponible dans votre parapharmacie en ligne www.cotepara.ma. TOPIALYSE BARRIERE comme son nom l&#8217;indique prot\u00e8ge la peau contre les agressions quotidiennes (stress, t\u00e2ches manuelles et m\u00e9nag\u00e8res&#8230;). Il apaise imm\u00e9diatement les sensations de grattage et limite leur r\u00e9apparition, acc\u00e9l\u00e8re la r\u00e9paration de la peau et forme un film barri\u00e8re pour la prot\u00e9ger.<\/p>\n","protected":false},"excerpt":{"rendered":"<p>Pour les peaux s\u00e8ches \u00e0 tendance atopique. Zones r\u00e9actives, irrit\u00e9es et localis\u00e9es: mains, visage, corps. Enfants et adultes. Disponible dans votre parapharmacie en ligne www.cotepara.ma. TOPIALYSE BARRIERE comme son nom l&#8217;indique prot\u00e8ge la peau contre les agressions quotidiennes (stress, t\u00e2ches manuelles et m\u00e9nag\u00e8res&#8230;). Il apaise imm\u00e9diatement les sensations de grattage et limite leur r\u00e9apparition, acc\u00e9l\u00e8re [&hellip;]<\/p>\n","protected":false},"featured_media":20000,"template":"","meta":[],"product_brand":[175],"product_cat":[15,138],"product_tag":[],"class_list":{"0":"post-20001","1":"product","2":"type-product","3":"status-publish","4":"has-post-thumbnail","6":"product_brand-svr","7":"product_cat-tout","8":"product_cat-svr","9":"ts_product_brand-svr","11":"first","12":"instock","13":"sale","14":"shipping-taxable","15":"purchasable","16":"product-type-simple"},"_links":{"self":[{"href":"https:\/\/para-mirava.ma\/index.php?rest_route=\/wp\/v2\/product\/20001","targetHints":{"allow":["GET"]}}],"collection":[{"href":"https:\/\/para-mirava.ma\/index.php?rest_route=\/wp\/v2\/product"}],"about":[{"href":"https:\/\/para-mirava.ma\/index.php?rest_route=\/wp\/v2\/types\/product"}],"wp:featuredmedia":[{"embeddable":true,"href":"https:\/\/para-mirava.ma\/index.php?rest_route=\/wp\/v2\/media\/20000"}],"wp:attachment":[{"href":"https:\/\/para-mirava.ma\/index.php?rest_route=%2Fwp%2Fv2%2Fmedia&parent=20001"}],"wp:term":[{"taxonomy":"product_brand","embeddable":true,"href":"https:\/\/para-mirava.ma\/index.php?rest_route=%2Fwp%2Fv2%2Fproduct_brand&post=20001"},{"taxonomy":"product_cat","embeddable":true,"href":"https:\/\/para-mirava.ma\/index.php?rest_route=%2Fwp%2Fv2%2Fproduct_cat&post=20001"},{"taxonomy":"product_tag","embeddable":true,"href":"https:\/\/para-mirava.ma\/index.php?rest_route=%2Fwp%2Fv2%2Fproduct_tag&post=20001"}],"curies":[{"name":"wp","href":"https:\/\/api.w.org\/{rel}","templated":true}]}}