{"id":20003,"date":"2026-03-17T17:38:48","date_gmt":"2026-03-17T17:38:48","guid":{"rendered":"https:\/\/para-mirava.ma\/?product=svr-c20-biotic-creme-regenerante-eclat-50ml"},"modified":"2026-03-17T18:59:59","modified_gmt":"2026-03-17T18:59:59","slug":"svr-c20-biotic-creme-regenerante-eclat-50ml","status":"publish","type":"product","link":"https:\/\/para-mirava.ma\/?product=svr-c20-biotic-creme-regenerante-eclat-50ml","title":{"rendered":"SVR C20 BIOTIC CREME REGENERANTE ECLAT 50ML"},"content":{"rendered":"<p>R\u00e9g\u00e9n\u00e9rer votre peau gr\u00e2ce \u00e0 une combinaison de 3 actifs essentiels \u00e0 la fonction de la peau : des probiotiques pasteuris\u00e9s, de la vitamine C stabilis\u00e9e et de l&#8217;Acide Hyaluronique. Et pour revitaliser, r\u00e9v\u00e9ler l&#8217;\u00e9clat de la peau et uniformiser le teint, la Vitamine C stabilis\u00e9e est boost\u00e9e \u00e0 20%. Jour apr\u00e8s jour, la peau est lisse, tonique, les signes de fatigue sont moins marqu\u00e9s. Disponible dans votre parapharmacie en ligne www.cotepara.ma<\/p>\n","protected":false},"excerpt":{"rendered":"<p>R\u00e9g\u00e9n\u00e9rer votre peau gr\u00e2ce \u00e0 une combinaison de 3 actifs essentiels \u00e0 la fonction de la peau : des probiotiques pasteuris\u00e9s, de la vitamine C stabilis\u00e9e et de l&#8217;Acide Hyaluronique. Et pour revitaliser, r\u00e9v\u00e9ler l&#8217;\u00e9clat de la peau et uniformiser le teint, la Vitamine C stabilis\u00e9e est boost\u00e9e \u00e0 20%. Jour apr\u00e8s jour, la peau [&hellip;]<\/p>\n","protected":false},"featured_media":20002,"template":"","meta":[],"product_brand":[175],"product_cat":[15,138],"product_tag":[],"class_list":{"0":"post-20003","1":"product","2":"type-product","3":"status-publish","4":"has-post-thumbnail","6":"product_brand-svr","7":"product_cat-tout","8":"product_cat-svr","9":"ts_product_brand-svr","11":"first","12":"instock","13":"sale","14":"shipping-taxable","15":"purchasable","16":"product-type-simple"},"_links":{"self":[{"href":"https:\/\/para-mirava.ma\/index.php?rest_route=\/wp\/v2\/product\/20003","targetHints":{"allow":["GET"]}}],"collection":[{"href":"https:\/\/para-mirava.ma\/index.php?rest_route=\/wp\/v2\/product"}],"about":[{"href":"https:\/\/para-mirava.ma\/index.php?rest_route=\/wp\/v2\/types\/product"}],"wp:featuredmedia":[{"embeddable":true,"href":"https:\/\/para-mirava.ma\/index.php?rest_route=\/wp\/v2\/media\/20002"}],"wp:attachment":[{"href":"https:\/\/para-mirava.ma\/index.php?rest_route=%2Fwp%2Fv2%2Fmedia&parent=20003"}],"wp:term":[{"taxonomy":"product_brand","embeddable":true,"href":"https:\/\/para-mirava.ma\/index.php?rest_route=%2Fwp%2Fv2%2Fproduct_brand&post=20003"},{"taxonomy":"product_cat","embeddable":true,"href":"https:\/\/para-mirava.ma\/index.php?rest_route=%2Fwp%2Fv2%2Fproduct_cat&post=20003"},{"taxonomy":"product_tag","embeddable":true,"href":"https:\/\/para-mirava.ma\/index.php?rest_route=%2Fwp%2Fv2%2Fproduct_tag&post=20003"}],"curies":[{"name":"wp","href":"https:\/\/api.w.org\/{rel}","templated":true}]}}