{"id":20129,"date":"2026-03-17T17:57:38","date_gmt":"2026-03-17T17:57:38","guid":{"rendered":"https:\/\/para-mirava.ma\/?product=roche-posay-silicium-vernis-top-coat-6ml-2"},"modified":"2026-03-17T18:59:51","modified_gmt":"2026-03-17T18:59:51","slug":"roche-posay-silicium-vernis-top-coat-6ml-2","status":"publish","type":"product","link":"https:\/\/para-mirava.ma\/?product=roche-posay-silicium-vernis-top-coat-6ml-2","title":{"rendered":"ROCHE POSAY SILICIUM VERNIS TOP COAT 6ML"},"content":{"rendered":"<p>Vernis fortifiant protecteur hypoallerg\u00e9nique. Un vernis \u00e0 ongles con\u00e7u comme un v\u00e9ritable soin pour prot\u00e9ger et renforcer les ongles jour apr\u00e8s jour.<\/p>\n<p>Probl\u00e8mes cibl\u00e9s :<br \/>\nVernis \u00e0 ongles<br \/>\nProtection contre agressions UV<br \/>\nProtection contre ternissure couleurs<\/p>\n<p>Disponible dans votre parapharmacie en ligne www.cotepara.ma<\/p>\n<p>Type de peau :<br \/>\nSensible<br \/>\nTous types de peaux<\/p>\n<p>\u00c2ge :<br \/>\nA partir de 18 ans<\/p>\n","protected":false},"excerpt":{"rendered":"<p>Vernis fortifiant protecteur hypoallerg\u00e9nique. Un vernis \u00e0 ongles con\u00e7u comme un v\u00e9ritable soin pour prot\u00e9ger et renforcer les ongles jour apr\u00e8s jour. Probl\u00e8mes cibl\u00e9s : Vernis \u00e0 ongles Protection contre agressions UV Protection contre ternissure couleurs Disponible dans votre parapharmacie en ligne www.cotepara.ma Type de peau : Sensible Tous types de peaux \u00c2ge : A [&hellip;]<\/p>\n","protected":false},"featured_media":20013,"template":"","meta":[],"product_brand":[174],"product_cat":[15,133],"product_tag":[],"class_list":{"0":"post-20129","1":"product","2":"type-product","3":"status-publish","4":"has-post-thumbnail","6":"product_brand-la-roche-posay","7":"product_cat-tout","8":"product_cat-la-roche-posay","9":"ts_product_brand-la-roche-posay","11":"first","12":"instock","13":"sale","14":"shipping-taxable","15":"purchasable","16":"product-type-simple"},"_links":{"self":[{"href":"https:\/\/para-mirava.ma\/index.php?rest_route=\/wp\/v2\/product\/20129","targetHints":{"allow":["GET"]}}],"collection":[{"href":"https:\/\/para-mirava.ma\/index.php?rest_route=\/wp\/v2\/product"}],"about":[{"href":"https:\/\/para-mirava.ma\/index.php?rest_route=\/wp\/v2\/types\/product"}],"wp:featuredmedia":[{"embeddable":true,"href":"https:\/\/para-mirava.ma\/index.php?rest_route=\/wp\/v2\/media\/20013"}],"wp:attachment":[{"href":"https:\/\/para-mirava.ma\/index.php?rest_route=%2Fwp%2Fv2%2Fmedia&parent=20129"}],"wp:term":[{"taxonomy":"product_brand","embeddable":true,"href":"https:\/\/para-mirava.ma\/index.php?rest_route=%2Fwp%2Fv2%2Fproduct_brand&post=20129"},{"taxonomy":"product_cat","embeddable":true,"href":"https:\/\/para-mirava.ma\/index.php?rest_route=%2Fwp%2Fv2%2Fproduct_cat&post=20129"},{"taxonomy":"product_tag","embeddable":true,"href":"https:\/\/para-mirava.ma\/index.php?rest_route=%2Fwp%2Fv2%2Fproduct_tag&post=20129"}],"curies":[{"name":"wp","href":"https:\/\/api.w.org\/{rel}","templated":true}]}}