{"id":20132,"date":"2026-03-17T17:57:39","date_gmt":"2026-03-17T17:57:39","guid":{"rendered":"https:\/\/para-mirava.ma\/?product=roche-posay-eau-micellaire-physiologique-200ml-2"},"modified":"2026-03-17T18:59:51","modified_gmt":"2026-03-17T18:59:51","slug":"roche-posay-eau-micellaire-physiologique-200ml-2","status":"publish","type":"product","link":"https:\/\/para-mirava.ma\/?product=roche-posay-eau-micellaire-physiologique-200ml-2","title":{"rendered":"ROCHE POSAY EAU MICELLAIRE PHYSIOLOGIQUE 200ML"},"content":{"rendered":"<p>Eau micellaire nettoyante et d\u00e9maquillante.<\/p>\n<p>Parfum physiologique. Peaux sensibles<\/p>\n<p>Les peaux sensibles n&#8217;ont plus \u00e0 choisir entre tol\u00e9rance et efficacit\u00e9 pour leur d\u00e9maquillage !<\/p>\n<p>ULTRA-EFFICACE : \u00c9limine 98% du fond de teint, avec 1 seul coton !*<\/p>\n<p>ULTRA-APAISANT : Enrichie en glyc\u00e9rine hydratante pour plus d&#8217;hydratation et moins de frottements \u00e0 l&#8217;application.<\/p>\n<p>ULTRA-TOL\u00c9RANCE : Test\u00e9e sous contr\u00f4le dermatologique et ophtalmologique sur les peaux sensibles. Parfum physiologique.<\/p>\n<p>*\u00e9tude cosm\u00e9toclinique sur 20 femmes. Les peaux sensibles retrouvent un d\u00e9maquillage quotidien frais, efficace et apaisant. Disponible dans votre parapharmacie en ligne www.cotepara.ma<\/p>\n","protected":false},"excerpt":{"rendered":"<p>Eau micellaire nettoyante et d\u00e9maquillante. Parfum physiologique. Peaux sensibles Les peaux sensibles n&#8217;ont plus \u00e0 choisir entre tol\u00e9rance et efficacit\u00e9 pour leur d\u00e9maquillage ! ULTRA-EFFICACE : \u00c9limine 98% du fond de teint, avec 1 seul coton !* ULTRA-APAISANT : Enrichie en glyc\u00e9rine hydratante pour plus d&#8217;hydratation et moins de frottements \u00e0 l&#8217;application. ULTRA-TOL\u00c9RANCE : Test\u00e9e [&hellip;]<\/p>\n","protected":false},"featured_media":20019,"template":"","meta":[],"product_brand":[174],"product_cat":[15,133],"product_tag":[],"class_list":{"0":"post-20132","1":"product","2":"type-product","3":"status-publish","4":"has-post-thumbnail","6":"product_brand-la-roche-posay","7":"product_cat-tout","8":"product_cat-la-roche-posay","9":"ts_product_brand-la-roche-posay","11":"first","12":"instock","13":"sale","14":"shipping-taxable","15":"purchasable","16":"product-type-simple"},"_links":{"self":[{"href":"https:\/\/para-mirava.ma\/index.php?rest_route=\/wp\/v2\/product\/20132","targetHints":{"allow":["GET"]}}],"collection":[{"href":"https:\/\/para-mirava.ma\/index.php?rest_route=\/wp\/v2\/product"}],"about":[{"href":"https:\/\/para-mirava.ma\/index.php?rest_route=\/wp\/v2\/types\/product"}],"wp:featuredmedia":[{"embeddable":true,"href":"https:\/\/para-mirava.ma\/index.php?rest_route=\/wp\/v2\/media\/20019"}],"wp:attachment":[{"href":"https:\/\/para-mirava.ma\/index.php?rest_route=%2Fwp%2Fv2%2Fmedia&parent=20132"}],"wp:term":[{"taxonomy":"product_brand","embeddable":true,"href":"https:\/\/para-mirava.ma\/index.php?rest_route=%2Fwp%2Fv2%2Fproduct_brand&post=20132"},{"taxonomy":"product_cat","embeddable":true,"href":"https:\/\/para-mirava.ma\/index.php?rest_route=%2Fwp%2Fv2%2Fproduct_cat&post=20132"},{"taxonomy":"product_tag","embeddable":true,"href":"https:\/\/para-mirava.ma\/index.php?rest_route=%2Fwp%2Fv2%2Fproduct_tag&post=20132"}],"curies":[{"name":"wp","href":"https:\/\/api.w.org\/{rel}","templated":true}]}}