{"id":20133,"date":"2026-03-17T17:57:39","date_gmt":"2026-03-17T17:57:39","guid":{"rendered":"https:\/\/para-mirava.ma\/?product=roche-posay-effaclar-gel-200-ml-2"},"modified":"2026-03-17T18:59:51","modified_gmt":"2026-03-17T18:59:51","slug":"roche-posay-effaclar-gel-200-ml-2","status":"publish","type":"product","link":"https:\/\/para-mirava.ma\/?product=roche-posay-effaclar-gel-200-ml-2","title":{"rendered":"ROCHE POSAY EFFACLAR GEL 200 ML"},"content":{"rendered":"<p>Gel moussant nettoyant peau grasse \u00e0 tendance acn\u00e9ique. Purifie la peau. \u00c9limine les impuret\u00e9s et l&#8217;exc\u00e8s de s\u00e9bum. Anti-points noirs.<\/p>\n<p>B\u00c9N\u00c9FICES<br \/>\nLe gel moussant Effaclar est un nettoyant visage pour peaux grasses \u00e0 tendance acn\u00e9ique. Ce gel nettoyant purifiant \u00e9limine en douceur les impuret\u00e9s et l&#8217;exc\u00e8s de s\u00e9bum. Ses agents nettoyants doux respectent l&#8217;\u00e9piderme des peaux sensibles. L&#8217;eau thermale La Roche-Posay apaise et limite les risques d&#8217;irritations. La peau est nette et fra\u00eeche.<\/p>\n<p>Probl\u00e8mes cibl\u00e9s :<br \/>\nImperfections<br \/>\nPoints noirs<br \/>\nExc\u00e8s de s\u00e9bum<\/p>\n<p>Effaclar gel moussant purifiant nettoie en douceur la peau du visage et d\u00e9sobstrue les pores pour une action anti-points noirs.<\/p>\n<p>1\/ NETTOIE ET PURIFIE LA PEAU<br \/>\nCe gel moussant nettoie et purifie la peau gr\u00e2ce \u00e0 ses agents nettoyants ultra doux et au zinc PCA, un actif r\u00e9put\u00e9 pour ses propri\u00e9t\u00e9s s\u00e9bo-r\u00e9gulatrices, antibact\u00e9riennes et anti-inflammatoires. La peau est d\u00e9barrass\u00e9e de ses impuret\u00e9s et de l&#8217;exc\u00e8s de s\u00e9bum. Les imperfections se r\u00e9duisent progressivement.<\/p>\n<p>2\/ RESPECTE LES PEAUX SENSIBLES<br \/>\nLes peaux grasses \u00e0 tendance acn\u00e9ique peuvent \u00eatre aussi sensibles. Formul\u00e9 sans alcool pour \u00e9viter d&#8217;agresser l&#8217;\u00e9piderme, notre gel moussant Effaclar se compose d&#8217;actifs nettoyants qui respectent la barri\u00e8re cutan\u00e9e et de l&#8217;eau thermale La Roche-Posay qui apaise la peau.<\/p>\n<p>Disponible dans votre parapharmacie en ligne www.cotepara.ma<\/p>\n<p>Efficacit\u00e9 cliniquement prouv\u00e9e sur 3000 personnes. pH physiologique. Sans alcool. Agit sur le s\u00e9bum, les imperfections et les points noirs.<\/p>\n<p>Type de peau :<br \/>\nPeaux grasses et sensibles \u00e0 tendance acn\u00e9ique<\/p>\n<p>\u00c2ge :<br \/>\n\u00c0 partir de 18 ans<\/p>\n<p>INDICATION<br \/>\nCe gel moussant visage est indiqu\u00e9 pour nettoyer une peau grasse ou une peau \u00e0 tendance acn\u00e9ique.<\/p>\n","protected":false},"excerpt":{"rendered":"<p>Gel moussant nettoyant peau grasse \u00e0 tendance acn\u00e9ique. Purifie la peau. \u00c9limine les impuret\u00e9s et l&#8217;exc\u00e8s de s\u00e9bum. Anti-points noirs. B\u00c9N\u00c9FICES Le gel moussant Effaclar est un nettoyant visage pour peaux grasses \u00e0 tendance acn\u00e9ique. Ce gel nettoyant purifiant \u00e9limine en douceur les impuret\u00e9s et l&#8217;exc\u00e8s de s\u00e9bum. Ses agents nettoyants doux respectent l&#8217;\u00e9piderme des [&hellip;]<\/p>\n","protected":false},"featured_media":20021,"template":"","meta":[],"product_brand":[174],"product_cat":[15,133],"product_tag":[],"class_list":{"0":"post-20133","1":"product","2":"type-product","3":"status-publish","4":"has-post-thumbnail","6":"product_brand-la-roche-posay","7":"product_cat-tout","8":"product_cat-la-roche-posay","9":"ts_product_brand-la-roche-posay","11":"first","12":"instock","13":"sale","14":"shipping-taxable","15":"purchasable","16":"product-type-simple"},"_links":{"self":[{"href":"https:\/\/para-mirava.ma\/index.php?rest_route=\/wp\/v2\/product\/20133","targetHints":{"allow":["GET"]}}],"collection":[{"href":"https:\/\/para-mirava.ma\/index.php?rest_route=\/wp\/v2\/product"}],"about":[{"href":"https:\/\/para-mirava.ma\/index.php?rest_route=\/wp\/v2\/types\/product"}],"wp:featuredmedia":[{"embeddable":true,"href":"https:\/\/para-mirava.ma\/index.php?rest_route=\/wp\/v2\/media\/20021"}],"wp:attachment":[{"href":"https:\/\/para-mirava.ma\/index.php?rest_route=%2Fwp%2Fv2%2Fmedia&parent=20133"}],"wp:term":[{"taxonomy":"product_brand","embeddable":true,"href":"https:\/\/para-mirava.ma\/index.php?rest_route=%2Fwp%2Fv2%2Fproduct_brand&post=20133"},{"taxonomy":"product_cat","embeddable":true,"href":"https:\/\/para-mirava.ma\/index.php?rest_route=%2Fwp%2Fv2%2Fproduct_cat&post=20133"},{"taxonomy":"product_tag","embeddable":true,"href":"https:\/\/para-mirava.ma\/index.php?rest_route=%2Fwp%2Fv2%2Fproduct_tag&post=20133"}],"curies":[{"name":"wp","href":"https:\/\/api.w.org\/{rel}","templated":true}]}}