{"id":20134,"date":"2026-03-17T17:57:39","date_gmt":"2026-03-17T17:57:39","guid":{"rendered":"https:\/\/para-mirava.ma\/?product=roche-posay-toleriane-dermo-nettoyant-400ml-2"},"modified":"2026-03-17T18:59:51","modified_gmt":"2026-03-17T18:59:51","slug":"roche-posay-toleriane-dermo-nettoyant-400ml-2","status":"publish","type":"product","link":"https:\/\/para-mirava.ma\/?product=roche-posay-toleriane-dermo-nettoyant-400ml-2","title":{"rendered":"ROCHE POSAY TOLERIANE DERMO NETTOYANT 400ML"},"content":{"rendered":"<p>Fluide nettoyant et d\u00e9maquillant, nettoie et d\u00e9maquille le visage et les yeux sans risques d&#8217;irritations, avec ou sans rin\u00e7age.<\/p>\n<p>Pr\u00e9serv\u00e9e de la d\u00e9shydratation et des irritations, la peau est d\u00e9maquill\u00e9e en douceur.<\/p>\n<p>CONSEILS D&#8217;UTILISATION :<br \/>\nAppliquer du bout des doigts en massant de mani\u00e8re circulaire, puis essuyer soigneusement \u00e0 l&#8217;aide d&#8217;un coton, sans frotter. Usage externe.<\/p>\n<p>Disponible dans votre parapharmacie en ligne www.cotepara.ma<\/p>\n","protected":false},"excerpt":{"rendered":"<p>Fluide nettoyant et d\u00e9maquillant, nettoie et d\u00e9maquille le visage et les yeux sans risques d&#8217;irritations, avec ou sans rin\u00e7age. Pr\u00e9serv\u00e9e de la d\u00e9shydratation et des irritations, la peau est d\u00e9maquill\u00e9e en douceur. CONSEILS D&#8217;UTILISATION : Appliquer du bout des doigts en massant de mani\u00e8re circulaire, puis essuyer soigneusement \u00e0 l&#8217;aide d&#8217;un coton, sans frotter. Usage [&hellip;]<\/p>\n","protected":false},"featured_media":20023,"template":"","meta":[],"product_brand":[174],"product_cat":[15,133],"product_tag":[],"class_list":{"0":"post-20134","1":"product","2":"type-product","3":"status-publish","4":"has-post-thumbnail","6":"product_brand-la-roche-posay","7":"product_cat-tout","8":"product_cat-la-roche-posay","9":"ts_product_brand-la-roche-posay","11":"first","12":"instock","13":"sale","14":"shipping-taxable","15":"purchasable","16":"product-type-simple"},"_links":{"self":[{"href":"https:\/\/para-mirava.ma\/index.php?rest_route=\/wp\/v2\/product\/20134","targetHints":{"allow":["GET"]}}],"collection":[{"href":"https:\/\/para-mirava.ma\/index.php?rest_route=\/wp\/v2\/product"}],"about":[{"href":"https:\/\/para-mirava.ma\/index.php?rest_route=\/wp\/v2\/types\/product"}],"wp:featuredmedia":[{"embeddable":true,"href":"https:\/\/para-mirava.ma\/index.php?rest_route=\/wp\/v2\/media\/20023"}],"wp:attachment":[{"href":"https:\/\/para-mirava.ma\/index.php?rest_route=%2Fwp%2Fv2%2Fmedia&parent=20134"}],"wp:term":[{"taxonomy":"product_brand","embeddable":true,"href":"https:\/\/para-mirava.ma\/index.php?rest_route=%2Fwp%2Fv2%2Fproduct_brand&post=20134"},{"taxonomy":"product_cat","embeddable":true,"href":"https:\/\/para-mirava.ma\/index.php?rest_route=%2Fwp%2Fv2%2Fproduct_cat&post=20134"},{"taxonomy":"product_tag","embeddable":true,"href":"https:\/\/para-mirava.ma\/index.php?rest_route=%2Fwp%2Fv2%2Fproduct_tag&post=20134"}],"curies":[{"name":"wp","href":"https:\/\/api.w.org\/{rel}","templated":true}]}}