{"id":20137,"date":"2026-03-17T17:57:40","date_gmt":"2026-03-17T17:57:40","guid":{"rendered":"https:\/\/para-mirava.ma\/?product=roche-posay-toleriane-compact-mineral-13-2"},"modified":"2026-03-17T18:59:50","modified_gmt":"2026-03-17T18:59:50","slug":"roche-posay-toleriane-compact-mineral-13-2","status":"publish","type":"product","link":"https:\/\/para-mirava.ma\/?product=roche-posay-toleriane-compact-mineral-13-2","title":{"rendered":"ROCHE POSAY TOLERIANE COMPACT MINERAL 13"},"content":{"rendered":"<p>Correcteur de teint min\u00e9ral compact &#8212; poudre<\/p>\n<p>Probl\u00e8mes cibl\u00e9s :<br \/>\nMaquillage visage<br \/>\nTeint terne<br \/>\nImperfections<\/p>\n<p>Disponible dans votre parapharmacie en ligne www.cotepara.ma<\/p>\n<p>Type de peau :<br \/>\nPeaux normales \u00e0 mixtes<br \/>\nSensibles \u00e0 intol\u00e9rantes<br \/>\nSoumis \u00e0 des tests d&#8217;allergie<\/p>\n<p>\u00c2ge :<br \/>\nA partir de 13 ans<\/p>\n<p>Corrige et unifie le teint. Purifie et matifie sans obstruer les pores. R\u00e9duit les imperfections jour apr\u00e8s jour.<\/p>\n","protected":false},"excerpt":{"rendered":"<p>Correcteur de teint min\u00e9ral compact &#8212; poudre Probl\u00e8mes cibl\u00e9s : Maquillage visage Teint terne Imperfections Disponible dans votre parapharmacie en ligne www.cotepara.ma Type de peau : Peaux normales \u00e0 mixtes Sensibles \u00e0 intol\u00e9rantes Soumis \u00e0 des tests d&#8217;allergie \u00c2ge : A partir de 13 ans Corrige et unifie le teint. Purifie et matifie sans obstruer [&hellip;]<\/p>\n","protected":false},"featured_media":20029,"template":"","meta":[],"product_brand":[174],"product_cat":[15,133],"product_tag":[],"class_list":{"0":"post-20137","1":"product","2":"type-product","3":"status-publish","4":"has-post-thumbnail","6":"product_brand-la-roche-posay","7":"product_cat-tout","8":"product_cat-la-roche-posay","9":"ts_product_brand-la-roche-posay","11":"first","12":"instock","13":"sale","14":"shipping-taxable","15":"purchasable","16":"product-type-simple"},"_links":{"self":[{"href":"https:\/\/para-mirava.ma\/index.php?rest_route=\/wp\/v2\/product\/20137","targetHints":{"allow":["GET"]}}],"collection":[{"href":"https:\/\/para-mirava.ma\/index.php?rest_route=\/wp\/v2\/product"}],"about":[{"href":"https:\/\/para-mirava.ma\/index.php?rest_route=\/wp\/v2\/types\/product"}],"wp:featuredmedia":[{"embeddable":true,"href":"https:\/\/para-mirava.ma\/index.php?rest_route=\/wp\/v2\/media\/20029"}],"wp:attachment":[{"href":"https:\/\/para-mirava.ma\/index.php?rest_route=%2Fwp%2Fv2%2Fmedia&parent=20137"}],"wp:term":[{"taxonomy":"product_brand","embeddable":true,"href":"https:\/\/para-mirava.ma\/index.php?rest_route=%2Fwp%2Fv2%2Fproduct_brand&post=20137"},{"taxonomy":"product_cat","embeddable":true,"href":"https:\/\/para-mirava.ma\/index.php?rest_route=%2Fwp%2Fv2%2Fproduct_cat&post=20137"},{"taxonomy":"product_tag","embeddable":true,"href":"https:\/\/para-mirava.ma\/index.php?rest_route=%2Fwp%2Fv2%2Fproduct_tag&post=20137"}],"curies":[{"name":"wp","href":"https:\/\/api.w.org\/{rel}","templated":true}]}}