{"id":20139,"date":"2026-03-17T17:57:40","date_gmt":"2026-03-17T17:57:40","guid":{"rendered":"https:\/\/para-mirava.ma\/?product=roche-posay-hydraphase-int-yeux-2"},"modified":"2026-03-17T18:59:50","modified_gmt":"2026-03-17T18:59:50","slug":"roche-posay-hydraphase-int-yeux-2","status":"publish","type":"product","link":"https:\/\/para-mirava.ma\/?product=roche-posay-hydraphase-int-yeux-2","title":{"rendered":"ROCHE POSAY HYDRAPHASE INT YEUX"},"content":{"rendered":"<p>Soin contour des yeux hydratant et anti-fatigue \u00e0 l&#8217;Acide Hyaluronique.<\/p>\n<p>B\u00c9N\u00c9FICES<br \/>\nSoin contour des yeux r\u00e9hydratant anti-poches et paupi\u00e8res gonfl\u00e9es. Concentr\u00e9 en Acide Hyaluronique d&#8217;origine naturelle issu de la technologie verte et en Eau Thermale de La Roche-Posay. Associ\u00e9 \u00e0 la Caf\u00e9ine, anti-fatigue.<\/p>\n<p>Probl\u00e8mes cibl\u00e9s :<br \/>\nPoches<br \/>\nPaupi\u00e8res gonfl\u00e9es<br \/>\nD\u00e9shydratation<br \/>\nSignes de fatigue<\/p>\n<p>Disponible dans votre parapharmacie en ligne www.cotepara.ma<\/p>\n<p>Type de peau :<br \/>\nTous types de Peaux<br \/>\nConvient aux Peaux sensibles et deshydrat\u00e9es<\/p>\n<p>\u00c2ge :<br \/>\n\u00c0 partir de 16 ans<\/p>\n<p>INDICATION<br \/>\nAdapt\u00e9 pour les yeux sensibles et les porteurs de lentilles.<br \/>\nContour des yeux d\u00e9shydrat\u00e9, fatigu\u00e9 et en manque d&#8217;\u00e9clat.<br \/>\nCernes, poches.<br \/>\nTest\u00e9 sous contr\u00f4le ophtalmologique.<\/p>\n","protected":false},"excerpt":{"rendered":"<p>Soin contour des yeux hydratant et anti-fatigue \u00e0 l&#8217;Acide Hyaluronique. B\u00c9N\u00c9FICES Soin contour des yeux r\u00e9hydratant anti-poches et paupi\u00e8res gonfl\u00e9es. Concentr\u00e9 en Acide Hyaluronique d&#8217;origine naturelle issu de la technologie verte et en Eau Thermale de La Roche-Posay. Associ\u00e9 \u00e0 la Caf\u00e9ine, anti-fatigue. Probl\u00e8mes cibl\u00e9s : Poches Paupi\u00e8res gonfl\u00e9es D\u00e9shydratation Signes de fatigue Disponible dans [&hellip;]<\/p>\n","protected":false},"featured_media":20033,"template":"","meta":[],"product_brand":[174],"product_cat":[15,133],"product_tag":[],"class_list":{"0":"post-20139","1":"product","2":"type-product","3":"status-publish","4":"has-post-thumbnail","6":"product_brand-la-roche-posay","7":"product_cat-tout","8":"product_cat-la-roche-posay","9":"ts_product_brand-la-roche-posay","11":"first","12":"instock","13":"sale","14":"shipping-taxable","15":"purchasable","16":"product-type-simple"},"_links":{"self":[{"href":"https:\/\/para-mirava.ma\/index.php?rest_route=\/wp\/v2\/product\/20139","targetHints":{"allow":["GET"]}}],"collection":[{"href":"https:\/\/para-mirava.ma\/index.php?rest_route=\/wp\/v2\/product"}],"about":[{"href":"https:\/\/para-mirava.ma\/index.php?rest_route=\/wp\/v2\/types\/product"}],"wp:featuredmedia":[{"embeddable":true,"href":"https:\/\/para-mirava.ma\/index.php?rest_route=\/wp\/v2\/media\/20033"}],"wp:attachment":[{"href":"https:\/\/para-mirava.ma\/index.php?rest_route=%2Fwp%2Fv2%2Fmedia&parent=20139"}],"wp:term":[{"taxonomy":"product_brand","embeddable":true,"href":"https:\/\/para-mirava.ma\/index.php?rest_route=%2Fwp%2Fv2%2Fproduct_brand&post=20139"},{"taxonomy":"product_cat","embeddable":true,"href":"https:\/\/para-mirava.ma\/index.php?rest_route=%2Fwp%2Fv2%2Fproduct_cat&post=20139"},{"taxonomy":"product_tag","embeddable":true,"href":"https:\/\/para-mirava.ma\/index.php?rest_route=%2Fwp%2Fv2%2Fproduct_tag&post=20139"}],"curies":[{"name":"wp","href":"https:\/\/api.w.org\/{rel}","templated":true}]}}