{"id":20140,"date":"2026-03-17T17:57:40","date_gmt":"2026-03-17T17:57:40","guid":{"rendered":"https:\/\/para-mirava.ma\/?product=roche-posay-effaclar-mat-2"},"modified":"2026-03-17T18:59:50","modified_gmt":"2026-03-17T18:59:50","slug":"roche-posay-effaclar-mat-2","status":"publish","type":"product","link":"https:\/\/para-mirava.ma\/?product=roche-posay-effaclar-mat-2","title":{"rendered":"ROCHE POSAY EFFACLAR MAT+"},"content":{"rendered":"<p>Hydratant s\u00e9bo-r\u00e9gulateur. Anti-brillance, anti-pores dilat\u00e9s.<\/p>\n<p>Probl\u00e8mes cibl\u00e9s :<br \/>\n&#8211; Pores dilat\u00e9s<br \/>\n&#8211; Exc\u00e8s de s\u00e9bum<br \/>\n&#8211; Peaux grasses. Convient aux peaux sensibles.<\/p>\n<p>Texture oil free effet buvard : effet matifiant longue dur\u00e9e d\u00e9montr\u00e9e. Non com\u00e9dog\u00e8ne. Test\u00e9 sous contr\u00f4le dermatologique.<\/p>\n<p>Jour apr\u00e8s jour, agit \u00e0 la source pour une double performance anti brillance + anti pores dilat\u00e9s. Avec l&#8217;association exclusive de :<br \/>\n&#8211; La Sebulyse, actif s\u00e9bo-r\u00e9gulateur cliniquement sup\u00e9rieur au Zinc, pour sa capacit\u00e9 \u00e0 d\u00e9samorcer la production de s\u00e9bum \u00e0 sa source.<br \/>\n&#8211; Texture oil-free enrichie en microsph\u00e8res absorbantes et en perlite pour une peau imm\u00e9diatement matifi\u00e9e.<\/p>\n<p>ACTION ANTI-BRILLANCE<br \/>\n&#8211; 100% Le produit ne laisse pas de film gras<br \/>\n&#8211; 94% La peau est imm\u00e9diatement matifi\u00e9e<br \/>\n&#8211; 90% Jour apr\u00e8s jour, la peau est matifi\u00e9e<\/p>\n<p>ACTION ANTI-PORES DILAT\u00c9S<br \/>\n&#8211; 94% Le grain de peau est plus fin<br \/>\n&#8211; 76% Les pores sont resser\u00e9s<br \/>\n&#8211; 76% Les pores sont moins visibles<\/p>\n<p>POUR UNE MEILLEURE QUALIT\u00c9 DE PEAU<br \/>\n&#8211; 98% Le teint est homog\u00e8ne<br \/>\n&#8211; 96% La peau est plus lisse<br \/>\n&#8211; 90% La peau para\u00eet plus saine<\/p>\n<p>Disponible dans votre parapharmacie en ligne www.cotepara.ma<\/p>\n<p>Test cosm\u00e9toclinique sous contr\u00f4le dermatologique, 4 semaines, auto \u00e9valuation, 150 femmes.<\/p>\n<p>Type de peau :<br \/>\nPeaux grasses et sensibles<\/p>\n<p>\u00c2ge :<br \/>\n\u00c0 partir de 3 ans<\/p>\n<p>R\u00e9duire les pores, le flux de s\u00e9bum. Et fait durer la matit\u00e9.<\/p>\n","protected":false},"excerpt":{"rendered":"<p>Hydratant s\u00e9bo-r\u00e9gulateur. Anti-brillance, anti-pores dilat\u00e9s. Probl\u00e8mes cibl\u00e9s : &#8211; Pores dilat\u00e9s &#8211; Exc\u00e8s de s\u00e9bum &#8211; Peaux grasses. Convient aux peaux sensibles. Texture oil free effet buvard : effet matifiant longue dur\u00e9e d\u00e9montr\u00e9e. Non com\u00e9dog\u00e8ne. Test\u00e9 sous contr\u00f4le dermatologique. Jour apr\u00e8s jour, agit \u00e0 la source pour une double performance anti brillance + anti pores [&hellip;]<\/p>\n","protected":false},"featured_media":20035,"template":"","meta":[],"product_brand":[174],"product_cat":[15,133],"product_tag":[],"class_list":{"0":"post-20140","1":"product","2":"type-product","3":"status-publish","4":"has-post-thumbnail","6":"product_brand-la-roche-posay","7":"product_cat-tout","8":"product_cat-la-roche-posay","9":"ts_product_brand-la-roche-posay","11":"first","12":"instock","13":"sale","14":"shipping-taxable","15":"purchasable","16":"product-type-simple"},"_links":{"self":[{"href":"https:\/\/para-mirava.ma\/index.php?rest_route=\/wp\/v2\/product\/20140","targetHints":{"allow":["GET"]}}],"collection":[{"href":"https:\/\/para-mirava.ma\/index.php?rest_route=\/wp\/v2\/product"}],"about":[{"href":"https:\/\/para-mirava.ma\/index.php?rest_route=\/wp\/v2\/types\/product"}],"wp:featuredmedia":[{"embeddable":true,"href":"https:\/\/para-mirava.ma\/index.php?rest_route=\/wp\/v2\/media\/20035"}],"wp:attachment":[{"href":"https:\/\/para-mirava.ma\/index.php?rest_route=%2Fwp%2Fv2%2Fmedia&parent=20140"}],"wp:term":[{"taxonomy":"product_brand","embeddable":true,"href":"https:\/\/para-mirava.ma\/index.php?rest_route=%2Fwp%2Fv2%2Fproduct_brand&post=20140"},{"taxonomy":"product_cat","embeddable":true,"href":"https:\/\/para-mirava.ma\/index.php?rest_route=%2Fwp%2Fv2%2Fproduct_cat&post=20140"},{"taxonomy":"product_tag","embeddable":true,"href":"https:\/\/para-mirava.ma\/index.php?rest_route=%2Fwp%2Fv2%2Fproduct_tag&post=20140"}],"curies":[{"name":"wp","href":"https:\/\/api.w.org\/{rel}","templated":true}]}}