{"id":20141,"date":"2026-03-17T17:57:40","date_gmt":"2026-03-17T17:57:40","guid":{"rendered":"https:\/\/para-mirava.ma\/?product=roche-posay-mousse-deau-micellaire-150ml-2"},"modified":"2026-03-17T18:59:50","modified_gmt":"2026-03-17T18:59:50","slug":"roche-posay-mousse-deau-micellaire-150ml-2","status":"publish","type":"product","link":"https:\/\/para-mirava.ma\/?product=roche-posay-mousse-deau-micellaire-150ml-2","title":{"rendered":"ROCHE POSAY MOUSSE D&#8217;EAU MICELLAIRE 150ML"},"content":{"rendered":"<p>La MOUSSE D&#8217;EAU MICELLAIRE NETTOYANTE nettoie les impuret\u00e9s et \u00e9limine le maquillage en douceur. Elle lisse la peau et respecte son \u00e9quilibre physiologique gr\u00e2ce \u00e0 sa formule enrichie en polym\u00e8res issus de solutions oculaires m\u00e9dicamenteuses.<\/p>\n<p>CONSEILS D&#8217;APPLICATION :<br \/>\nAppliquer sur la peau humide, masser en r\u00e9alisant des mouvements circulaires du bout des doigts, puis rincer abondamment \u00e0 l&#8217;eau chaude.<br \/>\nAppliquer ensuite la LOTION APAISANTE pour compl\u00e9ter le d\u00e9maquillage.<\/p>\n<p>TEXTURE<br \/>\nMousse fra\u00eeche et l\u00e9g\u00e8re.<br \/>\nAvec de l&#8217;Eau thermale de La Roche-Posay.<\/p>\n<p>PRINCIPAUX B\u00c9N\u00c9FICES<br \/>\nFormul\u00e9e \u00e0 partir de polym\u00e8res issus de solutions oculaires m\u00e9dicamenteuses, la MOUSSE D&#8217;EAU MICELLAIRE NETTOYANTE nettoie la peau en douceur. Sans alcool, elle respecte l&#8217;\u00e9quilibre physiologique de celle-ci.<\/p>\n<p>L&#8217;EXPERTISE SCIENTIFIQUE<br \/>\nPermet aux peaux sensibles d&#8217;appr\u00e9cier le plaisir d&#8217;un rin\u00e7age \u00e0 l&#8217;eau claire.<br \/>\nSans alcool<br \/>\npH physiologique Disponible dans votre parapharmacie en ligne www.cotepara.ma<\/p>\n","protected":false},"excerpt":{"rendered":"<p>La MOUSSE D&#8217;EAU MICELLAIRE NETTOYANTE nettoie les impuret\u00e9s et \u00e9limine le maquillage en douceur. Elle lisse la peau et respecte son \u00e9quilibre physiologique gr\u00e2ce \u00e0 sa formule enrichie en polym\u00e8res issus de solutions oculaires m\u00e9dicamenteuses. CONSEILS D&#8217;APPLICATION : Appliquer sur la peau humide, masser en r\u00e9alisant des mouvements circulaires du bout des doigts, puis rincer [&hellip;]<\/p>\n","protected":false},"featured_media":20037,"template":"","meta":[],"product_brand":[174],"product_cat":[15,133],"product_tag":[],"class_list":{"0":"post-20141","1":"product","2":"type-product","3":"status-publish","4":"has-post-thumbnail","6":"product_brand-la-roche-posay","7":"product_cat-tout","8":"product_cat-la-roche-posay","9":"ts_product_brand-la-roche-posay","11":"first","12":"instock","13":"sale","14":"shipping-taxable","15":"purchasable","16":"product-type-simple"},"_links":{"self":[{"href":"https:\/\/para-mirava.ma\/index.php?rest_route=\/wp\/v2\/product\/20141","targetHints":{"allow":["GET"]}}],"collection":[{"href":"https:\/\/para-mirava.ma\/index.php?rest_route=\/wp\/v2\/product"}],"about":[{"href":"https:\/\/para-mirava.ma\/index.php?rest_route=\/wp\/v2\/types\/product"}],"wp:featuredmedia":[{"embeddable":true,"href":"https:\/\/para-mirava.ma\/index.php?rest_route=\/wp\/v2\/media\/20037"}],"wp:attachment":[{"href":"https:\/\/para-mirava.ma\/index.php?rest_route=%2Fwp%2Fv2%2Fmedia&parent=20141"}],"wp:term":[{"taxonomy":"product_brand","embeddable":true,"href":"https:\/\/para-mirava.ma\/index.php?rest_route=%2Fwp%2Fv2%2Fproduct_brand&post=20141"},{"taxonomy":"product_cat","embeddable":true,"href":"https:\/\/para-mirava.ma\/index.php?rest_route=%2Fwp%2Fv2%2Fproduct_cat&post=20141"},{"taxonomy":"product_tag","embeddable":true,"href":"https:\/\/para-mirava.ma\/index.php?rest_route=%2Fwp%2Fv2%2Fproduct_tag&post=20141"}],"curies":[{"name":"wp","href":"https:\/\/api.w.org\/{rel}","templated":true}]}}