{"id":20143,"date":"2026-03-17T17:57:41","date_gmt":"2026-03-17T17:57:41","guid":{"rendered":"https:\/\/para-mirava.ma\/?product=roche-posay-redermic-c-yeux-15-ml-2"},"modified":"2026-03-17T18:59:49","modified_gmt":"2026-03-17T18:59:49","slug":"roche-posay-redermic-c-yeux-15-ml-2","status":"publish","type":"product","link":"https:\/\/para-mirava.ma\/?product=roche-posay-redermic-c-yeux-15-ml-2","title":{"rendered":"ROCHE POSAY REDERMIC C YEUX 15 ML"},"content":{"rendered":"<p>ACTION<\/p>\n<p>REDERMIC C att\u00e9nue les rides et floute les irr\u00e9gularit\u00e9s.<\/p>\n<p>CONSEILS D&#8217;APPLICATION :<\/p>\n<p>Appliquer matin et soir.<\/p>\n<p>Lisser du coin interne vers le coin externe de l&#8217;\u0153il.<\/p>\n<p>TEXTURE<\/p>\n<p>Frais et l\u00e9ger, avec un fini velout\u00e9. Non gras. Non com\u00e9dog\u00e8ne.<\/p>\n<p>Avec l&#8217;Eau thermale de La Roche-Posay.<\/p>\n<p>PRINCIPAUX AVANTAGES<\/p>\n<p>REDERMIC C associe de la vitamine C pure \u00e0 de l&#8217;acide hyaluronique fragment\u00e9 et \u00e0 du mannose pour :<\/p>\n<p>&#8212; r\u00e9duire l&#8217;apparence des rides<\/p>\n<p>&#8212; raffermir visiblement la peau<\/p>\n<p>&#8212; unifier le teint.<\/p>\n<p>L&#8217;EXPERTISE SCIENTIFIQUE<\/p>\n<p>Test\u00e9 sur l&#8217;uniformit\u00e9 du teint<\/p>\n<p>Perte d&#8217;\u00e9clat de la peau* -52 %<\/p>\n<p>Troubles vasculaires** -56 %<\/p>\n<p>Signes de rosac\u00e9e** -33 %<\/p>\n<p>*\u00c9valuation clinique sur 41 sujets apr\u00e8s 8 semaines.<\/p>\n<p>Disponible dans votre parapharmacie en ligne www.cotepara.ma<\/p>\n<p>Bonne efficacit\u00e9 sur les rides<\/p>\n<p>Rides sous les yeux* -22 %<\/p>\n<p>Pattes d&#8217;oie* -15 %<\/p>\n<p>*\u00c9valuation clinique sur 50 sujets \u00e0 la peau s\u00e8che et 51 sujets \u00e0 la peau mixte, apr\u00e8s 8 semaines.<\/p>\n<p>R\u00e9sultats imm\u00e9diats sur l&#8217;uniformit\u00e9 du teint.<\/p>\n<p>Formule sp\u00e9cifique pour une efficacit\u00e9 anti-\u00e2ge adapt\u00e9e aux peaux sensibles<\/p>\n","protected":false},"excerpt":{"rendered":"<p>ACTION REDERMIC C att\u00e9nue les rides et floute les irr\u00e9gularit\u00e9s. CONSEILS D&#8217;APPLICATION : Appliquer matin et soir. Lisser du coin interne vers le coin externe de l&#8217;\u0153il. TEXTURE Frais et l\u00e9ger, avec un fini velout\u00e9. Non gras. Non com\u00e9dog\u00e8ne. Avec l&#8217;Eau thermale de La Roche-Posay. PRINCIPAUX AVANTAGES REDERMIC C associe de la vitamine C pure [&hellip;]<\/p>\n","protected":false},"featured_media":20041,"template":"","meta":[],"product_brand":[174],"product_cat":[15,133],"product_tag":[],"class_list":{"0":"post-20143","1":"product","2":"type-product","3":"status-publish","4":"has-post-thumbnail","6":"product_brand-la-roche-posay","7":"product_cat-tout","8":"product_cat-la-roche-posay","9":"ts_product_brand-la-roche-posay","11":"first","12":"instock","13":"sale","14":"shipping-taxable","15":"purchasable","16":"product-type-simple"},"_links":{"self":[{"href":"https:\/\/para-mirava.ma\/index.php?rest_route=\/wp\/v2\/product\/20143","targetHints":{"allow":["GET"]}}],"collection":[{"href":"https:\/\/para-mirava.ma\/index.php?rest_route=\/wp\/v2\/product"}],"about":[{"href":"https:\/\/para-mirava.ma\/index.php?rest_route=\/wp\/v2\/types\/product"}],"wp:featuredmedia":[{"embeddable":true,"href":"https:\/\/para-mirava.ma\/index.php?rest_route=\/wp\/v2\/media\/20041"}],"wp:attachment":[{"href":"https:\/\/para-mirava.ma\/index.php?rest_route=%2Fwp%2Fv2%2Fmedia&parent=20143"}],"wp:term":[{"taxonomy":"product_brand","embeddable":true,"href":"https:\/\/para-mirava.ma\/index.php?rest_route=%2Fwp%2Fv2%2Fproduct_brand&post=20143"},{"taxonomy":"product_cat","embeddable":true,"href":"https:\/\/para-mirava.ma\/index.php?rest_route=%2Fwp%2Fv2%2Fproduct_cat&post=20143"},{"taxonomy":"product_tag","embeddable":true,"href":"https:\/\/para-mirava.ma\/index.php?rest_route=%2Fwp%2Fv2%2Fproduct_tag&post=20143"}],"curies":[{"name":"wp","href":"https:\/\/api.w.org\/{rel}","templated":true}]}}