{"id":20144,"date":"2026-03-17T17:57:41","date_gmt":"2026-03-17T17:57:41","guid":{"rendered":"https:\/\/para-mirava.ma\/?product=roche-posay-cicaplast-mains-50ml-2"},"modified":"2026-03-17T18:59:49","modified_gmt":"2026-03-17T18:59:49","slug":"roche-posay-cicaplast-mains-50ml-2","status":"publish","type":"product","link":"https:\/\/para-mirava.ma\/?product=roche-posay-cicaplast-mains-50ml-2","title":{"rendered":"ROCHE POSAY CICAPLAST MAINS 50ML"},"content":{"rendered":"<p>Cr\u00e8me mains r\u00e9paratrice. R\u00e9pare et apaise la peau. Prot\u00e8ge des agressions ext\u00e9rieures. Formulation haute tol\u00e9rance.<\/p>\n<p>B\u00c9N\u00c9FICES<br \/>\nLa cr\u00e8me main Cicaplast est le r\u00e9flexe pour soigner les mains sur-sollicit\u00e9es et tr\u00e8s ab\u00eem\u00e9es par l&#8217;ecz\u00e9ma, le froid, les frottements ou encore les lavages trop fr\u00e9quents. Enrichie en niacinamide (\u00e0 4 %) et en glyc\u00e9rine (concentr\u00e9e \u00e0 30 %), cette cr\u00e8me pour les mains apaise, prot\u00e8ge et restaure la barri\u00e8re cutan\u00e9e. Appliqu\u00e9e r\u00e9guli\u00e8rement tout au long de la journ\u00e9e, la cr\u00e8me mains Cicaplast apporte du confort \u00e0 la peau et lui permet de se d\u00e9fendre contre les agressions externes.<\/p>\n<p>La cr\u00e8me mains Cicaplast r\u00e9pare et prot\u00e8ge les mains sur-sollicit\u00e9es et les mains ab\u00eem\u00e9es par le gel hydroalcoolique, le froid, les frottements&#8230;<\/p>\n<p>1\/ R\u00c9PARE ET APAISE LA PEAU<br \/>\nCette cr\u00e8me pour les mains contient de la niacinamide et de la glyc\u00e9rine, deux actifs apaisants, hydratants et r\u00e9parateurs qui restaurent le film hydrolipidique et rendent la peau plus souple et plus confortable. Les sensations d&#8217;irritations et de tiraillements ainsi que les rougeurs sont imm\u00e9diatement r\u00e9duites.<\/p>\n<p>2\/ PROT\u00c8GE DES AGRESSIONS EXT\u00c9RIEURES<br \/>\nGr\u00e2ce \u00e0 sa formulation, la cr\u00e8me mains poss\u00e8de une texture barri\u00e8re qui r\u00e9siste aux lavages r\u00e9p\u00e9t\u00e9s et aux frictions. Les mains sont prot\u00e9g\u00e9es des agressions ext\u00e9rieures durablement.<\/p>\n<p>3\/ FORMULATION HAUTE TOL\u00c9RANCE<br \/>\nLa cr\u00e8me r\u00e9paratrice mains Cicaplast est formul\u00e9e sans parfum et test\u00e9e sur les peaux sensibles \u00e0 tendance atopique. De ce fait, elle peut \u00eatre appliqu\u00e9e sur toutes les mains.<\/p>\n<p>Efficacit\u00e9 cliniquement prouv\u00e9e et test\u00e9e par des professionnels qui utilisent leurs mains comme outils de travail.<\/p>\n<p>Disponible dans votre parapharmacie en ligne www.cotepara.ma<\/p>\n<p>Apr\u00e8s la 1\u00e8re application:<br \/>\n96 % des personnes ont ressenti une douceur imm\u00e9diate<br \/>\n90 % ont trouv\u00e9 leur peau moins s\u00e8che<\/p>\n<p>INDICATION<br \/>\nMains sur-sollicit\u00e9es et ab\u00eem\u00e9es. Usage domestique et professionnel.<\/p>\n","protected":false},"excerpt":{"rendered":"<p>Cr\u00e8me mains r\u00e9paratrice. R\u00e9pare et apaise la peau. Prot\u00e8ge des agressions ext\u00e9rieures. Formulation haute tol\u00e9rance. B\u00c9N\u00c9FICES La cr\u00e8me main Cicaplast est le r\u00e9flexe pour soigner les mains sur-sollicit\u00e9es et tr\u00e8s ab\u00eem\u00e9es par l&#8217;ecz\u00e9ma, le froid, les frottements ou encore les lavages trop fr\u00e9quents. Enrichie en niacinamide (\u00e0 4 %) et en glyc\u00e9rine (concentr\u00e9e \u00e0 30 [&hellip;]<\/p>\n","protected":false},"featured_media":20043,"template":"","meta":[],"product_brand":[174],"product_cat":[15,133],"product_tag":[],"class_list":{"0":"post-20144","1":"product","2":"type-product","3":"status-publish","4":"has-post-thumbnail","6":"product_brand-la-roche-posay","7":"product_cat-tout","8":"product_cat-la-roche-posay","9":"ts_product_brand-la-roche-posay","11":"first","12":"instock","13":"sale","14":"shipping-taxable","15":"purchasable","16":"product-type-simple"},"_links":{"self":[{"href":"https:\/\/para-mirava.ma\/index.php?rest_route=\/wp\/v2\/product\/20144","targetHints":{"allow":["GET"]}}],"collection":[{"href":"https:\/\/para-mirava.ma\/index.php?rest_route=\/wp\/v2\/product"}],"about":[{"href":"https:\/\/para-mirava.ma\/index.php?rest_route=\/wp\/v2\/types\/product"}],"wp:featuredmedia":[{"embeddable":true,"href":"https:\/\/para-mirava.ma\/index.php?rest_route=\/wp\/v2\/media\/20043"}],"wp:attachment":[{"href":"https:\/\/para-mirava.ma\/index.php?rest_route=%2Fwp%2Fv2%2Fmedia&parent=20144"}],"wp:term":[{"taxonomy":"product_brand","embeddable":true,"href":"https:\/\/para-mirava.ma\/index.php?rest_route=%2Fwp%2Fv2%2Fproduct_brand&post=20144"},{"taxonomy":"product_cat","embeddable":true,"href":"https:\/\/para-mirava.ma\/index.php?rest_route=%2Fwp%2Fv2%2Fproduct_cat&post=20144"},{"taxonomy":"product_tag","embeddable":true,"href":"https:\/\/para-mirava.ma\/index.php?rest_route=%2Fwp%2Fv2%2Fproduct_tag&post=20144"}],"curies":[{"name":"wp","href":"https:\/\/api.w.org\/{rel}","templated":true}]}}