{"id":20145,"date":"2026-03-17T17:57:41","date_gmt":"2026-03-17T17:57:41","guid":{"rendered":"https:\/\/para-mirava.ma\/?product=roche-posay-kerium-shp-doux-400ml-2"},"modified":"2026-03-17T18:59:49","modified_gmt":"2026-03-17T18:59:49","slug":"roche-posay-kerium-shp-doux-400ml-2","status":"publish","type":"product","link":"https:\/\/para-mirava.ma\/?product=roche-posay-kerium-shp-doux-400ml-2","title":{"rendered":"ROCHE POSAY KERIUM SHP DOUX 400ML"},"content":{"rendered":"<p>Shampooing-gel physiologique. Apaisant anti-d\u00e9mangeaisons. Brillance et haute nutrition. Cheveux l\u00e9gers, doux et brillants.<\/p>\n<p>Cuir chevelu sensible. Cheveux normaux. Usage fr\u00e9quent.<\/p>\n<p>Formul\u00e9 avec de l&#8217;eau thermale de La Roche-Posay, KERIUM DOUX EXTREME procure une sensation de confort imm\u00e9diate et soulage durablement le cuir chevelu.<\/p>\n<p>Sans silicone pour un touch\u00e9 naturel. Test\u00e9 sous contr\u00f4le dermatologique.<\/p>\n<p>Disponible dans votre parapharmacie en ligne www.cotepara.ma<\/p>\n<p>Confort et anti-d\u00e9mangeaisons.<\/p>\n<p>Imm\u00e9diatement : r\u00e9duction des d\u00e9mangeaisons, picotements, sensations de chaleur. Apr\u00e8s 3 semaines : r\u00e9duction de la fr\u00e9quence de grattage. R\u00e9duction de l&#8217;\u00e9ryth\u00e8me jusqu&#8217;\u00e0 2 jours apr\u00e8s le lavage. L\u00e9g\u00e8ret\u00e9, douceur et brillance des cheveux.<\/p>\n<p>Apaisement imm\u00e9diat et durable.<\/p>\n<p>L\u00e9g\u00e8ret\u00e9, douceur et brillance.<\/p>\n","protected":false},"excerpt":{"rendered":"<p>Shampooing-gel physiologique. Apaisant anti-d\u00e9mangeaisons. Brillance et haute nutrition. Cheveux l\u00e9gers, doux et brillants. Cuir chevelu sensible. Cheveux normaux. Usage fr\u00e9quent. Formul\u00e9 avec de l&#8217;eau thermale de La Roche-Posay, KERIUM DOUX EXTREME procure une sensation de confort imm\u00e9diate et soulage durablement le cuir chevelu. Sans silicone pour un touch\u00e9 naturel. Test\u00e9 sous contr\u00f4le dermatologique. Disponible dans [&hellip;]<\/p>\n","protected":false},"featured_media":20045,"template":"","meta":[],"product_brand":[174],"product_cat":[15,133],"product_tag":[],"class_list":{"0":"post-20145","1":"product","2":"type-product","3":"status-publish","4":"has-post-thumbnail","6":"product_brand-la-roche-posay","7":"product_cat-tout","8":"product_cat-la-roche-posay","9":"ts_product_brand-la-roche-posay","11":"first","12":"instock","13":"sale","14":"shipping-taxable","15":"purchasable","16":"product-type-simple"},"_links":{"self":[{"href":"https:\/\/para-mirava.ma\/index.php?rest_route=\/wp\/v2\/product\/20145","targetHints":{"allow":["GET"]}}],"collection":[{"href":"https:\/\/para-mirava.ma\/index.php?rest_route=\/wp\/v2\/product"}],"about":[{"href":"https:\/\/para-mirava.ma\/index.php?rest_route=\/wp\/v2\/types\/product"}],"wp:featuredmedia":[{"embeddable":true,"href":"https:\/\/para-mirava.ma\/index.php?rest_route=\/wp\/v2\/media\/20045"}],"wp:attachment":[{"href":"https:\/\/para-mirava.ma\/index.php?rest_route=%2Fwp%2Fv2%2Fmedia&parent=20145"}],"wp:term":[{"taxonomy":"product_brand","embeddable":true,"href":"https:\/\/para-mirava.ma\/index.php?rest_route=%2Fwp%2Fv2%2Fproduct_brand&post=20145"},{"taxonomy":"product_cat","embeddable":true,"href":"https:\/\/para-mirava.ma\/index.php?rest_route=%2Fwp%2Fv2%2Fproduct_cat&post=20145"},{"taxonomy":"product_tag","embeddable":true,"href":"https:\/\/para-mirava.ma\/index.php?rest_route=%2Fwp%2Fv2%2Fproduct_tag&post=20145"}],"curies":[{"name":"wp","href":"https:\/\/api.w.org\/{rel}","templated":true}]}}