{"id":20147,"date":"2026-03-17T17:57:42","date_gmt":"2026-03-17T17:57:42","guid":{"rendered":"https:\/\/para-mirava.ma\/?product=roche-posay-cicaplast-baume-b5-spf-50-40ml-new-2"},"modified":"2026-03-17T18:59:49","modified_gmt":"2026-03-17T18:59:49","slug":"roche-posay-cicaplast-baume-b5-spf-50-40ml-new-2","status":"publish","type":"product","link":"https:\/\/para-mirava.ma\/?product=roche-posay-cicaplast-baume-b5-spf-50-40ml-new-2","title":{"rendered":"ROCHE POSAY CICAPLAST BAUME B5 SPF 50 40ML NEW"},"content":{"rendered":"<p>Irritations superficielles. Peaux fragilis\u00e9es. R\u00e9parateur. Apaisant. Protecteur anti-marques. Probl\u00e8mes cibl\u00e9s :<\/p>\n<p>Exposition aux UV quotidiens<br \/>\nIrritations superficielles (dont post-interventions dermatologiques)<br \/>\nPeaux fragilis\u00e9es<br \/>\nRisque de pigmentation (marques pigmentaires rouge, taches brunes)<br \/>\nRisque de d\u00e9gradation (d\u00e9finition et couleur) des tatouages (anciens et r\u00e9cents)<\/p>\n<p>Expos\u00e9s aux UV quotidiens, les irritations superficielles (dont post-interventions dermatologiques) pr\u00e9sentent un risque d&#8217;hyperpigmentation (marques pigmentaires rouge ou brune), et les tatouages r\u00e9cents ou anciens pr\u00e9sentent un risque de d\u00e9gradation (d\u00e9finition et couleur).<\/p>\n<p>INNOVATION ANTI-MARQUES<\/p>\n<p>CICAPLAST BAUME B5 spf 50, pour les peaux fragilis\u00e9es expos\u00e9es aux UV ou \u00e0 risque de pigmentation. Convient aux peaux tatou\u00e9es. Une action compl\u00e8te :<\/p>\n<p>Disponible dans votre parapharmacie en ligne www.cotepara.ma<\/p>\n<p>Pr\u00e9vention des marques cicatricielles rouges et brunes<br \/>\n[Haute protection UVA\/UVB spf 50] + [ProceradTM, c\u00e9ramide brevet\u00e9]<br \/>\nR\u00e9paration \u00e9pidermique de qualit\u00e9 : [Mad\u00e9cassoside]<br \/>\nApaisement, confort, anti-d\u00e9mangeaisons : [Panth\u00e9nol \u00e0 5%].<\/p>\n<p>Type de peau :<br \/>\nConvient aux peaux tatou\u00e9es<br \/>\nSensible<br \/>\nTous types de peaux<\/p>\n<p>\u00c2ge :<br \/>\nA partir de 3 ans<\/p>\n","protected":false},"excerpt":{"rendered":"<p>Irritations superficielles. Peaux fragilis\u00e9es. R\u00e9parateur. Apaisant. Protecteur anti-marques. Probl\u00e8mes cibl\u00e9s : Exposition aux UV quotidiens Irritations superficielles (dont post-interventions dermatologiques) Peaux fragilis\u00e9es Risque de pigmentation (marques pigmentaires rouge, taches brunes) Risque de d\u00e9gradation (d\u00e9finition et couleur) des tatouages (anciens et r\u00e9cents) Expos\u00e9s aux UV quotidiens, les irritations superficielles (dont post-interventions dermatologiques) pr\u00e9sentent un risque d&#8217;hyperpigmentation [&hellip;]<\/p>\n","protected":false},"featured_media":20049,"template":"","meta":[],"product_brand":[174],"product_cat":[15,133],"product_tag":[],"class_list":{"0":"post-20147","1":"product","2":"type-product","3":"status-publish","4":"has-post-thumbnail","6":"product_brand-la-roche-posay","7":"product_cat-tout","8":"product_cat-la-roche-posay","9":"ts_product_brand-la-roche-posay","11":"first","12":"instock","13":"sale","14":"shipping-taxable","15":"purchasable","16":"product-type-simple"},"_links":{"self":[{"href":"https:\/\/para-mirava.ma\/index.php?rest_route=\/wp\/v2\/product\/20147","targetHints":{"allow":["GET"]}}],"collection":[{"href":"https:\/\/para-mirava.ma\/index.php?rest_route=\/wp\/v2\/product"}],"about":[{"href":"https:\/\/para-mirava.ma\/index.php?rest_route=\/wp\/v2\/types\/product"}],"wp:featuredmedia":[{"embeddable":true,"href":"https:\/\/para-mirava.ma\/index.php?rest_route=\/wp\/v2\/media\/20049"}],"wp:attachment":[{"href":"https:\/\/para-mirava.ma\/index.php?rest_route=%2Fwp%2Fv2%2Fmedia&parent=20147"}],"wp:term":[{"taxonomy":"product_brand","embeddable":true,"href":"https:\/\/para-mirava.ma\/index.php?rest_route=%2Fwp%2Fv2%2Fproduct_brand&post=20147"},{"taxonomy":"product_cat","embeddable":true,"href":"https:\/\/para-mirava.ma\/index.php?rest_route=%2Fwp%2Fv2%2Fproduct_cat&post=20147"},{"taxonomy":"product_tag","embeddable":true,"href":"https:\/\/para-mirava.ma\/index.php?rest_route=%2Fwp%2Fv2%2Fproduct_tag&post=20147"}],"curies":[{"name":"wp","href":"https:\/\/api.w.org\/{rel}","templated":true}]}}