{"id":20148,"date":"2026-03-17T17:57:42","date_gmt":"2026-03-17T17:57:42","guid":{"rendered":"https:\/\/para-mirava.ma\/?product=roche-posay-effaclar-masque-100ml-2"},"modified":"2026-03-17T18:59:49","modified_gmt":"2026-03-17T18:59:49","slug":"roche-posay-effaclar-masque-100ml-2","status":"publish","type":"product","link":"https:\/\/para-mirava.ma\/?product=roche-posay-effaclar-masque-100ml-2","title":{"rendered":"ROCHE POSAY EFFACLAR MASQUE 100ML"},"content":{"rendered":"<p>Masque purifiant, d\u00e9sincrustant, anti-brillance.<\/p>\n<p>B\u00c9N\u00c9FICES:<br \/>\nLe masque purifiant Effaclar est un masque visage pour peaux acn\u00e9iques et grasses. Enrichi en argiles douces et en Eau Thermale La Roche-Posay, il purifie la peau, r\u00e9gule la production de s\u00e9bum et d\u00e9sincruste les pores, le tout sans ass\u00e9cher, ni agresser l&#8217;\u00e9piderme. La peau est nette, matifi\u00e9e et purifi\u00e9e.<\/p>\n<p>Probl\u00e8mes cibl\u00e9s:<br \/>\n&#8211; Points noirs<br \/>\n&#8211; Exc\u00e8s de s\u00e9bum<br \/>\n&#8211; Imperfections<br \/>\n&#8211; Impuret\u00e9s<\/p>\n<p>TEXTURE:<br \/>\nTexture \u00e9paisse facile \u00e0 appliquer et \u00e0 rincer. Format tube pratique qui permet de bien doser la quantit\u00e9 de masque.<\/p>\n<p>APPLICATION:<br \/>\nSur peau propre et s\u00e8che, appliquez le masque peau acn\u00e9ique Effaclar en fine couche 1 \u00e0 2 fois par semaine. Laissez poser 5 minutes puis rincez abondamment \u00e0 l&#8217;eau claire avant d&#8217;appliquer votre soin Effaclar.<br \/>\n\u00c9vitez le contour des yeux et des l\u00e8vres. En cas de contact avec les yeux, rincez imm\u00e9diatement et abondamment.<\/p>\n<p>ROUTINE DE SOINS:<br \/>\nAdoptez notre routine de soins peau grasse\/peau \u00e0 imperfections en utilisant dans un premier temps le nettoyant visage gel moussant Effaclar, puis la lotion astringente Effaclar, le s\u00e9rum anti-imperfections Effaclar et enfin la cr\u00e8me hydratante anti-imperfections Effaclar DUO+.<\/p>\n<p>Type de peau:<br \/>\nPeaux grasses et sensibles \u00e0 tendance acn\u00e9ique<\/p>\n<p>\u00c2ge:<br \/>\n\u00c0 partir de 12 ans<\/p>\n<p>INDICATION:<br \/>\nCe masque purifiant visage convient parfaitement aux peaux mixtes, aux peaux grasses et aux peaux \u00e0 tendance acn\u00e9ique. Il est \u00e9galement indiqu\u00e9 pour compl\u00e9ter une routine peau sensible \u00e0 imperfections et peut s&#8217;inscrire dans un traitement des boutons d&#8217;acn\u00e9 sur le visage.<\/p>\n","protected":false},"excerpt":{"rendered":"<p>Masque purifiant, d\u00e9sincrustant, anti-brillance. B\u00c9N\u00c9FICES: Le masque purifiant Effaclar est un masque visage pour peaux acn\u00e9iques et grasses. Enrichi en argiles douces et en Eau Thermale La Roche-Posay, il purifie la peau, r\u00e9gule la production de s\u00e9bum et d\u00e9sincruste les pores, le tout sans ass\u00e9cher, ni agresser l&#8217;\u00e9piderme. La peau est nette, matifi\u00e9e et purifi\u00e9e. [&hellip;]<\/p>\n","protected":false},"featured_media":20051,"template":"","meta":[],"product_brand":[174],"product_cat":[15,133],"product_tag":[],"class_list":{"0":"post-20148","1":"product","2":"type-product","3":"status-publish","4":"has-post-thumbnail","6":"product_brand-la-roche-posay","7":"product_cat-tout","8":"product_cat-la-roche-posay","9":"ts_product_brand-la-roche-posay","11":"first","12":"instock","13":"sale","14":"shipping-taxable","15":"purchasable","16":"product-type-simple"},"_links":{"self":[{"href":"https:\/\/para-mirava.ma\/index.php?rest_route=\/wp\/v2\/product\/20148","targetHints":{"allow":["GET"]}}],"collection":[{"href":"https:\/\/para-mirava.ma\/index.php?rest_route=\/wp\/v2\/product"}],"about":[{"href":"https:\/\/para-mirava.ma\/index.php?rest_route=\/wp\/v2\/types\/product"}],"wp:featuredmedia":[{"embeddable":true,"href":"https:\/\/para-mirava.ma\/index.php?rest_route=\/wp\/v2\/media\/20051"}],"wp:attachment":[{"href":"https:\/\/para-mirava.ma\/index.php?rest_route=%2Fwp%2Fv2%2Fmedia&parent=20148"}],"wp:term":[{"taxonomy":"product_brand","embeddable":true,"href":"https:\/\/para-mirava.ma\/index.php?rest_route=%2Fwp%2Fv2%2Fproduct_brand&post=20148"},{"taxonomy":"product_cat","embeddable":true,"href":"https:\/\/para-mirava.ma\/index.php?rest_route=%2Fwp%2Fv2%2Fproduct_cat&post=20148"},{"taxonomy":"product_tag","embeddable":true,"href":"https:\/\/para-mirava.ma\/index.php?rest_route=%2Fwp%2Fv2%2Fproduct_tag&post=20148"}],"curies":[{"name":"wp","href":"https:\/\/api.w.org\/{rel}","templated":true}]}}