{"id":20152,"date":"2026-03-17T17:57:43","date_gmt":"2026-03-17T17:57:43","guid":{"rendered":"https:\/\/para-mirava.ma\/?product=roche-posay-anthelios-creme-matifiante-invisible-spf50-50ml-2"},"modified":"2026-03-17T18:59:48","modified_gmt":"2026-03-17T18:59:48","slug":"roche-posay-anthelios-creme-matifiante-invisible-spf50-50ml-2","status":"publish","type":"product","link":"https:\/\/para-mirava.ma\/?product=roche-posay-anthelios-creme-matifiante-invisible-spf50-50ml-2","title":{"rendered":"ROCHE POSAY ANTHELIOS CREME MATIFIANTE INVISIBLE SPF50+ 50ML"},"content":{"rendered":"<p>Peau sujette aux intol\u00e9rances solaires, commun\u00e9ment appel\u00e9es allergies solaires.<\/p>\n<p>Ensoleillement extr\u00eame.<\/p>\n<p>Pr\u00e9vention des taches pigmentaires dues au soleil (grossesses, photosensibilisations,&#8230;).<\/p>\n<p>Tr\u00e8s haute protection UVA\/UVB, large et photostable.<\/p>\n<p>Protection optimale SPF 50+ renforc\u00e9e contre les UVA (niveau plus strict que la recommandation europ\u00e9enne sur les produits solaires) gr\u00e2ce au syst\u00e8me filtrant brevet\u00e9 Mexoplex\u00ae associ\u00e9 \u00e0 l&#8217;eau thermale de La Roche-Posay, apaisante et antioxydante.Texture toucher sec : double action anti-brillance, absorption imm\u00e9diate, fini ultra-sec, sans trace blanche.Id\u00e9al pour les peaux mixtes \u00e0 grasses.Tr\u00e8s r\u00e9sistant \u00e0 l&#8217;eau.Test\u00e9 sous contr\u00f4le dermatologique. Sans parfum, sans paraben, non-com\u00e9dog\u00e8ne.<\/p>\n<p>EFFICACIT\u00c9<\/p>\n<p>Pr\u00e9vient les intol\u00e9rances solaires, commun\u00e9ment appel\u00e9es allergies solaires. Pr\u00e9vient \u00e9galement les taches pigmentaires dues au soleil (grossesses, photosensibilisations&#8230;).<\/p>\n<p>Pr\u00e9serve du vieillissement cutan\u00e9 pr\u00e9matur\u00e9 et des dommages cellulaires \u00e0 long terme.<\/p>\n<p>Disponible dans votre parapharmacie en ligne www.cotepara.ma<\/p>\n<p>Conseils d&#8217;utilisation<\/p>\n<p>Appliquer le produit juste avant l&#8217;exposition. Renouveler g\u00e9n\u00e9reusement et fr\u00e9quemment, surtout apr\u00e8s une baignade ou s&#8217;\u00eatre essuy\u00e9<\/p>\n","protected":false},"excerpt":{"rendered":"<p>Peau sujette aux intol\u00e9rances solaires, commun\u00e9ment appel\u00e9es allergies solaires. Ensoleillement extr\u00eame. Pr\u00e9vention des taches pigmentaires dues au soleil (grossesses, photosensibilisations,&#8230;). Tr\u00e8s haute protection UVA\/UVB, large et photostable. Protection optimale SPF 50+ renforc\u00e9e contre les UVA (niveau plus strict que la recommandation europ\u00e9enne sur les produits solaires) gr\u00e2ce au syst\u00e8me filtrant brevet\u00e9 Mexoplex\u00ae associ\u00e9 \u00e0 l&#8217;eau [&hellip;]<\/p>\n","protected":false},"featured_media":20059,"template":"","meta":[],"product_brand":[174],"product_cat":[15,133],"product_tag":[],"class_list":{"0":"post-20152","1":"product","2":"type-product","3":"status-publish","4":"has-post-thumbnail","6":"product_brand-la-roche-posay","7":"product_cat-tout","8":"product_cat-la-roche-posay","9":"ts_product_brand-la-roche-posay","11":"first","12":"instock","13":"sale","14":"shipping-taxable","15":"purchasable","16":"product-type-simple"},"_links":{"self":[{"href":"https:\/\/para-mirava.ma\/index.php?rest_route=\/wp\/v2\/product\/20152","targetHints":{"allow":["GET"]}}],"collection":[{"href":"https:\/\/para-mirava.ma\/index.php?rest_route=\/wp\/v2\/product"}],"about":[{"href":"https:\/\/para-mirava.ma\/index.php?rest_route=\/wp\/v2\/types\/product"}],"wp:featuredmedia":[{"embeddable":true,"href":"https:\/\/para-mirava.ma\/index.php?rest_route=\/wp\/v2\/media\/20059"}],"wp:attachment":[{"href":"https:\/\/para-mirava.ma\/index.php?rest_route=%2Fwp%2Fv2%2Fmedia&parent=20152"}],"wp:term":[{"taxonomy":"product_brand","embeddable":true,"href":"https:\/\/para-mirava.ma\/index.php?rest_route=%2Fwp%2Fv2%2Fproduct_brand&post=20152"},{"taxonomy":"product_cat","embeddable":true,"href":"https:\/\/para-mirava.ma\/index.php?rest_route=%2Fwp%2Fv2%2Fproduct_cat&post=20152"},{"taxonomy":"product_tag","embeddable":true,"href":"https:\/\/para-mirava.ma\/index.php?rest_route=%2Fwp%2Fv2%2Fproduct_tag&post=20152"}],"curies":[{"name":"wp","href":"https:\/\/api.w.org\/{rel}","templated":true}]}}