{"id":20153,"date":"2026-03-17T17:57:43","date_gmt":"2026-03-17T17:57:43","guid":{"rendered":"https:\/\/para-mirava.ma\/?product=roche-posay-cicaplast-gel-lavant-b5-200ml-2"},"modified":"2026-03-17T18:59:48","modified_gmt":"2026-03-17T18:59:48","slug":"roche-posay-cicaplast-gel-lavant-b5-200ml-2","status":"publish","type":"product","link":"https:\/\/para-mirava.ma\/?product=roche-posay-cicaplast-gel-lavant-b5-200ml-2","title":{"rendered":"ROCHE POSAY CICAPLAST GEL LAVANT B5 200ML"},"content":{"rendered":"<p>Gel moussant assainissant apaisant.<\/p>\n<p>Zones cutan\u00e9es irrit\u00e9es ou fragilis\u00e9es par un \u00e9tat de s\u00e9cheresse.<\/p>\n<p>Pour contribuer \u00e0 une r\u00e9paration cutan\u00e9e de qualit\u00e9, CICAPLAST LAVANT B5 contient :<\/p>\n<p>Des agents antibact\u00e9riens [Cuivre &#8212; Zinc &#8212; Mangan\u00e8se] qui assainissent la peau sans alt\u00e9rer son \u00e9quilibre naturel.<\/p>\n<p>Du [Panth\u00e9nol] concentr\u00e9 \u00e0 5%, actif connu pour ses propri\u00e9t\u00e9s r\u00e9paratrices et apaisantes.<\/p>\n<p>pH physiologique. Ne pique pas les yeux. Sans parfum.<\/p>\n<p>Tol\u00e9rance optimale d\u00e9montr\u00e9e par des tests sur peaux sensibles sous contr\u00f4le dermatologique, p\u00e9diatrique, gyn\u00e9cologique et ophtalmologique.<\/p>\n<p>Disponible dans votre parapharmacie en ligne www.cotepara.ma<\/p>\n<p>D\u00e8s la 1\u00e8re application:<\/p>\n<p>94% d&#8217;entre eux ont trouv\u00e9 sa texture tr\u00e8s douce.<\/p>\n<p>96% ont \u00e9prouv\u00e9 une sensation d&#8217;apaisement cutan\u00e9.<\/p>\n<p>92% des parents ont observ\u00e9 une sensation d&#8217;apaisement sur la peau de leur enfant.<\/p>\n<p>Formule moussante ultra-douce qui apaise et nettoie sans dess\u00e9cher les zones cutan\u00e9es irrit\u00e9es ou fragilis\u00e9es par un \u00e9tat de s\u00e9cheresse chez l&#8217;adulte, l&#8217;enfant, et le nourrisson.<\/p>\n","protected":false},"excerpt":{"rendered":"<p>Gel moussant assainissant apaisant. Zones cutan\u00e9es irrit\u00e9es ou fragilis\u00e9es par un \u00e9tat de s\u00e9cheresse. Pour contribuer \u00e0 une r\u00e9paration cutan\u00e9e de qualit\u00e9, CICAPLAST LAVANT B5 contient : Des agents antibact\u00e9riens [Cuivre &#8212; Zinc &#8212; Mangan\u00e8se] qui assainissent la peau sans alt\u00e9rer son \u00e9quilibre naturel. Du [Panth\u00e9nol] concentr\u00e9 \u00e0 5%, actif connu pour ses propri\u00e9t\u00e9s r\u00e9paratrices [&hellip;]<\/p>\n","protected":false},"featured_media":20061,"template":"","meta":[],"product_brand":[174],"product_cat":[15,133],"product_tag":[],"class_list":{"0":"post-20153","1":"product","2":"type-product","3":"status-publish","4":"has-post-thumbnail","6":"product_brand-la-roche-posay","7":"product_cat-tout","8":"product_cat-la-roche-posay","9":"ts_product_brand-la-roche-posay","11":"first","12":"instock","13":"sale","14":"shipping-taxable","15":"purchasable","16":"product-type-simple"},"_links":{"self":[{"href":"https:\/\/para-mirava.ma\/index.php?rest_route=\/wp\/v2\/product\/20153","targetHints":{"allow":["GET"]}}],"collection":[{"href":"https:\/\/para-mirava.ma\/index.php?rest_route=\/wp\/v2\/product"}],"about":[{"href":"https:\/\/para-mirava.ma\/index.php?rest_route=\/wp\/v2\/types\/product"}],"wp:featuredmedia":[{"embeddable":true,"href":"https:\/\/para-mirava.ma\/index.php?rest_route=\/wp\/v2\/media\/20061"}],"wp:attachment":[{"href":"https:\/\/para-mirava.ma\/index.php?rest_route=%2Fwp%2Fv2%2Fmedia&parent=20153"}],"wp:term":[{"taxonomy":"product_brand","embeddable":true,"href":"https:\/\/para-mirava.ma\/index.php?rest_route=%2Fwp%2Fv2%2Fproduct_brand&post=20153"},{"taxonomy":"product_cat","embeddable":true,"href":"https:\/\/para-mirava.ma\/index.php?rest_route=%2Fwp%2Fv2%2Fproduct_cat&post=20153"},{"taxonomy":"product_tag","embeddable":true,"href":"https:\/\/para-mirava.ma\/index.php?rest_route=%2Fwp%2Fv2%2Fproduct_tag&post=20153"}],"curies":[{"name":"wp","href":"https:\/\/api.w.org\/{rel}","templated":true}]}}