{"id":20155,"date":"2026-03-17T17:57:43","date_gmt":"2026-03-17T17:57:43","guid":{"rendered":"https:\/\/para-mirava.ma\/?product=roche-posay-anthelios-brume-anti-brillance-spf50-75ml-2"},"modified":"2026-03-17T18:59:48","modified_gmt":"2026-03-17T18:59:48","slug":"roche-posay-anthelios-brume-anti-brillance-spf50-75ml-2","status":"publish","type":"product","link":"https:\/\/para-mirava.ma\/?product=roche-posay-anthelios-brume-anti-brillance-spf50-75ml-2","title":{"rendered":"ROCHE POSAY ANTHELIOS BRUME ANTI BRILLANCE SPF50 75ML"},"content":{"rendered":"<p>Peau sensible ou sujette aux intol\u00e9rences solaires, commun\u00e9ment appel\u00e9es allergies solaires.<\/p>\n<p>Peau mixte \u00e0 grasse \u00e0 tendance acn\u00e9ique.<\/p>\n<p>Haute protection UVA\/UVB [Syst\u00e8me filtrant brevet\u00e9 Mexoplex\u00ae]<\/p>\n<p>Efficacit\u00e9 anti-brillance [Technologie Airlicium\u2122]<\/p>\n<p>Application sans les mains<\/p>\n<p>Appplication 5 secondes<\/p>\n<p>Format pocket<\/p>\n<p>Si vous \u00eates \u00e0 la recherche d&#8217;une protection solaire pour le corps, d\u00e9couvrez aussi notre Brume Invisible visage et corps : avec sa texture ultra-fine, elle s&#8217;applique tr\u00e8s facilement ! La peau est prot\u00e9g\u00e9e des coups de soleil mais aussi des r\u00e9actions cutan\u00e9es et des dommages cellulaires li\u00e9s aux UV.<\/p>\n<p>Disponible dans votre parapharmacie en ligne www.cotepara.ma<\/p>\n<p>Nouvelle texture brume fra\u00eeche invisible Absorption imm\u00e9diate Fini sec et mat, sans traces blanches Parfum agr\u00e9able et l\u00e9ger pour un respect optima<\/p>\n","protected":false},"excerpt":{"rendered":"<p>Peau sensible ou sujette aux intol\u00e9rences solaires, commun\u00e9ment appel\u00e9es allergies solaires. Peau mixte \u00e0 grasse \u00e0 tendance acn\u00e9ique. Haute protection UVA\/UVB [Syst\u00e8me filtrant brevet\u00e9 Mexoplex\u00ae] Efficacit\u00e9 anti-brillance [Technologie Airlicium\u2122] Application sans les mains Appplication 5 secondes Format pocket Si vous \u00eates \u00e0 la recherche d&#8217;une protection solaire pour le corps, d\u00e9couvrez aussi notre Brume Invisible [&hellip;]<\/p>\n","protected":false},"featured_media":20065,"template":"","meta":[],"product_brand":[174],"product_cat":[15,133],"product_tag":[],"class_list":{"0":"post-20155","1":"product","2":"type-product","3":"status-publish","4":"has-post-thumbnail","6":"product_brand-la-roche-posay","7":"product_cat-tout","8":"product_cat-la-roche-posay","9":"ts_product_brand-la-roche-posay","11":"first","12":"instock","13":"sale","14":"shipping-taxable","15":"purchasable","16":"product-type-simple"},"_links":{"self":[{"href":"https:\/\/para-mirava.ma\/index.php?rest_route=\/wp\/v2\/product\/20155","targetHints":{"allow":["GET"]}}],"collection":[{"href":"https:\/\/para-mirava.ma\/index.php?rest_route=\/wp\/v2\/product"}],"about":[{"href":"https:\/\/para-mirava.ma\/index.php?rest_route=\/wp\/v2\/types\/product"}],"wp:featuredmedia":[{"embeddable":true,"href":"https:\/\/para-mirava.ma\/index.php?rest_route=\/wp\/v2\/media\/20065"}],"wp:attachment":[{"href":"https:\/\/para-mirava.ma\/index.php?rest_route=%2Fwp%2Fv2%2Fmedia&parent=20155"}],"wp:term":[{"taxonomy":"product_brand","embeddable":true,"href":"https:\/\/para-mirava.ma\/index.php?rest_route=%2Fwp%2Fv2%2Fproduct_brand&post=20155"},{"taxonomy":"product_cat","embeddable":true,"href":"https:\/\/para-mirava.ma\/index.php?rest_route=%2Fwp%2Fv2%2Fproduct_cat&post=20155"},{"taxonomy":"product_tag","embeddable":true,"href":"https:\/\/para-mirava.ma\/index.php?rest_route=%2Fwp%2Fv2%2Fproduct_tag&post=20155"}],"curies":[{"name":"wp","href":"https:\/\/api.w.org\/{rel}","templated":true}]}}