{"id":20156,"date":"2026-03-17T17:57:43","date_gmt":"2026-03-17T17:57:43","guid":{"rendered":"https:\/\/para-mirava.ma\/?product=roche-posay-lipikar-lait-400ml-2"},"modified":"2026-03-17T18:59:48","modified_gmt":"2026-03-17T18:59:48","slug":"roche-posay-lipikar-lait-400ml-2","status":"publish","type":"product","link":"https:\/\/para-mirava.ma\/?product=roche-posay-lipikar-lait-400ml-2","title":{"rendered":"ROCHE POSAY LIPIKAR LAIT 400ML"},"content":{"rendered":"<p>Lait corps hydratant et relipidant, peau s\u00e8che et sensible. Haute hydratation. Anti-dess\u00e8chement. Anti-tiraillements et picotements.<\/p>\n<p>B\u00c9N\u00c9FICES<br \/>\nLipikar lait est un lait hydratant corps con\u00e7u pour les peaux s\u00e8ches et sensibles de toute la famille. Enrichi en cold cream, beurre de karit\u00e9 et eau thermale La Roche-Posay, ce lait corps hydrate intens\u00e9ment, nourrit, relipide et apaise la peau, et pr\u00e9serve de la s\u00e9cheresse cutan\u00e9e. Les sensations de picotements et de tiraillements sont imm\u00e9diatement att\u00e9nu\u00e9es. La peau est souple, confortable et durablement prot\u00e9g\u00e9e.<\/p>\n<p>Disponible dans votre parapharmacie en ligne www.cotepara.ma<\/p>\n<p>INDICATION<br \/>\nLe lait corps hydratant Lipikar convient aux peaux s\u00e8ches et sensibles du b\u00e9b\u00e9, de l&#8217;enfant et de l&#8217;adulte.<\/p>\n","protected":false},"excerpt":{"rendered":"<p>Lait corps hydratant et relipidant, peau s\u00e8che et sensible. Haute hydratation. Anti-dess\u00e8chement. Anti-tiraillements et picotements. B\u00c9N\u00c9FICES Lipikar lait est un lait hydratant corps con\u00e7u pour les peaux s\u00e8ches et sensibles de toute la famille. Enrichi en cold cream, beurre de karit\u00e9 et eau thermale La Roche-Posay, ce lait corps hydrate intens\u00e9ment, nourrit, relipide et apaise [&hellip;]<\/p>\n","protected":false},"featured_media":20067,"template":"","meta":[],"product_brand":[174],"product_cat":[15,133],"product_tag":[],"class_list":{"0":"post-20156","1":"product","2":"type-product","3":"status-publish","4":"has-post-thumbnail","6":"product_brand-la-roche-posay","7":"product_cat-tout","8":"product_cat-la-roche-posay","9":"ts_product_brand-la-roche-posay","11":"first","12":"instock","13":"sale","14":"shipping-taxable","15":"purchasable","16":"product-type-simple"},"_links":{"self":[{"href":"https:\/\/para-mirava.ma\/index.php?rest_route=\/wp\/v2\/product\/20156","targetHints":{"allow":["GET"]}}],"collection":[{"href":"https:\/\/para-mirava.ma\/index.php?rest_route=\/wp\/v2\/product"}],"about":[{"href":"https:\/\/para-mirava.ma\/index.php?rest_route=\/wp\/v2\/types\/product"}],"wp:featuredmedia":[{"embeddable":true,"href":"https:\/\/para-mirava.ma\/index.php?rest_route=\/wp\/v2\/media\/20067"}],"wp:attachment":[{"href":"https:\/\/para-mirava.ma\/index.php?rest_route=%2Fwp%2Fv2%2Fmedia&parent=20156"}],"wp:term":[{"taxonomy":"product_brand","embeddable":true,"href":"https:\/\/para-mirava.ma\/index.php?rest_route=%2Fwp%2Fv2%2Fproduct_brand&post=20156"},{"taxonomy":"product_cat","embeddable":true,"href":"https:\/\/para-mirava.ma\/index.php?rest_route=%2Fwp%2Fv2%2Fproduct_cat&post=20156"},{"taxonomy":"product_tag","embeddable":true,"href":"https:\/\/para-mirava.ma\/index.php?rest_route=%2Fwp%2Fv2%2Fproduct_tag&post=20156"}],"curies":[{"name":"wp","href":"https:\/\/api.w.org\/{rel}","templated":true}]}}