{"id":20159,"date":"2026-03-17T17:57:44","date_gmt":"2026-03-17T17:57:44","guid":{"rendered":"https:\/\/para-mirava.ma\/?product=roche-posay-cicaplast-gel-b5-40ml-2"},"modified":"2026-03-17T18:59:47","modified_gmt":"2026-03-17T18:59:47","slug":"roche-posay-cicaplast-gel-b5-40ml-2","status":"publish","type":"product","link":"https:\/\/para-mirava.ma\/?product=roche-posay-cicaplast-gel-b5-40ml-2","title":{"rendered":"ROCHE POSAY CICAPLAST GEL B5 40ML"},"content":{"rendered":"<p>CICAPLAST Gel B5 est le premier soin La Roche-Posay post-points de suture, post peeling et post-laser.<\/p>\n<p>Apaise, prot\u00e8ge et r\u00e9pare les peaux fragilis\u00e9es post-points de suture, post peeling et post-laser. Acc\u00e9l\u00e9rateur de r\u00e9paration \u00e9pidermique. Post-points de suture, post peeling, post-laser.<\/p>\n<p>Peaux fragilis\u00e9es. Alt\u00e9rations \u00e9pidermiques : peaux irrit\u00e9es, ger\u00e7ures, suites d&#8217;interventions dermatologiques.<\/p>\n<p>Ne pas appliquer sur les l\u00e8vres.<\/p>\n<p>Ne pas appliquer directement sur peau l\u00e9s\u00e9e.<\/p>\n<p>Eviter le contour des yeux.<\/p>\n<p>Convient aux enfants et aux adultes.<\/p>\n<p>Sans parfum.<\/p>\n<p>CICAPLAST GEL B5 acc\u00e9l\u00e8re la reconstruction de la barri\u00e8re de la peau gr\u00e2ce \u00e0 une formule qui combine :<\/p>\n<p>[5 % Panth\u00e9nol] + [Eau Thermale La Roche-Posay] apaisement imm\u00e9diat<\/p>\n<p>[Mad\u00e9cassoside] + [Cuivre-Zinc-Mangan\u00e8se] + [Acide Hyaluronique] r\u00e9paration \u00e9pidermique de la barri\u00e8re cutan\u00e9e<\/p>\n<p>[Gel silicon\u00e9 enrichi en Glyc\u00e9rine] texture pro-massante<\/p>\n<p>Une r\u00e9paration optimis\u00e9e : la fonction barri\u00e8re de la peau est restaur\u00e9e plus rapidement.<\/p>\n<p>Test\u00e9e sous contr\u00f4le dermatologique en post-points de suture, post-peeling, post-laser. Disponible dans votre parapharmacie en ligne www.cotepara.ma<\/p>\n","protected":false},"excerpt":{"rendered":"<p>CICAPLAST Gel B5 est le premier soin La Roche-Posay post-points de suture, post peeling et post-laser. Apaise, prot\u00e8ge et r\u00e9pare les peaux fragilis\u00e9es post-points de suture, post peeling et post-laser. Acc\u00e9l\u00e9rateur de r\u00e9paration \u00e9pidermique. Post-points de suture, post peeling, post-laser. Peaux fragilis\u00e9es. Alt\u00e9rations \u00e9pidermiques : peaux irrit\u00e9es, ger\u00e7ures, suites d&#8217;interventions dermatologiques. Ne pas appliquer sur [&hellip;]<\/p>\n","protected":false},"featured_media":20073,"template":"","meta":[],"product_brand":[174],"product_cat":[15,133],"product_tag":[],"class_list":{"0":"post-20159","1":"product","2":"type-product","3":"status-publish","4":"has-post-thumbnail","6":"product_brand-la-roche-posay","7":"product_cat-tout","8":"product_cat-la-roche-posay","9":"ts_product_brand-la-roche-posay","11":"first","12":"instock","13":"sale","14":"shipping-taxable","15":"purchasable","16":"product-type-simple"},"_links":{"self":[{"href":"https:\/\/para-mirava.ma\/index.php?rest_route=\/wp\/v2\/product\/20159","targetHints":{"allow":["GET"]}}],"collection":[{"href":"https:\/\/para-mirava.ma\/index.php?rest_route=\/wp\/v2\/product"}],"about":[{"href":"https:\/\/para-mirava.ma\/index.php?rest_route=\/wp\/v2\/types\/product"}],"wp:featuredmedia":[{"embeddable":true,"href":"https:\/\/para-mirava.ma\/index.php?rest_route=\/wp\/v2\/media\/20073"}],"wp:attachment":[{"href":"https:\/\/para-mirava.ma\/index.php?rest_route=%2Fwp%2Fv2%2Fmedia&parent=20159"}],"wp:term":[{"taxonomy":"product_brand","embeddable":true,"href":"https:\/\/para-mirava.ma\/index.php?rest_route=%2Fwp%2Fv2%2Fproduct_brand&post=20159"},{"taxonomy":"product_cat","embeddable":true,"href":"https:\/\/para-mirava.ma\/index.php?rest_route=%2Fwp%2Fv2%2Fproduct_cat&post=20159"},{"taxonomy":"product_tag","embeddable":true,"href":"https:\/\/para-mirava.ma\/index.php?rest_route=%2Fwp%2Fv2%2Fproduct_tag&post=20159"}],"curies":[{"name":"wp","href":"https:\/\/api.w.org\/{rel}","templated":true}]}}