{"id":20161,"date":"2026-03-17T17:57:45","date_gmt":"2026-03-17T17:57:45","guid":{"rendered":"https:\/\/para-mirava.ma\/?product=roche-posay-effaclar-ai-correcteur-15ml-2"},"modified":"2026-03-17T18:59:47","modified_gmt":"2026-03-17T18:59:47","slug":"roche-posay-effaclar-ai-correcteur-15ml-2","status":"publish","type":"product","link":"https:\/\/para-mirava.ma\/?product=roche-posay-effaclar-ai-correcteur-15ml-2","title":{"rendered":"ROCHE POSAY EFFACLAR AI CORRECTEUR 15ML"},"content":{"rendered":"<p>Soin correcteur cibl\u00e9 anti-imperfections, peau grasse \u00e0 imperfections. Corrige les imperfections. Pr\u00e9vient l&#8217;apparition de nouveaux boutons et les marques r\u00e9siduelles.<\/p>\n<p>B\u00c9N\u00c9FICES<br \/>\nEffaclar A.I. est un soin anti-imperfections pour peaux grasses \u00e0 imperfections. Ce soin cibl\u00e9 visage est enrichi en actifs antibact\u00e9riens, exfoliants et anti-inflammatoires pour corriger les imperfections d\u00e9j\u00e0 visibles et lutter contre l&#8217;apparition de nouveaux boutons d\u00e8s les premiers signes de douleur, rougeur ou inflammation. En quelques jours, la peau redevient nette, le grain de peau plus homog\u00e8ne et unifi\u00e9.<br \/>\nCe soin correcteur imperfections permet de retrouver une peau saine et homog\u00e8ne.<\/p>\n<p>1\/ CONTR\u00d4LE L&#8217;INFLAMMATION<br \/>\nEnrichi en niacinamide aux propri\u00e9t\u00e9s apaisantes, antioxydantes et anti-inflammatoires, Effaclar AI stoppe l&#8217;\u00e9volution de la pouss\u00e9e d&#8217;acn\u00e9 et des imperfections naissantes.<\/p>\n<p>2\/ PURIFIE LA PEAU<br \/>\nNotre produit peau grasse associe le piroctone olamine au glycacil antibact\u00e9rien et antimicrobien pour purifier et assainir l&#8217;imperfection et ainsi l&#8217;\u00e9liminer.<\/p>\n<p>3\/ R\u00c9G\u00c9N\u00c8RE ET R\u00c9PARE L&#8217;\u00c9PIDERME<br \/>\nCe soin anti-imperfections combine du LHA (Lipo-Hydroxy-Acide) micro-exfoliant et de l&#8217;eau thermale La Roche-Posay r\u00e9paratrice pour activer le processus de r\u00e9g\u00e9n\u00e9ration de la peau et la rendre plus homog\u00e8ne.<\/p>\n<p>Disponible dans votre parapharmacie en ligne www.cotepara.ma<\/p>\n<p>Efficacit\u00e9 test\u00e9e sous contr\u00f4le dermatologique :<br \/>\n2\/3 des femmes voient leurs imperfections dispara\u00eetre en 48 heures*<br \/>\nla r\u00e9g\u00e9n\u00e9ration cellulaire est acc\u00e9l\u00e9r\u00e9e de 3,5 jours**<\/p>\n<p>INDICATIONS<br \/>\nCe soin peau grasse est un soin localis\u00e9 pour corriger et pr\u00e9venir les \u00e9ruptions cutan\u00e9es des peaux grasses \u00e0 tendance acn\u00e9ique.<\/p>\n","protected":false},"excerpt":{"rendered":"<p>Soin correcteur cibl\u00e9 anti-imperfections, peau grasse \u00e0 imperfections. Corrige les imperfections. Pr\u00e9vient l&#8217;apparition de nouveaux boutons et les marques r\u00e9siduelles. B\u00c9N\u00c9FICES Effaclar A.I. est un soin anti-imperfections pour peaux grasses \u00e0 imperfections. Ce soin cibl\u00e9 visage est enrichi en actifs antibact\u00e9riens, exfoliants et anti-inflammatoires pour corriger les imperfections d\u00e9j\u00e0 visibles et lutter contre l&#8217;apparition de [&hellip;]<\/p>\n","protected":false},"featured_media":20077,"template":"","meta":[],"product_brand":[174],"product_cat":[15,133],"product_tag":[],"class_list":{"0":"post-20161","1":"product","2":"type-product","3":"status-publish","4":"has-post-thumbnail","6":"product_brand-la-roche-posay","7":"product_cat-tout","8":"product_cat-la-roche-posay","9":"ts_product_brand-la-roche-posay","11":"first","12":"instock","13":"sale","14":"shipping-taxable","15":"purchasable","16":"product-type-simple"},"_links":{"self":[{"href":"https:\/\/para-mirava.ma\/index.php?rest_route=\/wp\/v2\/product\/20161","targetHints":{"allow":["GET"]}}],"collection":[{"href":"https:\/\/para-mirava.ma\/index.php?rest_route=\/wp\/v2\/product"}],"about":[{"href":"https:\/\/para-mirava.ma\/index.php?rest_route=\/wp\/v2\/types\/product"}],"wp:featuredmedia":[{"embeddable":true,"href":"https:\/\/para-mirava.ma\/index.php?rest_route=\/wp\/v2\/media\/20077"}],"wp:attachment":[{"href":"https:\/\/para-mirava.ma\/index.php?rest_route=%2Fwp%2Fv2%2Fmedia&parent=20161"}],"wp:term":[{"taxonomy":"product_brand","embeddable":true,"href":"https:\/\/para-mirava.ma\/index.php?rest_route=%2Fwp%2Fv2%2Fproduct_brand&post=20161"},{"taxonomy":"product_cat","embeddable":true,"href":"https:\/\/para-mirava.ma\/index.php?rest_route=%2Fwp%2Fv2%2Fproduct_cat&post=20161"},{"taxonomy":"product_tag","embeddable":true,"href":"https:\/\/para-mirava.ma\/index.php?rest_route=%2Fwp%2Fv2%2Fproduct_tag&post=20161"}],"curies":[{"name":"wp","href":"https:\/\/api.w.org\/{rel}","templated":true}]}}