{"id":20162,"date":"2026-03-17T17:57:45","date_gmt":"2026-03-17T17:57:45","guid":{"rendered":"https:\/\/para-mirava.ma\/?product=roche-posay-effaclar-k-30ml-2"},"modified":"2026-03-17T18:59:47","modified_gmt":"2026-03-17T18:59:47","slug":"roche-posay-effaclar-k-30ml-2","status":"publish","type":"product","link":"https:\/\/para-mirava.ma\/?product=roche-posay-effaclar-k-30ml-2","title":{"rendered":"ROCHE POSAY EFFACLAR K+ 30ML"},"content":{"rendered":"<p>Soin r\u00e9novation peaux grasses anti-oxydation anti-s\u00e9bum 8h.<\/p>\n<p>Probl\u00e8mes cibl\u00e9s :<br \/>\nPoints noirs<br \/>\nImperfections<br \/>\nPores dilat\u00e9s<br \/>\nExc\u00e8s de s\u00e9bum<br \/>\nGrain de peau irr\u00e9gulier<\/p>\n<p>Pour la 1\u00e8re fois, le soin quotidien EFFACLAR K (+) associe le LHA micro-exfoliant au complexe anti-oxydant anti-s\u00e9bum 8h : [VITAMINE E + CARNOSINE + AIRLICIUM\u2122].<\/p>\n<p>Nouvelle texture aquagel ultra-fra\u00eeche et non grasse, absorption rapide.<br \/>\nHydratation et confort toute la journ\u00e9e.<br \/>\nNon com\u00e9dog\u00e8ne.<\/p>\n<p>Disponible dans votre parapharmacie en ligne www.cotepara.ma<\/p>\n<p>NOUVELLE EXPERTISE DERMATOLOGIQUE<br \/>\nLa Recherche La Roche-Posay a d\u00e9montr\u00e9 que, sous l&#8217;effet des agressions ext\u00e9rieures (particules polluantes, poussi\u00e8res&#8230;), la peau grasse \u00e0 imperfections subit une oxydation, d\u00e9clenchant alors des r\u00e9actions en cha\u00eene &#8212; hyperk\u00e9ratinisation, hyperproduction de s\u00e9bum, oxydation du s\u00e9bum et des impuret\u00e9s pr\u00e9sents \u00e0 la surface de la peau &#8212; pouvant conduire \u00e0 l&#8217;apparition de nouvelles imperfections.<\/p>\n<p>Type de peau :<br \/>\nPeaux grasses \u00e0 tendance acn\u00e9ique<\/p>\n<p>\u00c2ge :<br \/>\n\u00c0 partir de 12 ans<\/p>\n<p>D\u00e9livre des points noirs r\u00e9cidivants**<br \/>\nTransforme visiblement la peau.<\/p>\n<p>**R\u00e9manence 3 semaines apr\u00e8s 8 semaines d&#8217;utilisation. \u00c9tude cosm\u00e9toclinique &#8212; 47 sujets.<\/p>\n","protected":false},"excerpt":{"rendered":"<p>Soin r\u00e9novation peaux grasses anti-oxydation anti-s\u00e9bum 8h. Probl\u00e8mes cibl\u00e9s : Points noirs Imperfections Pores dilat\u00e9s Exc\u00e8s de s\u00e9bum Grain de peau irr\u00e9gulier Pour la 1\u00e8re fois, le soin quotidien EFFACLAR K (+) associe le LHA micro-exfoliant au complexe anti-oxydant anti-s\u00e9bum 8h : [VITAMINE E + CARNOSINE + AIRLICIUM\u2122]. Nouvelle texture aquagel ultra-fra\u00eeche et non grasse, [&hellip;]<\/p>\n","protected":false},"featured_media":20079,"template":"","meta":[],"product_brand":[174],"product_cat":[15,133],"product_tag":[],"class_list":{"0":"post-20162","1":"product","2":"type-product","3":"status-publish","4":"has-post-thumbnail","6":"product_brand-la-roche-posay","7":"product_cat-tout","8":"product_cat-la-roche-posay","9":"ts_product_brand-la-roche-posay","11":"first","12":"instock","13":"sale","14":"shipping-taxable","15":"purchasable","16":"product-type-simple"},"_links":{"self":[{"href":"https:\/\/para-mirava.ma\/index.php?rest_route=\/wp\/v2\/product\/20162","targetHints":{"allow":["GET"]}}],"collection":[{"href":"https:\/\/para-mirava.ma\/index.php?rest_route=\/wp\/v2\/product"}],"about":[{"href":"https:\/\/para-mirava.ma\/index.php?rest_route=\/wp\/v2\/types\/product"}],"wp:featuredmedia":[{"embeddable":true,"href":"https:\/\/para-mirava.ma\/index.php?rest_route=\/wp\/v2\/media\/20079"}],"wp:attachment":[{"href":"https:\/\/para-mirava.ma\/index.php?rest_route=%2Fwp%2Fv2%2Fmedia&parent=20162"}],"wp:term":[{"taxonomy":"product_brand","embeddable":true,"href":"https:\/\/para-mirava.ma\/index.php?rest_route=%2Fwp%2Fv2%2Fproduct_brand&post=20162"},{"taxonomy":"product_cat","embeddable":true,"href":"https:\/\/para-mirava.ma\/index.php?rest_route=%2Fwp%2Fv2%2Fproduct_cat&post=20162"},{"taxonomy":"product_tag","embeddable":true,"href":"https:\/\/para-mirava.ma\/index.php?rest_route=%2Fwp%2Fv2%2Fproduct_tag&post=20162"}],"curies":[{"name":"wp","href":"https:\/\/api.w.org\/{rel}","templated":true}]}}