{"id":20166,"date":"2026-03-17T17:57:46","date_gmt":"2026-03-17T17:57:46","guid":{"rendered":"https:\/\/para-mirava.ma\/?product=roche-posay-lipikar-baume-apm-400-ml-2"},"modified":"2026-03-17T18:59:46","modified_gmt":"2026-03-17T18:59:46","slug":"roche-posay-lipikar-baume-apm-400-ml-2","status":"publish","type":"product","link":"https:\/\/para-mirava.ma\/?product=roche-posay-lipikar-baume-apm-400-ml-2","title":{"rendered":"ROCHE POSAY LIPIKAR BAUME AP+M 400 ML"},"content":{"rendered":"<p>Cr\u00e8me relipidante triple r\u00e9paration, peau s\u00e8che \u00e0 tr\u00e8s s\u00e8che et peau atopique. Apaise imm\u00e9diatement la peau. Anti-grattage. Anti-rechute. Formule haute tol\u00e9rance.<\/p>\n<p>B\u00c9N\u00c9FICES<br \/>\nLe baume relipidant Lipikar AP+M est une cr\u00e8me hydratante corps con\u00e7ue pour les peaux s\u00e8ches \u00e0 tr\u00e8s s\u00e8ches et \u00e0 tendance atopique de toute la famille. Sa formule contient du beurre de karit\u00e9, de l&#8217;Aqua Pos\u00e6 Filiformis, du Micror\u00e9syl, de la niacinamide, de la glyc\u00e9rine et de l&#8217;eau thermale La Roche-Posay qui r\u00e9\u00e9quilibrent le microbiome cutan\u00e9 et aide \u00e0 espacer les pics de s\u00e9cheresses s\u00e9v\u00e8res. La peau est instantan\u00e9ment apais\u00e9e, confortable et prot\u00e9g\u00e9e. Les sensations de grattage sont imm\u00e9diatement att\u00e9nu\u00e9es, pour un bien-\u00eatre durable.<\/p>\n<p>Probl\u00e8mes cibl\u00e9s :<br \/>\n&#8211; ecz\u00e9ma atopique<br \/>\n&#8211; Irritations<br \/>\n&#8211; D\u00e9mangeaisons<\/p>\n<p>Disponible dans votre parapharmacie en ligne www.cotepara.ma<\/p>\n<p>Type de peau :<br \/>\n&#8211; Peaux s\u00e8ches \u00e0 tendance \u00e0 l&#8217;ecz\u00e9ma atopique<br \/>\n&#8211; Convient aux peaux sensibles<\/p>\n<p>\u00c2ge :<br \/>\n&#8211; Convient aux nourrissons, enfants et adultes<\/p>\n<p>INDICATION<br \/>\nLa cr\u00e8me relipidante convient aux peaux sensibles du b\u00e9b\u00e9, de l&#8217;enfant et de l&#8217;adulte. Elle est sp\u00e9cialement formul\u00e9e pour les peaux s\u00e8ches \u00e0 tr\u00e8s s\u00e8ches et les peaux \u00e0 tendance \u00e0 l&#8217;ecz\u00e9ma atopique.<\/p>\n","protected":false},"excerpt":{"rendered":"<p>Cr\u00e8me relipidante triple r\u00e9paration, peau s\u00e8che \u00e0 tr\u00e8s s\u00e8che et peau atopique. Apaise imm\u00e9diatement la peau. Anti-grattage. Anti-rechute. Formule haute tol\u00e9rance. B\u00c9N\u00c9FICES Le baume relipidant Lipikar AP+M est une cr\u00e8me hydratante corps con\u00e7ue pour les peaux s\u00e8ches \u00e0 tr\u00e8s s\u00e8ches et \u00e0 tendance atopique de toute la famille. Sa formule contient du beurre de karit\u00e9, [&hellip;]<\/p>\n","protected":false},"featured_media":20087,"template":"","meta":[],"product_brand":[174],"product_cat":[15,133],"product_tag":[],"class_list":{"0":"post-20166","1":"product","2":"type-product","3":"status-publish","4":"has-post-thumbnail","6":"product_brand-la-roche-posay","7":"product_cat-tout","8":"product_cat-la-roche-posay","9":"ts_product_brand-la-roche-posay","11":"first","12":"instock","13":"sale","14":"shipping-taxable","15":"purchasable","16":"product-type-simple"},"_links":{"self":[{"href":"https:\/\/para-mirava.ma\/index.php?rest_route=\/wp\/v2\/product\/20166","targetHints":{"allow":["GET"]}}],"collection":[{"href":"https:\/\/para-mirava.ma\/index.php?rest_route=\/wp\/v2\/product"}],"about":[{"href":"https:\/\/para-mirava.ma\/index.php?rest_route=\/wp\/v2\/types\/product"}],"wp:featuredmedia":[{"embeddable":true,"href":"https:\/\/para-mirava.ma\/index.php?rest_route=\/wp\/v2\/media\/20087"}],"wp:attachment":[{"href":"https:\/\/para-mirava.ma\/index.php?rest_route=%2Fwp%2Fv2%2Fmedia&parent=20166"}],"wp:term":[{"taxonomy":"product_brand","embeddable":true,"href":"https:\/\/para-mirava.ma\/index.php?rest_route=%2Fwp%2Fv2%2Fproduct_brand&post=20166"},{"taxonomy":"product_cat","embeddable":true,"href":"https:\/\/para-mirava.ma\/index.php?rest_route=%2Fwp%2Fv2%2Fproduct_cat&post=20166"},{"taxonomy":"product_tag","embeddable":true,"href":"https:\/\/para-mirava.ma\/index.php?rest_route=%2Fwp%2Fv2%2Fproduct_tag&post=20166"}],"curies":[{"name":"wp","href":"https:\/\/api.w.org\/{rel}","templated":true}]}}