{"id":20168,"date":"2026-03-17T17:57:46","date_gmt":"2026-03-17T17:57:46","guid":{"rendered":"https:\/\/para-mirava.ma\/?product=roche-posay-anthelios-mineral-one-03-bronze-spf50-30ml-2"},"modified":"2026-03-17T18:59:46","modified_gmt":"2026-03-17T18:59:46","slug":"roche-posay-anthelios-mineral-one-03-bronze-spf50-30ml-2","status":"publish","type":"product","link":"https:\/\/para-mirava.ma\/?product=roche-posay-anthelios-mineral-one-03-bronze-spf50-30ml-2","title":{"rendered":"ROCHE POSAY ANTHELIOS MINERAL ONE 03 BRONZE SPF50+ 30ML"},"content":{"rendered":"<p>ANTHELIOS MINERAL ONE est la premi\u00e8re cr\u00e8me solaire min\u00e9rale quotidienne pour peaux sensibles \u00e0 utiliser UN SEUL filtre UV min\u00e9ral pour une protection \u00e0 large spectre (UVA, UVB, IR-A et lumi\u00e8re visible). Il offre une couvrance naturelle, hydrate la peau pendant 24 heures et la prot\u00e8ge de la photopollution.<\/p>\n<p>CONSEILS D&#8217;APPLICATION :<br \/>\nAppliquez en derni\u00e8re \u00e9tape de votre routine de soin. Renouvelez fr\u00e9quemment et g\u00e9n\u00e9reusement l&#8217;application pour maintenir la protection, notamment apr\u00e8s avoir transpir\u00e9 ou vous \u00eatre essuy\u00e9. Usage externe.<\/p>\n<p>TEXTURE<br \/>\nCr\u00e8me l\u00e9g\u00e8re quotidienne.<br \/>\nNon grasse.<br \/>\nNon collante.<br \/>\nFini mat naturel.<br \/>\nAvec de l&#8217;eau thermale de La Roche-Posay<\/p>\n<p>PRINCIPAUX B\u00c9N\u00c9FICES<br \/>\nAnthelios Mineral One offre une protection \u00e0 large spectre quotidienne et une couvrance matifiante pendant 12 heures.<br \/>\nEnrichi en glyc\u00e9rine et en acide hyaluronique, il hydrate la peau pendant 24 heures et renforce la barri\u00e8re cutan\u00e9e.<\/p>\n<p>L&#8217;EXPERTISE SCIENTIFIQUE<br \/>\nGr\u00e2ce \u00e0 son unique filtre UV min\u00e9ral (dioxyde de titane), il offre une protection \u00e0 large spectre pour pr\u00e9venir le photovieillissement induit par les UV. Associ\u00e9 \u00e0 des pigments min\u00e9raux, il aide \u00e0 pr\u00e9venir l&#8217;hyperpigmentation induite par les UV et la lumi\u00e8re visible.<br \/>\nEnrichi en vitamine E et en eau thermale de La Roche-Posay, il pr\u00e9vient le stress oxydatif induit par la pollution quotidienne et les IR-A*.<\/p>\n<p>Disponible dans votre parapharmacie en ligne www.cotepara.ma<br \/>\n*IR-A (infrarouges) : Lutte contre le stress oxydatif induit par les rayons infrarouges.<br \/>\nTest\u00e9 sous contr\u00f4le dermatologique. Soumis \u00e0 des tests d&#8217;allergie. Non com\u00e9dog\u00e8ne. Peut \u00eatre appliqu\u00e9 sur le contour des yeux.<br \/>\nLa Roche-Posay Anthelios, recommand\u00e9 par 60 000 dermatologues \u00e0 travers le monde*<\/p>\n","protected":false},"excerpt":{"rendered":"<p>ANTHELIOS MINERAL ONE est la premi\u00e8re cr\u00e8me solaire min\u00e9rale quotidienne pour peaux sensibles \u00e0 utiliser UN SEUL filtre UV min\u00e9ral pour une protection \u00e0 large spectre (UVA, UVB, IR-A et lumi\u00e8re visible). Il offre une couvrance naturelle, hydrate la peau pendant 24 heures et la prot\u00e8ge de la photopollution. CONSEILS D&#8217;APPLICATION : Appliquez en derni\u00e8re [&hellip;]<\/p>\n","protected":false},"featured_media":20091,"template":"","meta":[],"product_brand":[174],"product_cat":[15,133],"product_tag":[],"class_list":{"0":"post-20168","1":"product","2":"type-product","3":"status-publish","4":"has-post-thumbnail","6":"product_brand-la-roche-posay","7":"product_cat-tout","8":"product_cat-la-roche-posay","9":"ts_product_brand-la-roche-posay","11":"first","12":"instock","13":"sale","14":"shipping-taxable","15":"purchasable","16":"product-type-simple"},"_links":{"self":[{"href":"https:\/\/para-mirava.ma\/index.php?rest_route=\/wp\/v2\/product\/20168","targetHints":{"allow":["GET"]}}],"collection":[{"href":"https:\/\/para-mirava.ma\/index.php?rest_route=\/wp\/v2\/product"}],"about":[{"href":"https:\/\/para-mirava.ma\/index.php?rest_route=\/wp\/v2\/types\/product"}],"wp:featuredmedia":[{"embeddable":true,"href":"https:\/\/para-mirava.ma\/index.php?rest_route=\/wp\/v2\/media\/20091"}],"wp:attachment":[{"href":"https:\/\/para-mirava.ma\/index.php?rest_route=%2Fwp%2Fv2%2Fmedia&parent=20168"}],"wp:term":[{"taxonomy":"product_brand","embeddable":true,"href":"https:\/\/para-mirava.ma\/index.php?rest_route=%2Fwp%2Fv2%2Fproduct_brand&post=20168"},{"taxonomy":"product_cat","embeddable":true,"href":"https:\/\/para-mirava.ma\/index.php?rest_route=%2Fwp%2Fv2%2Fproduct_cat&post=20168"},{"taxonomy":"product_tag","embeddable":true,"href":"https:\/\/para-mirava.ma\/index.php?rest_route=%2Fwp%2Fv2%2Fproduct_tag&post=20168"}],"curies":[{"name":"wp","href":"https:\/\/api.w.org\/{rel}","templated":true}]}}