{"id":20171,"date":"2026-03-17T17:57:47","date_gmt":"2026-03-17T17:57:47","guid":{"rendered":"https:\/\/para-mirava.ma\/?product=roche-posay-effaclar-serum-30ml-2"},"modified":"2026-03-17T18:59:46","modified_gmt":"2026-03-17T18:59:46","slug":"roche-posay-effaclar-serum-30ml-2","status":"publish","type":"product","link":"https:\/\/para-mirava.ma\/?product=roche-posay-effaclar-serum-30ml-2","title":{"rendered":"ROCHE POSAY EFFACLAR SERUM 30ML"},"content":{"rendered":"<p>S\u00e9rum anti-imperfections : effet peeling pour peaux adultes \u00e0 tendance acn\u00e9ique.<\/p>\n<p>Probl\u00e8mes cibl\u00e9s :<br \/>\n&#8211; Imperfections<br \/>\n&#8211; Points noirs<br \/>\n&#8211; Pores dilat\u00e9s<br \/>\n&#8211; Marques persistantes<\/p>\n<p>Formul\u00e9 avec un complexe de 3 acides compl\u00e9mentaires ultra concentr\u00e9s associ\u00e9s \u00e0 des actifs apaisants :<\/p>\n<p>1\/ D\u00c9SINCRUSTE ET R\u00c9\u00c9QUILIBRE<br \/>\nACIDE SALYCILIQUE : d\u00e9sincruste les pores et r\u00e9duit l&#8217;accumulation de s\u00e9bum. Naturellement pr\u00e9sent dans certains fruits, l&#8217;acide salicylique favorise l&#8217;\u00e9limination des cellules mortes et ainsi lib\u00e8re les pores bouch\u00e9s, facilitant l&#8217;\u00e9coulement du s\u00e9bum. Son action k\u00e9ratolytique contribue \u00e0 lisser et adoucir la surface de la peau.<\/p>\n<p>2\/ STIMULE LE RENOUVELLEMENT CELLULAIRE<br \/>\nACIDE GLYCOLIQUE : active le renouvellement de la peau. Produit \u00e0 partir de la canne \u00e0 sucre, l&#8217;acide glycolique favorise l&#8217;\u00e9limination des cellules mortes et d\u00e9shydrat\u00e9es. En acc\u00e9l\u00e9rant la desquamation, il stimule le renouvellement cellulaire, ce qui contribue \u00e0 am\u00e9liorer la texture de la peau, et l&#8217;\u00e9clat du teint.<\/p>\n<p>3\/ EXFOLIE EN DOUCEUR<br \/>\nLHA : Exfolie en douceur la surface de la peau. Actif brevet\u00e9 La Roche-Posay, le LHA d\u00e9montre une tr\u00e8s bonne activit\u00e9 exfoliante. Il est \u00e0 l&#8217;origine d&#8217;une desquamation fine et participe \u00e0 la r\u00e9duction des com\u00e9dons. La peau est unifi\u00e9e et les ridules att\u00e9nu\u00e9es.<\/p>\n<p>4\/ R\u00c9DUIT LES MARQUES<br \/>\nNIACINAMIDE: Apaisante, aux propri\u00e9t\u00e9s antioxydante et anti-inflammatoire. D\u00e9riv\u00e9e de la vitamine B3, la niacinamide agit en amont pour pr\u00e9venir l&#8217;apparition des marques hyperpigment\u00e9es et diminue la perte en eau. Les marques sont estomp\u00e9es et le teint est plus uniforme et lumineux.<\/p>\n<p>5\/ APAISE ET ADOUCIT<br \/>\nEAU THERMALE: Apaise les peaux \u00e0 tendance acn\u00e9ique, elle est riche en min\u00e9raux et oligo-\u00e9l\u00e9ments dont le s\u00e9l\u00e9nium. Ses vertus sont apaisantes et adoucissantes.<\/p>\n<p>Test\u00e9 dermatologiquement sur les peaux \u00e0 tendance acn\u00e9ique.<br \/>\nNon com\u00e9dog\u00e8ne<\/p>\n<p>EFFICACIT\u00c9 CLINIQUEMENT PROUV\u00c9E<br \/>\n-45% boutons*<br \/>\n-50% points noirs**<br \/>\n-49% marques*<br \/>\nTest clinique r\u00e9alis\u00e9 sur 51 femmes appliquant quotidiennement le produit pendant 4 semaines.<br \/>\n* Apr\u00e8s 28 jours<br \/>\n**\u00c0 44 jours<\/p>\n<p>EFFICACIT\u00c9 VISIBLE D\u00c8S LE PREMIER MATIN<br \/>\n83% des femmes trouvent que la peau est plus lisse et le grain de peau affin\u00e9<\/p>\n<p>EFFICACIT\u00c9 APR\u00c8S 14 JOURS<br \/>\n90% des femmes trouvent que leurs rides semblent r\u00e9duites<br \/>\n100% des femmes trouvent que leur peau est plus confortable<br \/>\n92% des femmes trouvent que l&#8217;apparence des pores est r\u00e9duite*<br \/>\nDisponible dans votre parapharmacie en ligne www.cotepara.ma<br \/>\n*Auto-\u00e9valuation au premier jour et apr\u00e8s 14 jours<\/p>\n<p>Type de peau :<br \/>\nPeaux grasses \u00e0 tendance acn\u00e9ique<\/p>\n<p>\u00c2ge :<br \/>\n\u00c0 partir de 18 ans<\/p>\n<p>B\u00c9N\u00c9FICES<br \/>\nS\u00e9rum anti-imperfections effet peeling \u00e0 base d&#8217;acide salicylique, d&#8217;acide glycolique, de LHA et de Niacinamide apaisant.<\/p>\n<p>INDICATION<br \/>\nTest\u00e9 sur peaux adultes \u00e0 tendance acn\u00e9ique.<br \/>\nImperfections, marques persistantes, pores dilat\u00e9s.<\/p>\n","protected":false},"excerpt":{"rendered":"<p>S\u00e9rum anti-imperfections : effet peeling pour peaux adultes \u00e0 tendance acn\u00e9ique. Probl\u00e8mes cibl\u00e9s : &#8211; Imperfections &#8211; Points noirs &#8211; Pores dilat\u00e9s &#8211; Marques persistantes Formul\u00e9 avec un complexe de 3 acides compl\u00e9mentaires ultra concentr\u00e9s associ\u00e9s \u00e0 des actifs apaisants : 1\/ D\u00c9SINCRUSTE ET R\u00c9\u00c9QUILIBRE ACIDE SALYCILIQUE : d\u00e9sincruste les pores et r\u00e9duit l&#8217;accumulation de [&hellip;]<\/p>\n","protected":false},"featured_media":20097,"template":"","meta":[],"product_brand":[174],"product_cat":[15,133],"product_tag":[],"class_list":{"0":"post-20171","1":"product","2":"type-product","3":"status-publish","4":"has-post-thumbnail","6":"product_brand-la-roche-posay","7":"product_cat-tout","8":"product_cat-la-roche-posay","9":"ts_product_brand-la-roche-posay","11":"first","12":"instock","13":"sale","14":"shipping-taxable","15":"purchasable","16":"product-type-simple"},"_links":{"self":[{"href":"https:\/\/para-mirava.ma\/index.php?rest_route=\/wp\/v2\/product\/20171","targetHints":{"allow":["GET"]}}],"collection":[{"href":"https:\/\/para-mirava.ma\/index.php?rest_route=\/wp\/v2\/product"}],"about":[{"href":"https:\/\/para-mirava.ma\/index.php?rest_route=\/wp\/v2\/types\/product"}],"wp:featuredmedia":[{"embeddable":true,"href":"https:\/\/para-mirava.ma\/index.php?rest_route=\/wp\/v2\/media\/20097"}],"wp:attachment":[{"href":"https:\/\/para-mirava.ma\/index.php?rest_route=%2Fwp%2Fv2%2Fmedia&parent=20171"}],"wp:term":[{"taxonomy":"product_brand","embeddable":true,"href":"https:\/\/para-mirava.ma\/index.php?rest_route=%2Fwp%2Fv2%2Fproduct_brand&post=20171"},{"taxonomy":"product_cat","embeddable":true,"href":"https:\/\/para-mirava.ma\/index.php?rest_route=%2Fwp%2Fv2%2Fproduct_cat&post=20171"},{"taxonomy":"product_tag","embeddable":true,"href":"https:\/\/para-mirava.ma\/index.php?rest_route=%2Fwp%2Fv2%2Fproduct_tag&post=20171"}],"curies":[{"name":"wp","href":"https:\/\/api.w.org\/{rel}","templated":true}]}}