{"id":20173,"date":"2026-03-17T17:57:47","date_gmt":"2026-03-17T17:57:47","guid":{"rendered":"https:\/\/para-mirava.ma\/?product=roche-posay-hydraphase-ha-legere-50ml-2"},"modified":"2026-03-17T18:59:45","modified_gmt":"2026-03-17T18:59:45","slug":"roche-posay-hydraphase-ha-legere-50ml-2","status":"publish","type":"product","link":"https:\/\/para-mirava.ma\/?product=roche-posay-hydraphase-ha-legere-50ml-2","title":{"rendered":"ROCHE POSAY HYDRAPHASE HA LEGERE 50ML"},"content":{"rendered":"<p>Hydraphase HA l\u00e9g\u00e8re est une cr\u00e8me hydratante visage con\u00e7ue pour les peaux sensibles et d\u00e9shydrat\u00e9es, normales \u00e0 mixtes. Elle contient de l&#8217;acide hyaluronique d&#8217;origine naturelle issu de la technologie verte, actif reconnu pour hydrater la peau et la repulper ainsi que de l&#8217;eau thermale La Roche-Posay \u00e0 haute concentration apaisante et hautement hydratante. Instantan\u00e9ment, la peau est confortable et parfaitement hydrat\u00e9e jusqu&#8217;\u00e0 72 heures. Le teint est frais et \u00e9clatant.<\/p>\n<p>Probl\u00e8mes cibl\u00e9s :<br \/>\nD\u00e9shydratation de la peau<\/p>\n<p>Disponible dans votre parapharmacie en ligne www.cotepara.ma<\/p>\n<p>Type de peau :<br \/>\nPeaux Normales<br \/>\nMixtes \u00e0 d\u00e9shydrat\u00e9es<br \/>\nConvient aux Peaux sensibles<\/p>\n<p>\u00c2ge :<br \/>\n\u00c0 partir de 12 ans<\/p>\n<p>INDICATION<br \/>\nPeaux normales \u00e0 mixtes, peaux sensibles et d\u00e9shydrat\u00e9es.<\/p>\n","protected":false},"excerpt":{"rendered":"<p>Hydraphase HA l\u00e9g\u00e8re est une cr\u00e8me hydratante visage con\u00e7ue pour les peaux sensibles et d\u00e9shydrat\u00e9es, normales \u00e0 mixtes. Elle contient de l&#8217;acide hyaluronique d&#8217;origine naturelle issu de la technologie verte, actif reconnu pour hydrater la peau et la repulper ainsi que de l&#8217;eau thermale La Roche-Posay \u00e0 haute concentration apaisante et hautement hydratante. Instantan\u00e9ment, la [&hellip;]<\/p>\n","protected":false},"featured_media":20101,"template":"","meta":[],"product_brand":[174],"product_cat":[15,133],"product_tag":[],"class_list":{"0":"post-20173","1":"product","2":"type-product","3":"status-publish","4":"has-post-thumbnail","6":"product_brand-la-roche-posay","7":"product_cat-tout","8":"product_cat-la-roche-posay","9":"ts_product_brand-la-roche-posay","11":"first","12":"instock","13":"sale","14":"shipping-taxable","15":"purchasable","16":"product-type-simple"},"_links":{"self":[{"href":"https:\/\/para-mirava.ma\/index.php?rest_route=\/wp\/v2\/product\/20173","targetHints":{"allow":["GET"]}}],"collection":[{"href":"https:\/\/para-mirava.ma\/index.php?rest_route=\/wp\/v2\/product"}],"about":[{"href":"https:\/\/para-mirava.ma\/index.php?rest_route=\/wp\/v2\/types\/product"}],"wp:featuredmedia":[{"embeddable":true,"href":"https:\/\/para-mirava.ma\/index.php?rest_route=\/wp\/v2\/media\/20101"}],"wp:attachment":[{"href":"https:\/\/para-mirava.ma\/index.php?rest_route=%2Fwp%2Fv2%2Fmedia&parent=20173"}],"wp:term":[{"taxonomy":"product_brand","embeddable":true,"href":"https:\/\/para-mirava.ma\/index.php?rest_route=%2Fwp%2Fv2%2Fproduct_brand&post=20173"},{"taxonomy":"product_cat","embeddable":true,"href":"https:\/\/para-mirava.ma\/index.php?rest_route=%2Fwp%2Fv2%2Fproduct_cat&post=20173"},{"taxonomy":"product_tag","embeddable":true,"href":"https:\/\/para-mirava.ma\/index.php?rest_route=%2Fwp%2Fv2%2Fproduct_tag&post=20173"}],"curies":[{"name":"wp","href":"https:\/\/api.w.org\/{rel}","templated":true}]}}