{"id":20175,"date":"2026-03-17T17:57:48","date_gmt":"2026-03-17T17:57:48","guid":{"rendered":"https:\/\/para-mirava.ma\/?product=roche-posay-toleriane-dermallergo-soin-contour-des-yeux-20ml-2"},"modified":"2026-03-17T18:59:45","modified_gmt":"2026-03-17T18:59:45","slug":"roche-posay-toleriane-dermallergo-soin-contour-des-yeux-20ml-2","status":"publish","type":"product","link":"https:\/\/para-mirava.ma\/?product=roche-posay-toleriane-dermallergo-soin-contour-des-yeux-20ml-2","title":{"rendered":"ROCHE POSAY TOLERIANE DERMALLERGO SOIN CONTOUR DES YEUX 20ML"},"content":{"rendered":"<p>Soin contour des yeux apaisant hydratant peau irrit\u00e9e et sensible.<\/p>\n<p>Disponible dans votre parapharmacie en ligne www.cotepara.ma<\/p>\n<p>B\u00c9N\u00c9FICES<\/p>\n<p>Toleriane Dermallergo Yeux est une cr\u00e8me contour des yeux quotidienne pour peau sensible, allergique ou \u00e0 tendance \u00e0 l&#8217;ecz\u00e9ma.<\/p>\n<p>Id\u00e9ale pour le contour des yeux sec et irrit\u00e9, sa formule associe le complexe brevet\u00e9 Neurosensine + Niacinamide, actifs apaisants anti-irritations \u00e0 une nouvelle fraction unique de probiotique Sphingobioma, qui renforce les d\u00e9fenses naturelles de la peau.<\/p>\n<p>Cette cr\u00e8me pour les yeux r\u00e9duit la s\u00e9cheresse cutan\u00e9e et les poches, apaise instantan\u00e9ment, limite les rougeurs, r\u00e9pare la barri\u00e8re protectrice et hydrate durablement, pour un regard frais et lumineux.<\/p>\n<p>INDICATIONS<\/p>\n<p>Pour les peaux sensibles, fragilis\u00e9es et allergiques et les peaux \u00e0 tendance atopique.<\/p>\n","protected":false},"excerpt":{"rendered":"<p>Soin contour des yeux apaisant hydratant peau irrit\u00e9e et sensible. Disponible dans votre parapharmacie en ligne www.cotepara.ma B\u00c9N\u00c9FICES Toleriane Dermallergo Yeux est une cr\u00e8me contour des yeux quotidienne pour peau sensible, allergique ou \u00e0 tendance \u00e0 l&#8217;ecz\u00e9ma. Id\u00e9ale pour le contour des yeux sec et irrit\u00e9, sa formule associe le complexe brevet\u00e9 Neurosensine + Niacinamide, [&hellip;]<\/p>\n","protected":false},"featured_media":20105,"template":"","meta":[],"product_brand":[174],"product_cat":[15,133],"product_tag":[],"class_list":{"0":"post-20175","1":"product","2":"type-product","3":"status-publish","4":"has-post-thumbnail","6":"product_brand-la-roche-posay","7":"product_cat-tout","8":"product_cat-la-roche-posay","9":"ts_product_brand-la-roche-posay","11":"first","12":"instock","13":"sale","14":"shipping-taxable","15":"purchasable","16":"product-type-simple"},"_links":{"self":[{"href":"https:\/\/para-mirava.ma\/index.php?rest_route=\/wp\/v2\/product\/20175","targetHints":{"allow":["GET"]}}],"collection":[{"href":"https:\/\/para-mirava.ma\/index.php?rest_route=\/wp\/v2\/product"}],"about":[{"href":"https:\/\/para-mirava.ma\/index.php?rest_route=\/wp\/v2\/types\/product"}],"wp:featuredmedia":[{"embeddable":true,"href":"https:\/\/para-mirava.ma\/index.php?rest_route=\/wp\/v2\/media\/20105"}],"wp:attachment":[{"href":"https:\/\/para-mirava.ma\/index.php?rest_route=%2Fwp%2Fv2%2Fmedia&parent=20175"}],"wp:term":[{"taxonomy":"product_brand","embeddable":true,"href":"https:\/\/para-mirava.ma\/index.php?rest_route=%2Fwp%2Fv2%2Fproduct_brand&post=20175"},{"taxonomy":"product_cat","embeddable":true,"href":"https:\/\/para-mirava.ma\/index.php?rest_route=%2Fwp%2Fv2%2Fproduct_cat&post=20175"},{"taxonomy":"product_tag","embeddable":true,"href":"https:\/\/para-mirava.ma\/index.php?rest_route=%2Fwp%2Fv2%2Fproduct_tag&post=20175"}],"curies":[{"name":"wp","href":"https:\/\/api.w.org\/{rel}","templated":true}]}}