{"id":20176,"date":"2026-03-17T17:57:48","date_gmt":"2026-03-17T17:57:48","guid":{"rendered":"https:\/\/para-mirava.ma\/?product=roche-posay-toleriane-dermallergo-creme-soin-hydratant-40ml-2"},"modified":"2026-03-17T18:59:45","modified_gmt":"2026-03-17T18:59:45","slug":"roche-posay-toleriane-dermallergo-creme-soin-hydratant-40ml-2","status":"publish","type":"product","link":"https:\/\/para-mirava.ma\/?product=roche-posay-toleriane-dermallergo-creme-soin-hydratant-40ml-2","title":{"rendered":"ROCHE POSAY TOLERIANE DERMALLERGO CREME SOIN HYDRATANT 40ML"},"content":{"rendered":"<p>Soin visage quotidien hydratant et apaisant pour peaux sensibles et allergiques.<\/p>\n<p>B\u00c9N\u00c9FICES<\/p>\n<p>Toleriane Dermallergo est une cr\u00e8me hydratante pour peau sensible et \u00e0 tendance allergique. Sa formule unique associe la Neurosensine, un puissant actif apaisant, \u00e0 une nouvelle fraction de probiotique Sphingobioma, qui compense le d\u00e9s\u00e9quilibre du microbiome et renforce les d\u00e9fenses naturelles de la peau. Cette cr\u00e8me visage apaise instantan\u00e9ment, r\u00e9duit les rougeurs, r\u00e9pare la barri\u00e8re cutan\u00e9e et hydrate durablement.<\/p>\n<p>Disponible dans votre parapharmacie en ligne www.cotepara.ma<\/p>\n<p>INDICATIONS<\/p>\n<p>Pour les peaux normales \u00e0 s\u00e8ches sensibles, fragilis\u00e9es et allergiques.<\/p>\n","protected":false},"excerpt":{"rendered":"<p>Soin visage quotidien hydratant et apaisant pour peaux sensibles et allergiques. B\u00c9N\u00c9FICES Toleriane Dermallergo est une cr\u00e8me hydratante pour peau sensible et \u00e0 tendance allergique. Sa formule unique associe la Neurosensine, un puissant actif apaisant, \u00e0 une nouvelle fraction de probiotique Sphingobioma, qui compense le d\u00e9s\u00e9quilibre du microbiome et renforce les d\u00e9fenses naturelles de la [&hellip;]<\/p>\n","protected":false},"featured_media":20107,"template":"","meta":[],"product_brand":[174],"product_cat":[15,133],"product_tag":[],"class_list":{"0":"post-20176","1":"product","2":"type-product","3":"status-publish","4":"has-post-thumbnail","6":"product_brand-la-roche-posay","7":"product_cat-tout","8":"product_cat-la-roche-posay","9":"ts_product_brand-la-roche-posay","11":"first","12":"instock","13":"sale","14":"shipping-taxable","15":"purchasable","16":"product-type-simple"},"_links":{"self":[{"href":"https:\/\/para-mirava.ma\/index.php?rest_route=\/wp\/v2\/product\/20176","targetHints":{"allow":["GET"]}}],"collection":[{"href":"https:\/\/para-mirava.ma\/index.php?rest_route=\/wp\/v2\/product"}],"about":[{"href":"https:\/\/para-mirava.ma\/index.php?rest_route=\/wp\/v2\/types\/product"}],"wp:featuredmedia":[{"embeddable":true,"href":"https:\/\/para-mirava.ma\/index.php?rest_route=\/wp\/v2\/media\/20107"}],"wp:attachment":[{"href":"https:\/\/para-mirava.ma\/index.php?rest_route=%2Fwp%2Fv2%2Fmedia&parent=20176"}],"wp:term":[{"taxonomy":"product_brand","embeddable":true,"href":"https:\/\/para-mirava.ma\/index.php?rest_route=%2Fwp%2Fv2%2Fproduct_brand&post=20176"},{"taxonomy":"product_cat","embeddable":true,"href":"https:\/\/para-mirava.ma\/index.php?rest_route=%2Fwp%2Fv2%2Fproduct_cat&post=20176"},{"taxonomy":"product_tag","embeddable":true,"href":"https:\/\/para-mirava.ma\/index.php?rest_route=%2Fwp%2Fv2%2Fproduct_tag&post=20176"}],"curies":[{"name":"wp","href":"https:\/\/api.w.org\/{rel}","templated":true}]}}