{"id":20178,"date":"2026-03-17T17:57:48","date_gmt":"2026-03-17T17:57:48","guid":{"rendered":"https:\/\/para-mirava.ma\/?product=roche-posay-effaclar-h-iso-biome-creme-lavante-200ml-2"},"modified":"2026-03-17T18:59:45","modified_gmt":"2026-03-17T18:59:45","slug":"roche-posay-effaclar-h-iso-biome-creme-lavante-200ml-2","status":"publish","type":"product","link":"https:\/\/para-mirava.ma\/?product=roche-posay-effaclar-h-iso-biome-creme-lavante-200ml-2","title":{"rendered":"ROCHE POSAY EFFACLAR H ISO BIOME CREME LAVANTE 200ML"},"content":{"rendered":"<p>Cr\u00e8me lavante visage peau s\u00e8che \u00e0 tendance acn\u00e9ique<\/p>\n<p>B\u00c9N\u00c9FICES<\/p>\n<p>La Cr\u00e8me Lavante Hydratante Apaisante Anti-Imperfections Effaclar H ISO-BIOME est un nettoyant visage con\u00e7u pour les peaux s\u00e8ches et fragilis\u00e9es par les traitements th\u00e9rapeutiques de l&#8217;acn\u00e9 s\u00e9v\u00e8re. Elle est formul\u00e9e sans savon avec de l&#8217;Aqua Pos\u00e6 Filiformis anti-inflammatoire, de la Niacinamide r\u00e9paratrice et de l&#8217;Eau Thermale La Roche-Posay apaisante, qui aide \u00e0 r\u00e9tablir l&#8217;\u00e9quilibre du microbiome cutan\u00e9. Ce nettoyant visage peau s\u00e8che avec imperfections nettoie et purifie en douceur, laissant la peau nette et confortable.<\/p>\n<p>Probl\u00e8mes cibl\u00e9s :<\/p>\n<p>Imperfections<\/p>\n<p>Ass\u00e8chement de la peau sous traitement anti-acn\u00e9<\/p>\n<p>1\/ NETTOIE ET PURIFIE LA PEAU<\/p>\n<p>La cr\u00e8me lavante Effaclar H ISO-BIOME nettoie et purifie en douceur les peaux fragilis\u00e9es par les traitements anti-acn\u00e9. Gr\u00e2ce au Pidolate de Zinc et \u00e0 la Glyc\u00e9rine, la peau est parfaitement nettoy\u00e9e et purifi\u00e9e tout en restant hydrat\u00e9e.<\/p>\n<p>2\/ DIMINUE LES INFLAMMATIONS ET R\u00c9\u00c9QUILIBRE LE MICROBIOME<\/p>\n<p>Notre cr\u00e8me lavante peau s\u00e8che int\u00e8gre de l&#8217;Aqua Pos\u00e6 Filiformis anti-inflammatoire. Ce pr\u00e9biotique brevet\u00e9 aide \u00e0 r\u00e9\u00e9quilibrer le microbiome et ainsi r\u00e9duire les inflammations, les sensations de tiraillements et d&#8217;irritations, et les d\u00e9mangeaisons.<\/p>\n<p>3\/ RENFORCE LA BARRI\u00c8RE CUTAN\u00c9E<\/p>\n<p>L&#8217;Eau Thermale La Roche-Posay apaisante et r\u00e9paratrice est associ\u00e9e \u00e0 la Niacinamide qui favorise la r\u00e9paration de la couche corn\u00e9e et diminue les l\u00e9sions li\u00e9es \u00e0 l&#8217;acn\u00e9. La peau est apais\u00e9e et la barri\u00e8re cutan\u00e9e est renforc\u00e9e, pr\u00eate \u00e0 mieux jouer son r\u00f4le de bouclier protecteur.<\/p>\n<p>Associ\u00e9e \u00e0 la cr\u00e8me peau s\u00e8che Effaclar H ISO-BIOME, la cr\u00e8me lavante peau s\u00e8che avec imperfections Effaclar H ISO-BIOME a fait l&#8217;objet d&#8217;\u00e9tudes cliniques r\u00e9alis\u00e9es sous contr\u00f4le dermatologique*.<\/p>\n<p>Am\u00e9lioration de la sensibilit\u00e9 et des inconforts cutan\u00e9s** apr\u00e8s 28 jours :<\/p>\n<p>-27% d&#8217;\u00e9ryth\u00e8me cutan\u00e9<\/p>\n<p>-67% de s\u00e8cheresse cutan\u00e9e<\/p>\n<p>-71% de desquamation<\/p>\n<p>Am\u00e9lioration de la s\u00e9v\u00e9rit\u00e9 de l&#8217;acn\u00e9* apr\u00e8s 28 jours :<\/p>\n<p>-38% de s\u00e9v\u00e9rit\u00e9 de l&#8217;acn\u00e9<\/p>\n<p>D\u00e8s 14 jours pour 58 % des personnes de l&#8217;\u00e9tude. \u00c0 28 jours pour 77 % des personnes de l&#8217;\u00e9tude.<\/p>\n<p>Am\u00e9lioration de la qualit\u00e9 de vie** apr\u00e8s 28 jours :<\/p>\n<p>-44% de d\u00e9sagr\u00e9ments de l&#8217;acn\u00e9 sur la qualit\u00e9 de vie<\/p>\n<p>Disponible dans votre parapharmacie en ligne www.cotepara.ma<\/p>\n<p>*Cr\u00e8me lavante Effaclar H ISO-BIOME + Soin r\u00e9parateur apaisant anti-marques Effaclar H ISO-BIOME appliqu\u00e9s matin et soir, 15 minutes apr\u00e8s l&#8217;application d&#8217;un traitement topique compos\u00e9 d&#8217;un complexe POB + Adapal\u00e8ne (EPIDUO\u00ae 0,1 %).<\/p>\n<p>**\u00c9tude men\u00e9e sous contr\u00f4le dermatologique, sur 44 personnes de 12 \u00e0 41 ans, sous traitement \u00e0 l&#8217;EPIDUO\u00ae 0,1 %.<\/p>\n<p>Type de peau :<\/p>\n<p>Peaux grasses<\/p>\n<p>Dess\u00e9ch\u00e9es et sensibles \u00e0 tendance acn\u00e9ique<\/p>\n<p>\u00c2ge :<\/p>\n<p>\u00c0 partir de 18 ans<\/p>\n<p>INDICATION<\/p>\n<p>Cette cr\u00e8me lavante peau s\u00e8che est indiqu\u00e9e pour nettoyer les peaux fragilis\u00e9es et sensibilis\u00e9es par un traitement contre l&#8217;acn\u00e9.<\/p>\n","protected":false},"excerpt":{"rendered":"<p>Cr\u00e8me lavante visage peau s\u00e8che \u00e0 tendance acn\u00e9ique B\u00c9N\u00c9FICES La Cr\u00e8me Lavante Hydratante Apaisante Anti-Imperfections Effaclar H ISO-BIOME est un nettoyant visage con\u00e7u pour les peaux s\u00e8ches et fragilis\u00e9es par les traitements th\u00e9rapeutiques de l&#8217;acn\u00e9 s\u00e9v\u00e8re. Elle est formul\u00e9e sans savon avec de l&#8217;Aqua Pos\u00e6 Filiformis anti-inflammatoire, de la Niacinamide r\u00e9paratrice et de l&#8217;Eau Thermale [&hellip;]<\/p>\n","protected":false},"featured_media":20111,"template":"","meta":[],"product_brand":[174],"product_cat":[15,133],"product_tag":[],"class_list":{"0":"post-20178","1":"product","2":"type-product","3":"status-publish","4":"has-post-thumbnail","6":"product_brand-la-roche-posay","7":"product_cat-tout","8":"product_cat-la-roche-posay","9":"ts_product_brand-la-roche-posay","11":"first","12":"instock","13":"sale","14":"shipping-taxable","15":"purchasable","16":"product-type-simple"},"_links":{"self":[{"href":"https:\/\/para-mirava.ma\/index.php?rest_route=\/wp\/v2\/product\/20178","targetHints":{"allow":["GET"]}}],"collection":[{"href":"https:\/\/para-mirava.ma\/index.php?rest_route=\/wp\/v2\/product"}],"about":[{"href":"https:\/\/para-mirava.ma\/index.php?rest_route=\/wp\/v2\/types\/product"}],"wp:featuredmedia":[{"embeddable":true,"href":"https:\/\/para-mirava.ma\/index.php?rest_route=\/wp\/v2\/media\/20111"}],"wp:attachment":[{"href":"https:\/\/para-mirava.ma\/index.php?rest_route=%2Fwp%2Fv2%2Fmedia&parent=20178"}],"wp:term":[{"taxonomy":"product_brand","embeddable":true,"href":"https:\/\/para-mirava.ma\/index.php?rest_route=%2Fwp%2Fv2%2Fproduct_brand&post=20178"},{"taxonomy":"product_cat","embeddable":true,"href":"https:\/\/para-mirava.ma\/index.php?rest_route=%2Fwp%2Fv2%2Fproduct_cat&post=20178"},{"taxonomy":"product_tag","embeddable":true,"href":"https:\/\/para-mirava.ma\/index.php?rest_route=%2Fwp%2Fv2%2Fproduct_tag&post=20178"}],"curies":[{"name":"wp","href":"https:\/\/api.w.org\/{rel}","templated":true}]}}