{"id":20182,"date":"2026-03-17T17:57:49","date_gmt":"2026-03-17T17:57:49","guid":{"rendered":"https:\/\/para-mirava.ma\/?product=roche-posay-anthelios-uvmune-400-teinte-50-50ml-2"},"modified":"2026-03-17T18:59:44","modified_gmt":"2026-03-17T18:59:44","slug":"roche-posay-anthelios-uvmune-400-teinte-50-50ml-2","status":"publish","type":"product","link":"https:\/\/para-mirava.ma\/?product=roche-posay-anthelios-uvmune-400-teinte-50-50ml-2","title":{"rendered":"ROCHE POSAY ANTHELIOS UVMUNE 400 TEINTE 50+ 50ML"},"content":{"rendered":"<p>Protection UVA Ultra-longs<\/p>\n<p>MEXORYL400, notre nouveau filtre UV, efficace contre les rayons UV les plus insidieux : UVA ULTRA-LONGS*<\/p>\n<p>Protection : UVB+UVA+UVA ultra-longs<\/p>\n<p>B\u00c9N\u00c9FICES<\/p>\n<p>La cr\u00e8me solaire peau sensible teint\u00e9e Anthelios UVMUNE 400 \u00e0 l&#8217;eau thermale de La Roche-Posay est un soin visage SPF50+<\/p>\n<p>Tr\u00e8s haute protection UVA, UVB et UVA ultra-longs<\/p>\n<p>Ultra-r\u00e9sistance : eau et sable.<\/p>\n<p>Haute tol\u00e9rance : ne pique pas les yeux<\/p>\n<p>Texture invisible et l\u00e9g\u00e8re.<\/p>\n<p>Avec parfum hypoallerg\u00e9nique.<\/p>\n<p>Disponible dans votre parapharmacie en ligne www.cotepara.ma<\/p>\n<p>INDICATION<\/p>\n<p>Test\u00e9 sur les peaux sensibles, r\u00e9actives et intol\u00e9rantes.<\/p>\n<p>Convient \u00e0 tous les types de peau, tous les phototypes.<\/p>\n<p>La formulation de cette cr\u00e8me solaire peau sensible teint\u00e9e haute tol\u00e9rance limite les risques de r\u00e9action cutan\u00e9e et permet l&#8217;application de la cr\u00e8me solaire sur le contour des yeux.<\/p>\n","protected":false},"excerpt":{"rendered":"<p>Protection UVA Ultra-longs MEXORYL400, notre nouveau filtre UV, efficace contre les rayons UV les plus insidieux : UVA ULTRA-LONGS* Protection : UVB+UVA+UVA ultra-longs B\u00c9N\u00c9FICES La cr\u00e8me solaire peau sensible teint\u00e9e Anthelios UVMUNE 400 \u00e0 l&#8217;eau thermale de La Roche-Posay est un soin visage SPF50+ Tr\u00e8s haute protection UVA, UVB et UVA ultra-longs Ultra-r\u00e9sistance : eau [&hellip;]<\/p>\n","protected":false},"featured_media":20119,"template":"","meta":[],"product_brand":[174],"product_cat":[15,133],"product_tag":[],"class_list":{"0":"post-20182","1":"product","2":"type-product","3":"status-publish","4":"has-post-thumbnail","6":"product_brand-la-roche-posay","7":"product_cat-tout","8":"product_cat-la-roche-posay","9":"ts_product_brand-la-roche-posay","11":"first","12":"instock","13":"sale","14":"shipping-taxable","15":"purchasable","16":"product-type-simple"},"_links":{"self":[{"href":"https:\/\/para-mirava.ma\/index.php?rest_route=\/wp\/v2\/product\/20182","targetHints":{"allow":["GET"]}}],"collection":[{"href":"https:\/\/para-mirava.ma\/index.php?rest_route=\/wp\/v2\/product"}],"about":[{"href":"https:\/\/para-mirava.ma\/index.php?rest_route=\/wp\/v2\/types\/product"}],"wp:featuredmedia":[{"embeddable":true,"href":"https:\/\/para-mirava.ma\/index.php?rest_route=\/wp\/v2\/media\/20119"}],"wp:attachment":[{"href":"https:\/\/para-mirava.ma\/index.php?rest_route=%2Fwp%2Fv2%2Fmedia&parent=20182"}],"wp:term":[{"taxonomy":"product_brand","embeddable":true,"href":"https:\/\/para-mirava.ma\/index.php?rest_route=%2Fwp%2Fv2%2Fproduct_brand&post=20182"},{"taxonomy":"product_cat","embeddable":true,"href":"https:\/\/para-mirava.ma\/index.php?rest_route=%2Fwp%2Fv2%2Fproduct_cat&post=20182"},{"taxonomy":"product_tag","embeddable":true,"href":"https:\/\/para-mirava.ma\/index.php?rest_route=%2Fwp%2Fv2%2Fproduct_tag&post=20182"}],"curies":[{"name":"wp","href":"https:\/\/api.w.org\/{rel}","templated":true}]}}