{"id":20184,"date":"2026-03-17T17:57:49","date_gmt":"2026-03-17T17:57:49","guid":{"rendered":"https:\/\/para-mirava.ma\/?product=roche-posay-toleriane-dermallergo-nuit-40ml-2"},"modified":"2026-03-17T18:59:44","modified_gmt":"2026-03-17T18:59:44","slug":"roche-posay-toleriane-dermallergo-nuit-40ml-2","status":"publish","type":"product","link":"https:\/\/para-mirava.ma\/?product=roche-posay-toleriane-dermallergo-nuit-40ml-2","title":{"rendered":"ROCHE POSAY TOLERIANE DERMALLERGO NUIT 40ML"},"content":{"rendered":"<p>Cr\u00e8me visage de nuit apaisante<\/p>\n<p>B\u00c9N\u00c9FICES<br \/>\nLa cr\u00e8me nuit visage Dermallergo hydratante et apaisante vient compenser le d\u00e9s\u00e9quilibre du microbiome avec une nouvelle fraction probiotique unique Sphingobioma pour renforcer les d\u00e9fenses naturelles de la peau.<br \/>\nDisponible dans votre parapharmacie en ligne www.cotepara.ma<br \/>\nApaise et hydrate intens\u00e9ment les peaux ultra-sensibles.<br \/>\nR\u00e9duit durablement les rougeurs. Efficacit\u00e9 anti-rechute.<br \/>\nTest\u00e9 sur peaux allergiques.<br \/>\nSans parfum. Sans alcool.<\/p>\n<p>INDICATION<br \/>\nLa cr\u00e8me de nuit hydratante et apaisante dermatologique quotidienne Toleriane Dermallergo Nuit de La Roche Posay est con\u00e7ue pour les peaux \u00e0 tendance allergiques ou sensibles.<\/p>\n","protected":false},"excerpt":{"rendered":"<p>Cr\u00e8me visage de nuit apaisante B\u00c9N\u00c9FICES La cr\u00e8me nuit visage Dermallergo hydratante et apaisante vient compenser le d\u00e9s\u00e9quilibre du microbiome avec une nouvelle fraction probiotique unique Sphingobioma pour renforcer les d\u00e9fenses naturelles de la peau. Disponible dans votre parapharmacie en ligne www.cotepara.ma Apaise et hydrate intens\u00e9ment les peaux ultra-sensibles. R\u00e9duit durablement les rougeurs. Efficacit\u00e9 anti-rechute. [&hellip;]<\/p>\n","protected":false},"featured_media":20123,"template":"","meta":[],"product_brand":[174],"product_cat":[15,133],"product_tag":[],"class_list":{"0":"post-20184","1":"product","2":"type-product","3":"status-publish","4":"has-post-thumbnail","6":"product_brand-la-roche-posay","7":"product_cat-tout","8":"product_cat-la-roche-posay","9":"ts_product_brand-la-roche-posay","11":"first","12":"instock","13":"sale","14":"shipping-taxable","15":"purchasable","16":"product-type-simple"},"_links":{"self":[{"href":"https:\/\/para-mirava.ma\/index.php?rest_route=\/wp\/v2\/product\/20184","targetHints":{"allow":["GET"]}}],"collection":[{"href":"https:\/\/para-mirava.ma\/index.php?rest_route=\/wp\/v2\/product"}],"about":[{"href":"https:\/\/para-mirava.ma\/index.php?rest_route=\/wp\/v2\/types\/product"}],"wp:featuredmedia":[{"embeddable":true,"href":"https:\/\/para-mirava.ma\/index.php?rest_route=\/wp\/v2\/media\/20123"}],"wp:attachment":[{"href":"https:\/\/para-mirava.ma\/index.php?rest_route=%2Fwp%2Fv2%2Fmedia&parent=20184"}],"wp:term":[{"taxonomy":"product_brand","embeddable":true,"href":"https:\/\/para-mirava.ma\/index.php?rest_route=%2Fwp%2Fv2%2Fproduct_brand&post=20184"},{"taxonomy":"product_cat","embeddable":true,"href":"https:\/\/para-mirava.ma\/index.php?rest_route=%2Fwp%2Fv2%2Fproduct_cat&post=20184"},{"taxonomy":"product_tag","embeddable":true,"href":"https:\/\/para-mirava.ma\/index.php?rest_route=%2Fwp%2Fv2%2Fproduct_tag&post=20184"}],"curies":[{"name":"wp","href":"https:\/\/api.w.org\/{rel}","templated":true}]}}