{"id":20187,"date":"2026-03-17T17:57:51","date_gmt":"2026-03-17T17:57:51","guid":{"rendered":"https:\/\/para-mirava.ma\/?product=roche-posay-cicaplast-baume-b5-40ml"},"modified":"2026-03-17T18:59:44","modified_gmt":"2026-03-17T18:59:44","slug":"roche-posay-cicaplast-baume-b5-40ml","status":"publish","type":"product","link":"https:\/\/para-mirava.ma\/?product=roche-posay-cicaplast-baume-b5-40ml","title":{"rendered":"ROCHE POSAY CICAPLAST BAUME B5 40ML"},"content":{"rendered":"<p>Cicaplast Baume B5+ est une cr\u00e8me r\u00e9paratrice et apaisante qui s&#8217;utilise pour r\u00e9parer la fonction barri\u00e8re de la peau et soulager intens\u00e9ment les peaux fragiles et irrit\u00e9es tout en r\u00e9duisant les marques. Cette cr\u00e8me r\u00e9paratrice corps et visage contient du beurre de karit\u00e9 nourrissant, de la vitamine B5 apaisante et de la mad\u00e9cassoside connue pour ses propri\u00e9t\u00e9s apaisantes. La peau est imm\u00e9diatement nourrie et confortable, les rougeurs et les irritations sont apais\u00e9es.<\/p>\n<p>Probl\u00e8mes cibl\u00e9s :<br \/>\n&#8211; Peaux irrit\u00e9es ou fragilis\u00e9es suite \u00e0 des atteintes \u00e9pidermiques<br \/>\n&#8211; Marques<br \/>\n&#8211; Agressions du quotidien (\u00e9chauffements superficiels de la peau, rasage, piq\u00fbres d&#8217;insectes)<br \/>\n&#8211; Irritations (fesses de b\u00e9b\u00e9, x\u00e9rose, post-herp\u00e8s)<br \/>\n&#8211; Post-actes dermatologiques superficiels (laser resurfa\u00e7ant, peeling)<\/p>\n<p>Type de peau :<br \/>\n&#8211; Sensible<br \/>\n&#8211; Tous types de peaux<\/p>\n<p>Disponible dans votre parapharmacie en ligne www.cotepara.ma<\/p>\n<p>\u00c2ge :<br \/>\n&#8211; D\u00e8s la naissance<\/p>\n<p>Convient \u00e0 toute la famille :<br \/>\n&#8211; Nourrissons<br \/>\n&#8211; Enfants et adultes<\/p>\n<p>INDICATION<br \/>\nPeaux fragilis\u00e9es et irrit\u00e9es des b\u00e9b\u00e9s (nourrissons), enfants et adultes. Cicaplast Baume B5+ est indiqu\u00e9 pour les peaux sensibles suite \u00e0 des atteintes \u00e9pidermiques : rougeurs du si\u00e8ge du b\u00e9b\u00e9, irritation p\u00e9ri-orale, micro-ger\u00e7ure, s\u00e9cheresse intense, irritation cutan\u00e9e, post-laser superficiel, irritation post-\u00e9pilation&#8230;<\/p>\n","protected":false},"excerpt":{"rendered":"<p>Cicaplast Baume B5+ est une cr\u00e8me r\u00e9paratrice et apaisante qui s&#8217;utilise pour r\u00e9parer la fonction barri\u00e8re de la peau et soulager intens\u00e9ment les peaux fragiles et irrit\u00e9es tout en r\u00e9duisant les marques. Cette cr\u00e8me r\u00e9paratrice corps et visage contient du beurre de karit\u00e9 nourrissant, de la vitamine B5 apaisante et de la mad\u00e9cassoside connue pour [&hellip;]<\/p>\n","protected":false},"featured_media":20186,"template":"","meta":[],"product_brand":[174],"product_cat":[15,133],"product_tag":[],"class_list":{"0":"post-20187","1":"product","2":"type-product","3":"status-publish","4":"has-post-thumbnail","6":"product_brand-la-roche-posay","7":"product_cat-tout","8":"product_cat-la-roche-posay","9":"ts_product_brand-la-roche-posay","11":"first","12":"instock","13":"sale","14":"shipping-taxable","15":"purchasable","16":"product-type-simple"},"_links":{"self":[{"href":"https:\/\/para-mirava.ma\/index.php?rest_route=\/wp\/v2\/product\/20187","targetHints":{"allow":["GET"]}}],"collection":[{"href":"https:\/\/para-mirava.ma\/index.php?rest_route=\/wp\/v2\/product"}],"about":[{"href":"https:\/\/para-mirava.ma\/index.php?rest_route=\/wp\/v2\/types\/product"}],"wp:featuredmedia":[{"embeddable":true,"href":"https:\/\/para-mirava.ma\/index.php?rest_route=\/wp\/v2\/media\/20186"}],"wp:attachment":[{"href":"https:\/\/para-mirava.ma\/index.php?rest_route=%2Fwp%2Fv2%2Fmedia&parent=20187"}],"wp:term":[{"taxonomy":"product_brand","embeddable":true,"href":"https:\/\/para-mirava.ma\/index.php?rest_route=%2Fwp%2Fv2%2Fproduct_brand&post=20187"},{"taxonomy":"product_cat","embeddable":true,"href":"https:\/\/para-mirava.ma\/index.php?rest_route=%2Fwp%2Fv2%2Fproduct_cat&post=20187"},{"taxonomy":"product_tag","embeddable":true,"href":"https:\/\/para-mirava.ma\/index.php?rest_route=%2Fwp%2Fv2%2Fproduct_tag&post=20187"}],"curies":[{"name":"wp","href":"https:\/\/api.w.org\/{rel}","templated":true}]}}