{"id":20193,"date":"2026-03-17T17:57:54","date_gmt":"2026-03-17T17:57:54","guid":{"rendered":"https:\/\/para-mirava.ma\/?product=roche-posay-hydraphase-legere-uv-spf-25"},"modified":"2026-03-17T18:59:43","modified_gmt":"2026-03-17T18:59:43","slug":"roche-posay-hydraphase-legere-uv-spf-25","status":"publish","type":"product","link":"https:\/\/para-mirava.ma\/?product=roche-posay-hydraphase-legere-uv-spf-25","title":{"rendered":"ROCHE POSAY HYDRAPHASE LEGERE UV SPF 25"},"content":{"rendered":"<p>Notre innovation, HYDRAPHASE HA UV SPF 25 L\u00e9g\u00e8re qui hydrate et prot\u00e8ge contre les UVA et UVB.<\/p>\n<p>B\u00c9N\u00c9FICES<\/p>\n<p>HYDRAPHASE HA UV SPF 25 L\u00e9g\u00e8re est notre premi\u00e8re cr\u00e8me hydratante pour les peaux sensibles et d\u00e9shydrat\u00e9es, \u00e0 combiner une hydratation intense de 72H \u00e0 une haute protection SPF 25 contre les UVA et les UVB. Elle contient de l&#8217;acide hyaluronique d&#8217;origine naturelle issu de la technologie verte, actif reconnu pour hydrater la peau et la repulper, ainsi que de l&#8217;Eau Thermale La Roche-Posay \u00e0 haute concentration apaisante et hautement hydratante. Instantan\u00e9ment, la peau est confortable, hydrat\u00e9e et prot\u00e9g\u00e9e. Le teint est frais et \u00e9clatant. Sa texture est l\u00e9g\u00e8re, fra\u00eeche, non grasse et non collante.<\/p>\n<p>Probl\u00e8mes cibl\u00e9s:<\/p>\n<p>D\u00e9shydratation<\/p>\n<p>Agressions ext\u00e9rieures (soleil, froid, vent, pollution)<\/p>\n<p>Disponible dans votre parapharmacie en ligne www.cotepara.ma<\/p>\n<p>Type de peau:<\/p>\n<p>Adapt\u00e9 aux peaux normales \u00e0 mixtes<\/p>\n<p>\u00c2ge:<\/p>\n<p>A partir de 12 ans<\/p>\n<p>INDICATION<\/p>\n<p>D\u00e9velopp\u00e9 pour les peaux normales \u00e0 mixtes.<\/p>\n","protected":false},"excerpt":{"rendered":"<p>Notre innovation, HYDRAPHASE HA UV SPF 25 L\u00e9g\u00e8re qui hydrate et prot\u00e8ge contre les UVA et UVB. B\u00c9N\u00c9FICES HYDRAPHASE HA UV SPF 25 L\u00e9g\u00e8re est notre premi\u00e8re cr\u00e8me hydratante pour les peaux sensibles et d\u00e9shydrat\u00e9es, \u00e0 combiner une hydratation intense de 72H \u00e0 une haute protection SPF 25 contre les UVA et les UVB. Elle [&hellip;]<\/p>\n","protected":false},"featured_media":20192,"template":"","meta":[],"product_brand":[174],"product_cat":[15,133],"product_tag":[],"class_list":{"0":"post-20193","1":"product","2":"type-product","3":"status-publish","4":"has-post-thumbnail","6":"product_brand-la-roche-posay","7":"product_cat-tout","8":"product_cat-la-roche-posay","9":"ts_product_brand-la-roche-posay","11":"first","12":"instock","13":"sale","14":"shipping-taxable","15":"purchasable","16":"product-type-simple"},"_links":{"self":[{"href":"https:\/\/para-mirava.ma\/index.php?rest_route=\/wp\/v2\/product\/20193","targetHints":{"allow":["GET"]}}],"collection":[{"href":"https:\/\/para-mirava.ma\/index.php?rest_route=\/wp\/v2\/product"}],"about":[{"href":"https:\/\/para-mirava.ma\/index.php?rest_route=\/wp\/v2\/types\/product"}],"wp:featuredmedia":[{"embeddable":true,"href":"https:\/\/para-mirava.ma\/index.php?rest_route=\/wp\/v2\/media\/20192"}],"wp:attachment":[{"href":"https:\/\/para-mirava.ma\/index.php?rest_route=%2Fwp%2Fv2%2Fmedia&parent=20193"}],"wp:term":[{"taxonomy":"product_brand","embeddable":true,"href":"https:\/\/para-mirava.ma\/index.php?rest_route=%2Fwp%2Fv2%2Fproduct_brand&post=20193"},{"taxonomy":"product_cat","embeddable":true,"href":"https:\/\/para-mirava.ma\/index.php?rest_route=%2Fwp%2Fv2%2Fproduct_cat&post=20193"},{"taxonomy":"product_tag","embeddable":true,"href":"https:\/\/para-mirava.ma\/index.php?rest_route=%2Fwp%2Fv2%2Fproduct_tag&post=20193"}],"curies":[{"name":"wp","href":"https:\/\/api.w.org\/{rel}","templated":true}]}}