{"id":20203,"date":"2026-03-17T17:58:00","date_gmt":"2026-03-17T17:58:00","guid":{"rendered":"https:\/\/para-mirava.ma\/?product=roche-posay-eau-thermale-300ml"},"modified":"2026-03-17T18:59:43","modified_gmt":"2026-03-17T18:59:43","slug":"roche-posay-eau-thermale-300ml","status":"publish","type":"product","link":"https:\/\/para-mirava.ma\/?product=roche-posay-eau-thermale-300ml","title":{"rendered":"ROCHE POSAY EAU THERMALE 300ML"},"content":{"rendered":"<p>Eau Thermale apaisante et adoucissante<\/p>\n<p>Peaux sensibles et\/ou irrit\u00e9es par des facteurs exog\u00e8nes (soleil, traitements dermatologiques, etc&#8230;).<\/p>\n<p>L&#8217;association unique de sels min\u00e9raux et oligo-\u00e9l\u00e9ments, dont le S\u00e9l\u00e9nium, conf\u00e8re \u00e0 l&#8217;eau thermale de La Roche-Posay des propri\u00e9t\u00e9s anti-oxydantes, apaisantes et adoucissante scientifiquement d\u00e9montr\u00e9es.<\/p>\n<p>Charte stricte de formulation pour minimiser les risques d&#8217;intol\u00e9rances. Elle subit en moyenne 1 000 tests par an.<\/p>\n<p>Objectif : s&#8217;assurer de sa qualit\u00e9 tout au long de l&#8217;ann\u00e9e. Elle est d&#8217;une telle puret\u00e9 que les curistes sont encourag\u00e9s \u00e0 la boire \u00e0 la source tout au long de leur s\u00e9jour.<\/p>\n<p>Convient aux adultes et aux b\u00e9b\u00e9s.<\/p>\n<p>EFFICACIT\u00c9<\/p>\n<p>Des propri\u00e9t\u00e9s apaisantes et anti-irritantes cliniquement prouv\u00e9es.<\/p>\n<p>L&#8217;Eau Thermale de La Roche-Posay a fait l&#8217;objet de 9 \u00e9tudes scientifiques exclusives men\u00e9es par le Laboratoire Dermatologique La Roche-Posay :<\/p>\n<p>&#8212; soulage les sensations d&#8217;\u00e9chauffement<\/p>\n<p>&#8212; apaise la peau de toute la famille<\/p>\n<p>&#8212; tonifie la peau apr\u00e8s le nettoyage<\/p>\n<p>&#8212; soulage les irritations et les d\u00e9mangeaisons<\/p>\n<p>&#8212; apaise les rougeurs<\/p>\n<p>&#8212; adoucit la peau<\/p>\n<p>&#8212; prot\u00e8ge la peau des radicaux libres<\/p>\n<p>&#8212; apaise la peau apr\u00e8s des interventions esth\u00e9tiques<\/p>\n<p>Disponible dans votre parapharmacie en ligne www.cotepara.ma<\/p>\n<p>Les micro-goutelettes p\u00e9n\u00e8trent la peau imm\u00e9diatement pour un apaisement intense et imm\u00e9diat.<\/p>\n<p>Apaise les peaux sensibles et irrit\u00e9es par des facteurs exog\u00e8nes (soleil, traitements dermatologiques, etc&#8230;) et contribue \u00e0 pr\u00e9venir le vieillissement cutan\u00e9.<\/p>\n<p>NATURELLEMENT ANTI-OXYDANTE.<\/p>\n","protected":false},"excerpt":{"rendered":"<p>Eau Thermale apaisante et adoucissante Peaux sensibles et\/ou irrit\u00e9es par des facteurs exog\u00e8nes (soleil, traitements dermatologiques, etc&#8230;). L&#8217;association unique de sels min\u00e9raux et oligo-\u00e9l\u00e9ments, dont le S\u00e9l\u00e9nium, conf\u00e8re \u00e0 l&#8217;eau thermale de La Roche-Posay des propri\u00e9t\u00e9s anti-oxydantes, apaisantes et adoucissante scientifiquement d\u00e9montr\u00e9es. Charte stricte de formulation pour minimiser les risques d&#8217;intol\u00e9rances. Elle subit en moyenne [&hellip;]<\/p>\n","protected":false},"featured_media":20202,"template":"","meta":[],"product_brand":[174],"product_cat":[15,133],"product_tag":[],"class_list":{"0":"post-20203","1":"product","2":"type-product","3":"status-publish","4":"has-post-thumbnail","6":"product_brand-la-roche-posay","7":"product_cat-tout","8":"product_cat-la-roche-posay","9":"ts_product_brand-la-roche-posay","11":"first","12":"instock","13":"sale","14":"shipping-taxable","15":"purchasable","16":"product-type-simple"},"_links":{"self":[{"href":"https:\/\/para-mirava.ma\/index.php?rest_route=\/wp\/v2\/product\/20203","targetHints":{"allow":["GET"]}}],"collection":[{"href":"https:\/\/para-mirava.ma\/index.php?rest_route=\/wp\/v2\/product"}],"about":[{"href":"https:\/\/para-mirava.ma\/index.php?rest_route=\/wp\/v2\/types\/product"}],"wp:featuredmedia":[{"embeddable":true,"href":"https:\/\/para-mirava.ma\/index.php?rest_route=\/wp\/v2\/media\/20202"}],"wp:attachment":[{"href":"https:\/\/para-mirava.ma\/index.php?rest_route=%2Fwp%2Fv2%2Fmedia&parent=20203"}],"wp:term":[{"taxonomy":"product_brand","embeddable":true,"href":"https:\/\/para-mirava.ma\/index.php?rest_route=%2Fwp%2Fv2%2Fproduct_brand&post=20203"},{"taxonomy":"product_cat","embeddable":true,"href":"https:\/\/para-mirava.ma\/index.php?rest_route=%2Fwp%2Fv2%2Fproduct_cat&post=20203"},{"taxonomy":"product_tag","embeddable":true,"href":"https:\/\/para-mirava.ma\/index.php?rest_route=%2Fwp%2Fv2%2Fproduct_tag&post=20203"}],"curies":[{"name":"wp","href":"https:\/\/api.w.org\/{rel}","templated":true}]}}