{"id":20205,"date":"2026-03-17T17:58:01","date_gmt":"2026-03-17T17:58:01","guid":{"rendered":"https:\/\/para-mirava.ma\/?product=roche-posay-lipikar-pain-surgras"},"modified":"2026-03-17T18:59:42","modified_gmt":"2026-03-17T18:59:42","slug":"roche-posay-lipikar-pain-surgras","status":"publish","type":"product","link":"https:\/\/para-mirava.ma\/?product=roche-posay-lipikar-pain-surgras","title":{"rendered":"ROCHE POSAY LIPIKAR PAIN SURGRAS"},"content":{"rendered":"<p>Enrichi en lipides, notre savon hydratant LIPIKAR PAIN SURGRAS nettoie les peaux s\u00e8ches en douceur et leur procure les lipides essentiels \u00e0 la pr\u00e9servation de la barri\u00e8re cutan\u00e9e naturelle.<\/p>\n<p>CONSEILS D&#8217;APPLICATION :<br \/>\nAppliquer sur peau mouill\u00e9e. Masser l\u00e9g\u00e8rement. Rincer. S\u00e9cher sans frotter. Disponible dans votre parapharmacie en ligne www.cotepara.ma<br \/>\nSi besoin, poursuivre avec l&#8217;application du LAIT LIPIKAR.<\/p>\n<p>TEXTURE<br \/>\nMousse onctueuse<br \/>\nPain nettoyant moussant<br \/>\nFacile \u00e0 rincer<\/p>\n<p>PRINCIPAUX AVANTAGES<br \/>\nEnrichi en Niacinamide et en concentr\u00e9 relipidant, le PAIN SURGRAS LIPIKAR apaise les sensations de tiraillements et prot\u00e8ge la peau des effets ass\u00e9chants de l&#8217;eau.<\/p>\n<p>L&#8217; EXPERTISE SCIENTIFIQUE<br \/>\nDouche apr\u00e8s douche, la peau est prot\u00e9g\u00e9e des sensations de tiraillements. Elle retrouve son confort et sa douceur naturels au quotidien.<br \/>\nTest\u00e9 sur peaux sensibles<\/p>\n","protected":false},"excerpt":{"rendered":"<p>Enrichi en lipides, notre savon hydratant LIPIKAR PAIN SURGRAS nettoie les peaux s\u00e8ches en douceur et leur procure les lipides essentiels \u00e0 la pr\u00e9servation de la barri\u00e8re cutan\u00e9e naturelle. CONSEILS D&#8217;APPLICATION : Appliquer sur peau mouill\u00e9e. Masser l\u00e9g\u00e8rement. Rincer. S\u00e9cher sans frotter. Disponible dans votre parapharmacie en ligne www.cotepara.ma Si besoin, poursuivre avec l&#8217;application du [&hellip;]<\/p>\n","protected":false},"featured_media":20204,"template":"","meta":[],"product_brand":[174],"product_cat":[15,133],"product_tag":[],"class_list":{"0":"post-20205","1":"product","2":"type-product","3":"status-publish","4":"has-post-thumbnail","6":"product_brand-la-roche-posay","7":"product_cat-tout","8":"product_cat-la-roche-posay","9":"ts_product_brand-la-roche-posay","11":"first","12":"instock","13":"sale","14":"shipping-taxable","15":"purchasable","16":"product-type-simple"},"_links":{"self":[{"href":"https:\/\/para-mirava.ma\/index.php?rest_route=\/wp\/v2\/product\/20205","targetHints":{"allow":["GET"]}}],"collection":[{"href":"https:\/\/para-mirava.ma\/index.php?rest_route=\/wp\/v2\/product"}],"about":[{"href":"https:\/\/para-mirava.ma\/index.php?rest_route=\/wp\/v2\/types\/product"}],"wp:featuredmedia":[{"embeddable":true,"href":"https:\/\/para-mirava.ma\/index.php?rest_route=\/wp\/v2\/media\/20204"}],"wp:attachment":[{"href":"https:\/\/para-mirava.ma\/index.php?rest_route=%2Fwp%2Fv2%2Fmedia&parent=20205"}],"wp:term":[{"taxonomy":"product_brand","embeddable":true,"href":"https:\/\/para-mirava.ma\/index.php?rest_route=%2Fwp%2Fv2%2Fproduct_brand&post=20205"},{"taxonomy":"product_cat","embeddable":true,"href":"https:\/\/para-mirava.ma\/index.php?rest_route=%2Fwp%2Fv2%2Fproduct_cat&post=20205"},{"taxonomy":"product_tag","embeddable":true,"href":"https:\/\/para-mirava.ma\/index.php?rest_route=%2Fwp%2Fv2%2Fproduct_tag&post=20205"}],"curies":[{"name":"wp","href":"https:\/\/api.w.org\/{rel}","templated":true}]}}