{"id":20207,"date":"2026-03-17T17:58:02","date_gmt":"2026-03-17T17:58:02","guid":{"rendered":"https:\/\/para-mirava.ma\/?product=roche-posay-toleriane-dermo-nettoyant-200ml"},"modified":"2026-03-17T18:59:42","modified_gmt":"2026-03-17T18:59:42","slug":"roche-posay-toleriane-dermo-nettoyant-200ml","status":"publish","type":"product","link":"https:\/\/para-mirava.ma\/?product=roche-posay-toleriane-dermo-nettoyant-200ml","title":{"rendered":"ROCHE POSAY TOLERIANE DERMO NETTOYANT 200ML"},"content":{"rendered":"<p>Lait d\u00e9maquillant et Fluide nettoyant<\/p>\n<p>\u00c9LU MEILLEUR D\u00c9MAQUILLANT<br \/>\nPar 60 millions de consommateurs.<\/p>\n<p>Probl\u00e8mes cibl\u00e9s :<br \/>\nDermo-nettoyant<br \/>\nLait d\u00e9maquillant<br \/>\nIrritations<\/p>\n<p>Disponible dans votre parapharmacie en ligne www.cotepara.ma<\/p>\n<p>Type de peau :<br \/>\nPeaux sensibles<br \/>\nIntol\u00e9rantes \u00e0 tendance s\u00e8che<\/p>\n<p>\u00c2ge :<br \/>\nA partir de 3 ans<\/p>\n<p>B\u00c9N\u00c9FICES<br \/>\nLait d\u00e9maquillant visage et yeux formul\u00e9 \u00e0 partir de 8 ingr\u00e9dients seulement pour nettoyer et d\u00e9maquiller les peaux sensibles \u00e0 intol\u00e9rantes en douceur et sans risques d&#8217;irritations. Formule minimaliste enrichie en Eau Thermale de La Roche-Posay, naturellement apaisante et en Glyc\u00e9rine hydratante.<\/p>\n<p>INDICATION<br \/>\nD\u00e9velopp\u00e9 pour les peaux sensibles, r\u00e9actives, intol\u00e9rantes \u00e0 allergiques \u00e0 tendance s\u00e8che.<\/p>\n","protected":false},"excerpt":{"rendered":"<p>Lait d\u00e9maquillant et Fluide nettoyant \u00c9LU MEILLEUR D\u00c9MAQUILLANT Par 60 millions de consommateurs. Probl\u00e8mes cibl\u00e9s : Dermo-nettoyant Lait d\u00e9maquillant Irritations Disponible dans votre parapharmacie en ligne www.cotepara.ma Type de peau : Peaux sensibles Intol\u00e9rantes \u00e0 tendance s\u00e8che \u00c2ge : A partir de 3 ans B\u00c9N\u00c9FICES Lait d\u00e9maquillant visage et yeux formul\u00e9 \u00e0 partir de 8 [&hellip;]<\/p>\n","protected":false},"featured_media":20206,"template":"","meta":[],"product_brand":[174],"product_cat":[15,133],"product_tag":[],"class_list":{"0":"post-20207","1":"product","2":"type-product","3":"status-publish","4":"has-post-thumbnail","6":"product_brand-la-roche-posay","7":"product_cat-tout","8":"product_cat-la-roche-posay","9":"ts_product_brand-la-roche-posay","11":"first","12":"instock","13":"sale","14":"shipping-taxable","15":"purchasable","16":"product-type-simple"},"_links":{"self":[{"href":"https:\/\/para-mirava.ma\/index.php?rest_route=\/wp\/v2\/product\/20207","targetHints":{"allow":["GET"]}}],"collection":[{"href":"https:\/\/para-mirava.ma\/index.php?rest_route=\/wp\/v2\/product"}],"about":[{"href":"https:\/\/para-mirava.ma\/index.php?rest_route=\/wp\/v2\/types\/product"}],"wp:featuredmedia":[{"embeddable":true,"href":"https:\/\/para-mirava.ma\/index.php?rest_route=\/wp\/v2\/media\/20206"}],"wp:attachment":[{"href":"https:\/\/para-mirava.ma\/index.php?rest_route=%2Fwp%2Fv2%2Fmedia&parent=20207"}],"wp:term":[{"taxonomy":"product_brand","embeddable":true,"href":"https:\/\/para-mirava.ma\/index.php?rest_route=%2Fwp%2Fv2%2Fproduct_brand&post=20207"},{"taxonomy":"product_cat","embeddable":true,"href":"https:\/\/para-mirava.ma\/index.php?rest_route=%2Fwp%2Fv2%2Fproduct_cat&post=20207"},{"taxonomy":"product_tag","embeddable":true,"href":"https:\/\/para-mirava.ma\/index.php?rest_route=%2Fwp%2Fv2%2Fproduct_tag&post=20207"}],"curies":[{"name":"wp","href":"https:\/\/api.w.org\/{rel}","templated":true}]}}