{"id":20211,"date":"2026-03-17T17:58:04","date_gmt":"2026-03-17T17:58:04","guid":{"rendered":"https:\/\/para-mirava.ma\/?product=roche-posay-effaclar-gel-400-ml-recharge"},"modified":"2026-03-17T18:59:42","modified_gmt":"2026-03-17T18:59:42","slug":"roche-posay-effaclar-gel-400-ml-recharge","status":"publish","type":"product","link":"https:\/\/para-mirava.ma\/?product=roche-posay-effaclar-gel-400-ml-recharge","title":{"rendered":"ROCHE POSAY EFFACLAR GEL 400 ML (RECHARGE)"},"content":{"rendered":"<p>Adapt\u00e9 aux peaux grasses, \u00e0 imperfections et \u00e0 tendance acn\u00e9ique.<\/p>\n<p>Le Gel Moussant nettoyant visage EFFACLAR purifie la peau en douceur et \u00e9limine les impuret\u00e9s et l&#8217;exc\u00e8s de s\u00e9bum gr\u00e2ce \u00e0 des agents nettoyant s\u00e9lectionn\u00e9s pour respecter les peaux sensibles. Sa formule associ\u00e9e \u00e0 l&#8217;Eau Thermale de La Roche-Posay apaisante limite les risques d&#8217;irritations.<\/p>\n<p>La peau est nettoy\u00e9e et purifi\u00e9e en douceur, les imperfections et points noirs sont r\u00e9duits.<\/p>\n<p>Efficacit\u00e9 cliniquement prouv\u00e9e sur 3000 personnes.<\/p>\n<p>pH physiologique &#8212; Sans savon &#8212; Sans alcool &#8212; Sans colorant &#8212; Sans paraben.<\/p>\n<p>Disponible dans votre parapharmacie en ligne www.cotepara.ma<\/p>\n","protected":false},"excerpt":{"rendered":"<p>Adapt\u00e9 aux peaux grasses, \u00e0 imperfections et \u00e0 tendance acn\u00e9ique. Le Gel Moussant nettoyant visage EFFACLAR purifie la peau en douceur et \u00e9limine les impuret\u00e9s et l&#8217;exc\u00e8s de s\u00e9bum gr\u00e2ce \u00e0 des agents nettoyant s\u00e9lectionn\u00e9s pour respecter les peaux sensibles. Sa formule associ\u00e9e \u00e0 l&#8217;Eau Thermale de La Roche-Posay apaisante limite les risques d&#8217;irritations. La [&hellip;]<\/p>\n","protected":false},"featured_media":20210,"template":"","meta":[],"product_brand":[174],"product_cat":[15,133],"product_tag":[],"class_list":{"0":"post-20211","1":"product","2":"type-product","3":"status-publish","4":"has-post-thumbnail","6":"product_brand-la-roche-posay","7":"product_cat-tout","8":"product_cat-la-roche-posay","9":"ts_product_brand-la-roche-posay","11":"first","12":"instock","13":"sale","14":"shipping-taxable","15":"purchasable","16":"product-type-simple"},"_links":{"self":[{"href":"https:\/\/para-mirava.ma\/index.php?rest_route=\/wp\/v2\/product\/20211","targetHints":{"allow":["GET"]}}],"collection":[{"href":"https:\/\/para-mirava.ma\/index.php?rest_route=\/wp\/v2\/product"}],"about":[{"href":"https:\/\/para-mirava.ma\/index.php?rest_route=\/wp\/v2\/types\/product"}],"wp:featuredmedia":[{"embeddable":true,"href":"https:\/\/para-mirava.ma\/index.php?rest_route=\/wp\/v2\/media\/20210"}],"wp:attachment":[{"href":"https:\/\/para-mirava.ma\/index.php?rest_route=%2Fwp%2Fv2%2Fmedia&parent=20211"}],"wp:term":[{"taxonomy":"product_brand","embeddable":true,"href":"https:\/\/para-mirava.ma\/index.php?rest_route=%2Fwp%2Fv2%2Fproduct_brand&post=20211"},{"taxonomy":"product_cat","embeddable":true,"href":"https:\/\/para-mirava.ma\/index.php?rest_route=%2Fwp%2Fv2%2Fproduct_cat&post=20211"},{"taxonomy":"product_tag","embeddable":true,"href":"https:\/\/para-mirava.ma\/index.php?rest_route=%2Fwp%2Fv2%2Fproduct_tag&post=20211"}],"curies":[{"name":"wp","href":"https:\/\/api.w.org\/{rel}","templated":true}]}}