{"id":20213,"date":"2026-03-17T17:58:05","date_gmt":"2026-03-17T17:58:05","guid":{"rendered":"https:\/\/para-mirava.ma\/?product=roche-posay-anthelios-post-uv-baume-dexposition-200ml"},"modified":"2026-03-17T18:59:42","modified_gmt":"2026-03-17T18:59:42","slug":"roche-posay-anthelios-post-uv-baume-dexposition-200ml","status":"publish","type":"product","link":"https:\/\/para-mirava.ma\/?product=roche-posay-anthelios-post-uv-baume-dexposition-200ml","title":{"rendered":"ROCHE POSAY ANTHELIOS POST-UV BAUME D&#8217;EXPOSITION 200ML"},"content":{"rendered":"<p>La Roche-Posay Anthelios Post-UV Exposure Lait Apr\u00e8s-Soleil est un soin triple-action r\u00e9parateur.<\/p>\n<p>Il est formul\u00e9 avec du Panthenol, de la Glyc\u00e9rine de l&#8217;eau thermale de La Roche-Posay pour apaiser les sensations d&#8217;\u00e9chauffement, r\u00e9parer la peau s\u00e8che expos\u00e9e au soleil et renforcer la barri\u00e8re de protection de la peau.<\/p>\n<p>Disponible dans votre parapharmacie en ligne www.cotepara.ma<\/p>\n<p>Sa texture lact\u00e9e est facile d&#8217;application avec une sensation d&#8217;apaisement imm\u00e9diat. Pour le visage et le corps. Son tube \u00e9co-con\u00e7u est fait de 60% de carton recycl\u00e9. Aussi, sa formule hypoallerg\u00e9nique a \u00e9t\u00e9 test\u00e9e sous contr\u00f4le dermatologique.<\/p>\n","protected":false},"excerpt":{"rendered":"<p>La Roche-Posay Anthelios Post-UV Exposure Lait Apr\u00e8s-Soleil est un soin triple-action r\u00e9parateur. Il est formul\u00e9 avec du Panthenol, de la Glyc\u00e9rine de l&#8217;eau thermale de La Roche-Posay pour apaiser les sensations d&#8217;\u00e9chauffement, r\u00e9parer la peau s\u00e8che expos\u00e9e au soleil et renforcer la barri\u00e8re de protection de la peau. Disponible dans votre parapharmacie en ligne www.cotepara.ma [&hellip;]<\/p>\n","protected":false},"featured_media":20212,"template":"","meta":[],"product_brand":[174],"product_cat":[15,133],"product_tag":[],"class_list":{"0":"post-20213","1":"product","2":"type-product","3":"status-publish","4":"has-post-thumbnail","6":"product_brand-la-roche-posay","7":"product_cat-tout","8":"product_cat-la-roche-posay","9":"ts_product_brand-la-roche-posay","11":"first","12":"instock","13":"sale","14":"shipping-taxable","15":"purchasable","16":"product-type-simple"},"_links":{"self":[{"href":"https:\/\/para-mirava.ma\/index.php?rest_route=\/wp\/v2\/product\/20213","targetHints":{"allow":["GET"]}}],"collection":[{"href":"https:\/\/para-mirava.ma\/index.php?rest_route=\/wp\/v2\/product"}],"about":[{"href":"https:\/\/para-mirava.ma\/index.php?rest_route=\/wp\/v2\/types\/product"}],"wp:featuredmedia":[{"embeddable":true,"href":"https:\/\/para-mirava.ma\/index.php?rest_route=\/wp\/v2\/media\/20212"}],"wp:attachment":[{"href":"https:\/\/para-mirava.ma\/index.php?rest_route=%2Fwp%2Fv2%2Fmedia&parent=20213"}],"wp:term":[{"taxonomy":"product_brand","embeddable":true,"href":"https:\/\/para-mirava.ma\/index.php?rest_route=%2Fwp%2Fv2%2Fproduct_brand&post=20213"},{"taxonomy":"product_cat","embeddable":true,"href":"https:\/\/para-mirava.ma\/index.php?rest_route=%2Fwp%2Fv2%2Fproduct_cat&post=20213"},{"taxonomy":"product_tag","embeddable":true,"href":"https:\/\/para-mirava.ma\/index.php?rest_route=%2Fwp%2Fv2%2Fproduct_tag&post=20213"}],"curies":[{"name":"wp","href":"https:\/\/api.w.org\/{rel}","templated":true}]}}