{"id":20219,"date":"2026-03-17T17:58:07","date_gmt":"2026-03-17T17:58:07","guid":{"rendered":"https:\/\/para-mirava.ma\/?product=roche-posay-anthelios-uvm-dermo-pediatrics-lait-hydratant-spf50-250ml"},"modified":"2026-03-17T18:59:41","modified_gmt":"2026-03-17T18:59:41","slug":"roche-posay-anthelios-uvm-dermo-pediatrics-lait-hydratant-spf50-250ml","status":"publish","type":"product","link":"https:\/\/para-mirava.ma\/?product=roche-posay-anthelios-uvm-dermo-pediatrics-lait-hydratant-spf50-250ml","title":{"rendered":"ROCHE POSAY ANTHELIOS UVM DERMO-PEDIATRICS LAIT HYDRATANT SPF50+ 250ML"},"content":{"rendered":"<p>Le Lait Solaire Anthelios UVMUNE 400 Dermo-Pediatrics SPF50+ de La Roche-Posay offre une tr\u00e8s haute protection \u00e0 large spectre contre les UVA\/UVB &#038; UVA ultra-longs.<\/p>\n<p>Sa formule est tr\u00e8s r\u00e9sistante \u00e0 l&#8217;eau, \u00e0 la transpiration et au frottement du sable.<\/p>\n<p>Formul\u00e9e pour la peau sensible de l&#8217;enfant et les peaux sujettes aux intol\u00e9rances solaires.<\/p>\n<p>Son efficacit\u00e9 est cliniquement prouv\u00e9e, sa formule test\u00e9e sous contr\u00f4le dermatologique et p\u00e9diatrique :<\/p>\n<p>&#8212; Prot\u00e8ge des dommages cellulaires profonds gr\u00e2ce au meilleur filtre UV La Roche-Posay : Mexoryl 400. Le filtre le plus efficace contre les UV les plus insidieux [380-400NM] UVA ultra-longs : Ils sont imperceptibles et dommageables, repr\u00e9sentent 30% des rayons UV impactant notre peau toute l&#8217;ann\u00e9e.<\/p>\n<p>Disponible dans votre parapharmacie en ligne www.cotepara.ma<\/p>\n","protected":false},"excerpt":{"rendered":"<p>Le Lait Solaire Anthelios UVMUNE 400 Dermo-Pediatrics SPF50+ de La Roche-Posay offre une tr\u00e8s haute protection \u00e0 large spectre contre les UVA\/UVB &#038; UVA ultra-longs. Sa formule est tr\u00e8s r\u00e9sistante \u00e0 l&#8217;eau, \u00e0 la transpiration et au frottement du sable. Formul\u00e9e pour la peau sensible de l&#8217;enfant et les peaux sujettes aux intol\u00e9rances solaires. Son [&hellip;]<\/p>\n","protected":false},"featured_media":20218,"template":"","meta":[],"product_brand":[174],"product_cat":[15,133],"product_tag":[],"class_list":{"0":"post-20219","1":"product","2":"type-product","3":"status-publish","4":"has-post-thumbnail","6":"product_brand-la-roche-posay","7":"product_cat-tout","8":"product_cat-la-roche-posay","9":"ts_product_brand-la-roche-posay","11":"first","12":"instock","13":"sale","14":"shipping-taxable","15":"purchasable","16":"product-type-simple"},"_links":{"self":[{"href":"https:\/\/para-mirava.ma\/index.php?rest_route=\/wp\/v2\/product\/20219","targetHints":{"allow":["GET"]}}],"collection":[{"href":"https:\/\/para-mirava.ma\/index.php?rest_route=\/wp\/v2\/product"}],"about":[{"href":"https:\/\/para-mirava.ma\/index.php?rest_route=\/wp\/v2\/types\/product"}],"wp:featuredmedia":[{"embeddable":true,"href":"https:\/\/para-mirava.ma\/index.php?rest_route=\/wp\/v2\/media\/20218"}],"wp:attachment":[{"href":"https:\/\/para-mirava.ma\/index.php?rest_route=%2Fwp%2Fv2%2Fmedia&parent=20219"}],"wp:term":[{"taxonomy":"product_brand","embeddable":true,"href":"https:\/\/para-mirava.ma\/index.php?rest_route=%2Fwp%2Fv2%2Fproduct_brand&post=20219"},{"taxonomy":"product_cat","embeddable":true,"href":"https:\/\/para-mirava.ma\/index.php?rest_route=%2Fwp%2Fv2%2Fproduct_cat&post=20219"},{"taxonomy":"product_tag","embeddable":true,"href":"https:\/\/para-mirava.ma\/index.php?rest_route=%2Fwp%2Fv2%2Fproduct_tag&post=20219"}],"curies":[{"name":"wp","href":"https:\/\/api.w.org\/{rel}","templated":true}]}}